{"id":17612,"date":"2026-02-09T13:41:54","date_gmt":"2026-02-09T12:41:54","guid":{"rendered":"https:\/\/odiengroup.com\/?page_id=17612"},"modified":"2026-02-10T10:37:56","modified_gmt":"2026-02-10T09:37:56","slug":"kastela","status":"publish","type":"page","link":"https:\/\/odiengroup.com\/cs\/kastela\/","title":{"rendered":"Ka\u0161tela &#8211; Pr\u00e9miov\u00fd rezort v Dalm\u00e1cii"},"content":{"rendered":"<p>[vc_row css_animation=&#8220;&#8220; row_type=&#8220;row&#8220; use_row_as_full_screen_section=&#8220;no&#8220; type=&#8220;full_width&#8220; angled_section=&#8220;no&#8220; text_align=&#8220;left&#8220; background_image_as_pattern=&#8220;without_pattern&#8220;][vc_column width=&#8220;1\/6&#8243;][\/vc_column][vc_column width=&#8220;2\/3&#8243;][vc_column_text]V\u00fdstavba hotelov\u00e9ho projektu<\/p>\n<p>Ka\u0161tela, Chorvatsko<\/p>\n<p>&nbsp;<\/p>\n<p>Skupina Odien p\u0159ipravuje v\u00fdznamn\u00fd hotelov\u00fd projekt v\u00a0chorvatsk\u00e9m m\u011bst\u011b Ka\u0161tela, kter\u00fd p\u0159edstavuje dal\u0161\u00ed kl\u00ed\u010dovou investici skupiny v oblasti Jadranu. V lokalit\u011b Ka\u0161tel Stari vznikne na m\u00edst\u011b b\u00fdval\u00e9ho p\u0159\u00edmo\u0159sk\u00e9ho rekrea\u010dn\u00edho are\u00e1lu Zeni\u010dko luxusn\u00ed hotel, prvn\u00ed sv\u00e9ho druhu ve m\u011bst\u011b Ka\u0161tela.<\/p>\n<p>Dokon\u010den\u00ed projektu je pl\u00e1nov\u00e1no na konec roku 2028. Hotel nab\u00eddne p\u0159ibli\u017en\u011b 150 pokoj\u016f, n\u011bkolik baz\u00e9n\u016f, wellness centrum, konferen\u010dn\u00ed prostory a celoro\u010dn\u00ed provoz. Projekt propojuje modern\u00ed standardy hotelov\u00e9ho provozu s autentick\u00fdm st\u0159edomo\u0159sk\u00fdm charakterem lokality, v\u010detn\u011b v\u00fdhled\u016f na mo\u0159e a vyu\u017eit\u00ed sou\u010dasn\u00fdch technologick\u00fdch \u0159e\u0161en\u00ed.<\/p>\n<p>C\u00edlem projektu Ka\u0161tela je podpo\u0159it dlouhodob\u00fd rozvoj cestovn\u00edho ruchu, p\u0159isp\u011bt k ekonomick\u00e9mu r\u016fstu regionu a p\u0159irozen\u011b se za\u010dlenit do m\u00edstn\u00ed komunity. V souladu s investi\u010dn\u00ed filozofi\u00ed skupiny Odien je projekt zam\u011b\u0159en na udr\u017eitelnou tvorbu hodnoty prost\u0159ednictv\u00edm kvalitn\u00edho n\u00e1vrhu, aktivn\u00ed spr\u00e1vy nemovitosti a \u00fazk\u00e9 spolupr\u00e1ce s m\u00edstn\u00edmi partnery a komunitou.[\/vc_column_text][\/vc_column][vc_column width=&#8220;1\/6&#8243;][\/vc_column][\/vc_row][vc_row css_animation=&#8220;&#8220; row_type=&#8220;row&#8220; use_row_as_full_screen_section=&#8220;no&#8220; type=&#8220;full_width&#8220; angled_section=&#8220;no&#8220; text_align=&#8220;left&#8220; background_image_as_pattern=&#8220;without_pattern&#8220;][vc_column][vc_empty_space][\/vc_column][\/vc_row][vc_row css_animation=&#8220;&#8220; row_type=&#8220;row&#8220; use_row_as_full_screen_section=&#8220;no&#8220; type=&#8220;full_width&#8220; angled_section=&#8220;no&#8220; text_align=&#8220;left&#8220; background_image_as_pattern=&#8220;without_pattern&#8220;][vc_column][vc_gallery type=&#8220;image_grid&#8220; images=&#8220;17608,17606,17604&#8243; img_size=&#8220;large&#8220; onclick=&#8220;&#8220; column_number=&#8220;2&#8243; grayscale=&#8220;no&#8220; images_space=&#8220;gallery_with_space&#8220; title=&#8220;Ka\u0161tela Pr\u00e9miov\u00fd rezort v Dalm\u00e1cii vizualizace a foto&#8220;][\/vc_column][\/vc_row]<\/p>\n","protected":false},"excerpt":{"rendered":"<p>[vc_row css_animation=&#8220;&#8220; row_type=&#8220;row&#8220; use_row_as_full_screen_section=&#8220;no&#8220; type=&#8220;full_width&#8220; angled_section=&#8220;no&#8220; text_align=&#8220;left&#8220; background_image_as_pattern=&#8220;without_pattern&#8220;][vc_column width=&#8220;1\/6&#8243;][\/vc_column][vc_column width=&#8220;2\/3&#8243;][vc_column_text]V\u00fdstavba hotelov\u00e9ho projektu Ka\u0161tela, Chorvatsko &nbsp; Skupina Odien p\u0159ipravuje v\u00fdznamn\u00fd hotelov\u00fd projekt v\u00a0chorvatsk\u00e9m m\u011bst\u011b Ka\u0161tela, kter\u00fd p\u0159edstavuje dal\u0161\u00ed kl\u00ed\u010dovou investici skupiny v oblasti Jadranu. V lokalit\u011b Ka\u0161tel Stari vznikne na m\u00edst\u011b b\u00fdval\u00e9ho p\u0159\u00edmo\u0159sk\u00e9ho rekrea\u010dn\u00edho are\u00e1lu Zeni\u010dko&#8230;<\/p>\n","protected":false},"author":9,"featured_media":0,"parent":0,"menu_order":0,"comment_status":"closed","ping_status":"closed","template":"","meta":{"footnotes":""},"class_list":["post-17612","page","type-page","status-publish","hentry"],"_links":{"self":[{"href":"https:\/\/odiengroup.com\/cs\/wp-json\/wp\/v2\/pages\/17612","targetHints":{"allow":["GET"]}}],"collection":[{"href":"https:\/\/odiengroup.com\/cs\/wp-json\/wp\/v2\/pages"}],"about":[{"href":"https:\/\/odiengroup.com\/cs\/wp-json\/wp\/v2\/types\/page"}],"author":[{"embeddable":true,"href":"https:\/\/odiengroup.com\/cs\/wp-json\/wp\/v2\/users\/9"}],"replies":[{"embeddable":true,"href":"https:\/\/odiengroup.com\/cs\/wp-json\/wp\/v2\/comments?post=17612"}],"version-history":[{"count":4,"href":"https:\/\/odiengroup.com\/cs\/wp-json\/wp\/v2\/pages\/17612\/revisions"}],"predecessor-version":[{"id":17636,"href":"https:\/\/odiengroup.com\/cs\/wp-json\/wp\/v2\/pages\/17612\/revisions\/17636"}],"wp:attachment":[{"href":"https:\/\/odiengroup.com\/cs\/wp-json\/wp\/v2\/media?parent=17612"}],"curies":[{"name":"wp","href":"https:\/\/api.w.org\/{rel}","templated":true}]}}