{"id":17449,"date":"2025-12-01T14:12:01","date_gmt":"2025-12-01T13:12:01","guid":{"rendered":"https:\/\/odiengroup.com\/?page_id=17449"},"modified":"2025-12-01T20:32:00","modified_gmt":"2025-12-01T19:32:00","slug":"michael-medvecky","status":"publish","type":"page","link":"https:\/\/odiengroup.com\/cs\/team\/michael-medvecky\/","title":{"rendered":"Michael Medveck\u00fd"},"content":{"rendered":"<p>[vc_row css_animation=&#8220;&#8220; row_type=&#8220;row&#8220; use_row_as_full_screen_section=&#8220;no&#8220; type=&#8220;full_width&#8220; angled_section=&#8220;no&#8220; text_align=&#8220;left&#8220; background_image_as_pattern=&#8220;without_pattern&#8220;][vc_column width=&#8220;1\/6&#8243;][\/vc_column][vc_column width=&#8220;1\/6&#8243;][vc_single_image image=&#8220;17515&#8243; img_size=&#8220;medium&#8220; qode_css_animation=&#8220;&#8220;][\/vc_column][vc_column width=&#8220;1\/2&#8243;][vc_column_text]<\/p>\n<h2><strong>Michael Medveck\u00fd, vedouc\u00ed tren\u00e9r Blue Orange Fitness<\/strong><\/h2>\n<p>Michael zah\u00e1jil svou sportovn\u00ed kari\u00e9ru jako profesion\u00e1ln\u00ed basketbalista, kter\u00fd se sv\u00fdm t\u00fdmem dos\u00e1hl na 3. m\u00edsto v NBL. Dnes p\u016fsob\u00ed jako sportovn\u00ed mana\u017eer a kou\u010d a z\u00faro\u010duje v\u00edce ne\u017e deset let zku\u0161enost\u00ed v oblasti kondi\u010dn\u00ed p\u0159\u00edpravy a fitness. V Blue Orange Resort Michael vede t\u00fdm fitness tren\u00e9r\u016f, s\u00e1m se p\u0159i tom specializuje na silov\u00fd a funk\u010dn\u00ed tr\u00e9nink a kruhov\u00e9 lekce. Kombinuje individu\u00e1ln\u00ed i skupinov\u00fd p\u0159\u00edstup a sv\u00e9 klienty p\u0159irozen\u011b motivuje\u00a0k dosahov\u00e1n\u00ed jejich c\u00edl\u016f. D\u016fraz p\u0159i tom klade na spr\u00e1vnou techniku, zdrav\u00fd \u017eivotn\u00ed styl a dlouhodob\u011b udr\u017eiteln\u00e9 v\u00fdsledky.<\/p>\n<p>S\u00e1m pokra\u010duje v aktivn\u00edm sportov\u00e1n\u00ed a svou v\u00e1\u0161n\u00ed pro pohyb a smyslem pro discipl\u00ednu jde sv\u00e9mu okol\u00ed i klient\u016fm p\u0159\u00edkladem.[\/vc_column_text][\/vc_column][vc_column width=&#8220;1\/6&#8243;][\/vc_column][\/vc_row]<\/p>\n","protected":false},"excerpt":{"rendered":"<p>[vc_row css_animation=&#8220;&#8220; row_type=&#8220;row&#8220; use_row_as_full_screen_section=&#8220;no&#8220; type=&#8220;full_width&#8220; angled_section=&#8220;no&#8220; text_align=&#8220;left&#8220; background_image_as_pattern=&#8220;without_pattern&#8220;][vc_column width=&#8220;1\/6&#8243;][\/vc_column][vc_column width=&#8220;1\/6&#8243;][vc_single_image image=&#8220;17515&#8243; img_size=&#8220;medium&#8220; qode_css_animation=&#8220;&#8220;][\/vc_column][vc_column width=&#8220;1\/2&#8243;][vc_column_text] Michael Medveck\u00fd, vedouc\u00ed tren\u00e9r Blue Orange Fitness Michael zah\u00e1jil svou sportovn\u00ed kari\u00e9ru jako profesion\u00e1ln\u00ed basketbalista, kter\u00fd se sv\u00fdm t\u00fdmem dos\u00e1hl na 3. m\u00edsto v NBL. Dnes p\u016fsob\u00ed jako sportovn\u00ed mana\u017eer a&#8230;<\/p>\n","protected":false},"author":9,"featured_media":0,"parent":15637,"menu_order":0,"comment_status":"closed","ping_status":"closed","template":"","meta":{"footnotes":""},"class_list":["post-17449","page","type-page","status-publish","hentry"],"_links":{"self":[{"href":"https:\/\/odiengroup.com\/cs\/wp-json\/wp\/v2\/pages\/17449","targetHints":{"allow":["GET"]}}],"collection":[{"href":"https:\/\/odiengroup.com\/cs\/wp-json\/wp\/v2\/pages"}],"about":[{"href":"https:\/\/odiengroup.com\/cs\/wp-json\/wp\/v2\/types\/page"}],"author":[{"embeddable":true,"href":"https:\/\/odiengroup.com\/cs\/wp-json\/wp\/v2\/users\/9"}],"replies":[{"embeddable":true,"href":"https:\/\/odiengroup.com\/cs\/wp-json\/wp\/v2\/comments?post=17449"}],"version-history":[{"count":3,"href":"https:\/\/odiengroup.com\/cs\/wp-json\/wp\/v2\/pages\/17449\/revisions"}],"predecessor-version":[{"id":17559,"href":"https:\/\/odiengroup.com\/cs\/wp-json\/wp\/v2\/pages\/17449\/revisions\/17559"}],"up":[{"embeddable":true,"href":"https:\/\/odiengroup.com\/cs\/wp-json\/wp\/v2\/pages\/15637"}],"wp:attachment":[{"href":"https:\/\/odiengroup.com\/cs\/wp-json\/wp\/v2\/media?parent=17449"}],"curies":[{"name":"wp","href":"https:\/\/api.w.org\/{rel}","templated":true}]}}