{"id":17442,"date":"2025-12-01T14:04:50","date_gmt":"2025-12-01T13:04:50","guid":{"rendered":"https:\/\/odiengroup.com\/?page_id=17442"},"modified":"2025-12-01T20:29:15","modified_gmt":"2025-12-01T19:29:15","slug":"martin-akrman","status":"publish","type":"page","link":"https:\/\/odiengroup.com\/cs\/team\/martin-akrman\/","title":{"rendered":"Martin Akrman"},"content":{"rendered":"<p>[vc_row css_animation=&#8220;&#8220; row_type=&#8220;row&#8220; use_row_as_full_screen_section=&#8220;no&#8220; type=&#8220;full_width&#8220; angled_section=&#8220;no&#8220; text_align=&#8220;left&#8220; background_image_as_pattern=&#8220;without_pattern&#8220;][vc_column width=&#8220;1\/6&#8243;][\/vc_column][vc_column width=&#8220;1\/6&#8243;][vc_single_image image=&#8220;17551&#8243; img_size=&#8220;medium&#8220; qode_css_animation=&#8220;&#8220;][\/vc_column][vc_column width=&#8220;1\/2&#8243;][vc_column_text]<\/p>\n<h2><strong>Martin Akrman, Operations Manager, Blue Orange Resort<\/strong><\/h2>\n<p>Martin je zku\u0161en\u00fdm odborn\u00edkem v oblasti gastronomie a hotelnictv\u00ed. V Blue Orange Resort zodpov\u00edd\u00e1 za hladk\u00fd chod cel\u00e9ho provozu, v\u010detn\u011b gastronomie (F&amp;B), \u00fadr\u017eby a \u00faklidov\u00fdch slu\u017eeb.<\/p>\n<p>V oboru se pohybuje \u0159adu let a spojuje d\u016fraz na precizn\u00ed organizaci, profesion\u00e1ln\u00ed p\u0159\u00edstup a t\u00fdmovou spolupr\u00e1ci. D\u0159\u00edve p\u016fsobil jako mana\u017eer v p\u0159edn\u00edch pra\u017esk\u00fdch hotelech a restaurac\u00edch, kde z\u00edskal bohat\u00e9 zku\u0161enosti s pl\u00e1nov\u00e1n\u00edm a organizac\u00ed event\u016f i cateringem.<\/p>\n<p>[\/vc_column_text][\/vc_column][vc_column width=&#8220;1\/6&#8243;][\/vc_column][\/vc_row]<\/p>\n","protected":false},"excerpt":{"rendered":"<p>[vc_row css_animation=&#8220;&#8220; row_type=&#8220;row&#8220; use_row_as_full_screen_section=&#8220;no&#8220; type=&#8220;full_width&#8220; angled_section=&#8220;no&#8220; text_align=&#8220;left&#8220; background_image_as_pattern=&#8220;without_pattern&#8220;][vc_column width=&#8220;1\/6&#8243;][\/vc_column][vc_column width=&#8220;1\/6&#8243;][vc_single_image image=&#8220;17551&#8243; img_size=&#8220;medium&#8220; qode_css_animation=&#8220;&#8220;][\/vc_column][vc_column width=&#8220;1\/2&#8243;][vc_column_text] Martin Akrman, Operations Manager, Blue Orange Resort Martin je zku\u0161en\u00fdm odborn\u00edkem v oblasti gastronomie a hotelnictv\u00ed. V Blue Orange Resort zodpov\u00edd\u00e1 za hladk\u00fd chod cel\u00e9ho provozu, v\u010detn\u011b gastronomie (F&amp;B), \u00fadr\u017eby a&#8230;<\/p>\n","protected":false},"author":9,"featured_media":0,"parent":15637,"menu_order":0,"comment_status":"closed","ping_status":"closed","template":"","meta":{"footnotes":""},"class_list":["post-17442","page","type-page","status-publish","hentry"],"_links":{"self":[{"href":"https:\/\/odiengroup.com\/cs\/wp-json\/wp\/v2\/pages\/17442","targetHints":{"allow":["GET"]}}],"collection":[{"href":"https:\/\/odiengroup.com\/cs\/wp-json\/wp\/v2\/pages"}],"about":[{"href":"https:\/\/odiengroup.com\/cs\/wp-json\/wp\/v2\/types\/page"}],"author":[{"embeddable":true,"href":"https:\/\/odiengroup.com\/cs\/wp-json\/wp\/v2\/users\/9"}],"replies":[{"embeddable":true,"href":"https:\/\/odiengroup.com\/cs\/wp-json\/wp\/v2\/comments?post=17442"}],"version-history":[{"count":2,"href":"https:\/\/odiengroup.com\/cs\/wp-json\/wp\/v2\/pages\/17442\/revisions"}],"predecessor-version":[{"id":17554,"href":"https:\/\/odiengroup.com\/cs\/wp-json\/wp\/v2\/pages\/17442\/revisions\/17554"}],"up":[{"embeddable":true,"href":"https:\/\/odiengroup.com\/cs\/wp-json\/wp\/v2\/pages\/15637"}],"wp:attachment":[{"href":"https:\/\/odiengroup.com\/cs\/wp-json\/wp\/v2\/media?parent=17442"}],"curies":[{"name":"wp","href":"https:\/\/api.w.org\/{rel}","templated":true}]}}