{"id":17438,"date":"2025-12-01T14:00:26","date_gmt":"2025-12-01T13:00:26","guid":{"rendered":"https:\/\/odiengroup.com\/?page_id=17438"},"modified":"2025-12-01T20:25:49","modified_gmt":"2025-12-01T19:25:49","slug":"gabriela-pavlistova","status":"publish","type":"page","link":"https:\/\/odiengroup.com\/cs\/team\/gabriela-pavlistova\/","title":{"rendered":"Gabriela Pavli\u0161tov\u00e1"},"content":{"rendered":"<p>[vc_row css_animation=&#8220;&#8220; row_type=&#8220;row&#8220; use_row_as_full_screen_section=&#8220;no&#8220; type=&#8220;full_width&#8220; angled_section=&#8220;no&#8220; text_align=&#8220;left&#8220; background_image_as_pattern=&#8220;without_pattern&#8220;][vc_column width=&#8220;1\/6&#8243;][\/vc_column][vc_column width=&#8220;1\/6&#8243;][vc_single_image image=&#8220;17545&#8243; img_size=&#8220;medium&#8220; qode_css_animation=&#8220;&#8220;][\/vc_column][vc_column width=&#8220;1\/2&#8243;][vc_column_text]<\/p>\n<h2><strong>Gabriela Pavli\u0161tov\u00e1, \u0159editelka Blue Orange Resort<\/strong><\/h2>\n<p>Gabriela propojuje strategick\u00e9 my\u0161len\u00ed s v\u00e1\u0161n\u00ed pro hotelnictv\u00ed a vytv\u00e1\u0159en\u00ed v\u00fdjime\u010dn\u00fdch z\u00e1\u017eitk\u016f pro hosty. V t\u00fdmu Blue Orange Resort, kde p\u016fsob\u00ed od roku 2024, m\u00e1 na starosti p\u0159edev\u0161\u00edm celkovou strategii are\u00e1lu, rozvoj obchodn\u00edch partnerstv\u00ed i online prodeje a s t\u00edm spojen\u00fd r\u016fst tr\u017eeb.<\/p>\n<p>Vystudovala hotelnictv\u00ed a marketingovou komunikaci na University College Prague. Bohat\u00e9 zku\u0161enosti v oboru z\u00edskala v mezin\u00e1rodn\u011b oce\u0148ovan\u00e9m Hotelu Pod V\u011b\u017e\u00ed a v Aldrov Resort, kde p\u016fsobila jako \u0159editelka obchodu a marketingu. V minulosti se v\u011bnovala tak\u00e9 odborn\u00e9mu poradenstv\u00ed a projekt\u016fm v oblasti hotelnictv\u00ed a cestovn\u00edho ruchu.<\/p>\n<p>[\/vc_column_text][\/vc_column][vc_column width=&#8220;1\/6&#8243;][\/vc_column][\/vc_row]<\/p>\n","protected":false},"excerpt":{"rendered":"<p>[vc_row css_animation=&#8220;&#8220; row_type=&#8220;row&#8220; use_row_as_full_screen_section=&#8220;no&#8220; type=&#8220;full_width&#8220; angled_section=&#8220;no&#8220; text_align=&#8220;left&#8220; background_image_as_pattern=&#8220;without_pattern&#8220;][vc_column width=&#8220;1\/6&#8243;][\/vc_column][vc_column width=&#8220;1\/6&#8243;][vc_single_image image=&#8220;17545&#8243; img_size=&#8220;medium&#8220; qode_css_animation=&#8220;&#8220;][\/vc_column][vc_column width=&#8220;1\/2&#8243;][vc_column_text] Gabriela Pavli\u0161tov\u00e1, \u0159editelka Blue Orange Resort Gabriela propojuje strategick\u00e9 my\u0161len\u00ed s v\u00e1\u0161n\u00ed pro hotelnictv\u00ed a vytv\u00e1\u0159en\u00ed v\u00fdjime\u010dn\u00fdch z\u00e1\u017eitk\u016f pro hosty. V t\u00fdmu Blue Orange Resort, kde p\u016fsob\u00ed od roku 2024, m\u00e1&#8230;<\/p>\n","protected":false},"author":9,"featured_media":0,"parent":15637,"menu_order":0,"comment_status":"closed","ping_status":"closed","template":"","meta":{"footnotes":""},"class_list":["post-17438","page","type-page","status-publish","hentry"],"_links":{"self":[{"href":"https:\/\/odiengroup.com\/cs\/wp-json\/wp\/v2\/pages\/17438","targetHints":{"allow":["GET"]}}],"collection":[{"href":"https:\/\/odiengroup.com\/cs\/wp-json\/wp\/v2\/pages"}],"about":[{"href":"https:\/\/odiengroup.com\/cs\/wp-json\/wp\/v2\/types\/page"}],"author":[{"embeddable":true,"href":"https:\/\/odiengroup.com\/cs\/wp-json\/wp\/v2\/users\/9"}],"replies":[{"embeddable":true,"href":"https:\/\/odiengroup.com\/cs\/wp-json\/wp\/v2\/comments?post=17438"}],"version-history":[{"count":2,"href":"https:\/\/odiengroup.com\/cs\/wp-json\/wp\/v2\/pages\/17438\/revisions"}],"predecessor-version":[{"id":17547,"href":"https:\/\/odiengroup.com\/cs\/wp-json\/wp\/v2\/pages\/17438\/revisions\/17547"}],"up":[{"embeddable":true,"href":"https:\/\/odiengroup.com\/cs\/wp-json\/wp\/v2\/pages\/15637"}],"wp:attachment":[{"href":"https:\/\/odiengroup.com\/cs\/wp-json\/wp\/v2\/media?parent=17438"}],"curies":[{"name":"wp","href":"https:\/\/api.w.org\/{rel}","templated":true}]}}