{"id":17432,"date":"2025-12-01T13:55:00","date_gmt":"2025-12-01T12:55:00","guid":{"rendered":"https:\/\/odiengroup.com\/?page_id=17432"},"modified":"2025-12-01T20:18:52","modified_gmt":"2025-12-01T19:18:52","slug":"tomas-fiala","status":"publish","type":"page","link":"https:\/\/odiengroup.com\/cs\/team\/tomas-fiala\/","title":{"rendered":"Tom\u00e1\u0161 Fiala"},"content":{"rendered":"<p>[vc_row css_animation=&#8220;&#8220; row_type=&#8220;row&#8220; use_row_as_full_screen_section=&#8220;no&#8220; type=&#8220;full_width&#8220; angled_section=&#8220;no&#8220; text_align=&#8220;left&#8220; background_image_as_pattern=&#8220;without_pattern&#8220;][vc_column width=&#8220;1\/6&#8243;][\/vc_column][vc_column width=&#8220;1\/6&#8243;][vc_single_image image=&#8220;17540&#8243; img_size=&#8220;medium&#8220; qode_css_animation=&#8220;&#8220;][\/vc_column][vc_column width=&#8220;1\/2&#8243;][vc_column_text]<\/p>\n<h2><strong>Tom\u00e1\u0161 Fiala, Facility Manager<\/strong><\/h2>\n<p>Ve skupin\u011b Odien Tom\u00e1\u0161 zast\u00e1v\u00e1 roli Facility Managera. Odpov\u00edd\u00e1 p\u0159i tom za spr\u00e1vu a \u00fadr\u017ebu budovy a pozemku Blue Orange Resort i cel\u00e9ho are\u00e1lu budouc\u00ed \u010dtvrti Avia City.<\/p>\n<p>V are\u00e1lu Avie Tom\u00e1\u0161 p\u016fsob\u00ed dlouhou \u0159adu let. V minulosti pracoval pro spole\u010dnosti Avia, Daewoo a Ashok Leyland Motors, kde se pod\u00edlel na budov\u00e1n\u00ed a modernizaci technologick\u00fdch za\u0159\u00edzen\u00ed. Pamatuje si \u010dasy, kdy se tu lisovaly d\u00edly na slavnou Avii 21, a pro\u0161el \u0159adou pozic \u2013 od mistra lisovny p\u0159es bezpe\u010dnostn\u00edho technika a\u017e po technick\u00e9ho z\u00e1stupce.<\/p>\n<p>Tom\u00e1\u0161 vystudoval St\u0159edn\u00ed pr\u016fmyslovou \u0161kolu dopravn\u00ed, obor stavby a rekonstrukce.<\/p>\n<p>[\/vc_column_text][\/vc_column][vc_column width=&#8220;1\/6&#8243;][\/vc_column][\/vc_row]<\/p>\n","protected":false},"excerpt":{"rendered":"<p>[vc_row css_animation=&#8220;&#8220; row_type=&#8220;row&#8220; use_row_as_full_screen_section=&#8220;no&#8220; type=&#8220;full_width&#8220; angled_section=&#8220;no&#8220; text_align=&#8220;left&#8220; background_image_as_pattern=&#8220;without_pattern&#8220;][vc_column width=&#8220;1\/6&#8243;][\/vc_column][vc_column width=&#8220;1\/6&#8243;][vc_single_image image=&#8220;17540&#8243; img_size=&#8220;medium&#8220; qode_css_animation=&#8220;&#8220;][\/vc_column][vc_column width=&#8220;1\/2&#8243;][vc_column_text] Tom\u00e1\u0161 Fiala, Facility Manager Ve skupin\u011b Odien Tom\u00e1\u0161 zast\u00e1v\u00e1 roli Facility Managera. Odpov\u00edd\u00e1 p\u0159i tom za spr\u00e1vu a \u00fadr\u017ebu budovy a pozemku Blue Orange Resort i cel\u00e9ho are\u00e1lu budouc\u00ed \u010dtvrti Avia&#8230;<\/p>\n","protected":false},"author":9,"featured_media":0,"parent":15637,"menu_order":0,"comment_status":"closed","ping_status":"closed","template":"","meta":{"footnotes":""},"class_list":["post-17432","page","type-page","status-publish","hentry"],"_links":{"self":[{"href":"https:\/\/odiengroup.com\/cs\/wp-json\/wp\/v2\/pages\/17432","targetHints":{"allow":["GET"]}}],"collection":[{"href":"https:\/\/odiengroup.com\/cs\/wp-json\/wp\/v2\/pages"}],"about":[{"href":"https:\/\/odiengroup.com\/cs\/wp-json\/wp\/v2\/types\/page"}],"author":[{"embeddable":true,"href":"https:\/\/odiengroup.com\/cs\/wp-json\/wp\/v2\/users\/9"}],"replies":[{"embeddable":true,"href":"https:\/\/odiengroup.com\/cs\/wp-json\/wp\/v2\/comments?post=17432"}],"version-history":[{"count":3,"href":"https:\/\/odiengroup.com\/cs\/wp-json\/wp\/v2\/pages\/17432\/revisions"}],"predecessor-version":[{"id":17542,"href":"https:\/\/odiengroup.com\/cs\/wp-json\/wp\/v2\/pages\/17432\/revisions\/17542"}],"up":[{"embeddable":true,"href":"https:\/\/odiengroup.com\/cs\/wp-json\/wp\/v2\/pages\/15637"}],"wp:attachment":[{"href":"https:\/\/odiengroup.com\/cs\/wp-json\/wp\/v2\/media?parent=17432"}],"curies":[{"name":"wp","href":"https:\/\/api.w.org\/{rel}","templated":true}]}}