{"id":17425,"date":"2025-12-01T13:51:55","date_gmt":"2025-12-01T12:51:55","guid":{"rendered":"https:\/\/odiengroup.com\/?page_id=17425"},"modified":"2025-12-01T20:07:41","modified_gmt":"2025-12-01T19:07:41","slug":"lumir-lindovsky","status":"publish","type":"page","link":"https:\/\/odiengroup.com\/cs\/team\/lumir-lindovsky\/","title":{"rendered":"Lum\u00edr Lindovsk\u00fd"},"content":{"rendered":"<p>[vc_row css_animation=&#8220;&#8220; row_type=&#8220;row&#8220; use_row_as_full_screen_section=&#8220;no&#8220; type=&#8220;full_width&#8220; angled_section=&#8220;no&#8220; text_align=&#8220;left&#8220; background_image_as_pattern=&#8220;without_pattern&#8220;][vc_column width=&#8220;1\/6&#8243;][\/vc_column][vc_column width=&#8220;1\/6&#8243;][vc_single_image image=&#8220;17505&#8243; img_size=&#8220;medium&#8220; qode_css_animation=&#8220;&#8220;][\/vc_column][vc_column width=&#8220;1\/2&#8243;][vc_column_text]<\/p>\n<h2><strong>Lum\u00edr Lindovsk\u00fd, IT Manager<\/strong><\/h2>\n<p>Lum\u00edr je zku\u0161en\u00fd IT specialista s dlouholetou prax\u00ed v \u0159\u00edzen\u00ed IT odd\u011blen\u00ed, kter\u00e9 nyn\u00ed vede i ve skupin\u011b Odien.<br \/>\nB\u011bhem sv\u00e9 kari\u00e9ry p\u016fsobil mimo jin\u00e9 ve spole\u010dnosti Rosinter Czech Republic, kde z\u00edskal bohat\u00e9 zku\u0161enosti s veden\u00edm t\u00fdm\u016f a spr\u00e1vou IT infrastruktury v n\u011bkolika zem\u00edch.<br \/>\nJeho odbornost zahrnuje spr\u00e1vu s\u00edt\u00ed, opera\u010dn\u00edch syst\u00e9m\u016f Linux a Microsoft server\u016f i \u0159\u00edzen\u00ed projekt\u016f v\u00fdstavby datacenter. Lum\u00edrovo portfolio dopl\u0148uje \u0159ada samostatn\u00fdch IT projekt\u016f.<br \/>\nVystudoval obor Ekonomika a management na Vysok\u00e9 \u0161kole ekonomie a managementu v Praze.<\/p>\n<p>[\/vc_column_text][\/vc_column][vc_column width=&#8220;1\/6&#8243;][\/vc_column][\/vc_row]<\/p>\n","protected":false},"excerpt":{"rendered":"<p>[vc_row css_animation=&#8220;&#8220; row_type=&#8220;row&#8220; use_row_as_full_screen_section=&#8220;no&#8220; type=&#8220;full_width&#8220; angled_section=&#8220;no&#8220; text_align=&#8220;left&#8220; background_image_as_pattern=&#8220;without_pattern&#8220;][vc_column width=&#8220;1\/6&#8243;][\/vc_column][vc_column width=&#8220;1\/6&#8243;][vc_single_image image=&#8220;17505&#8243; img_size=&#8220;medium&#8220; qode_css_animation=&#8220;&#8220;][\/vc_column][vc_column width=&#8220;1\/2&#8243;][vc_column_text] Lum\u00edr Lindovsk\u00fd, IT Manager Lum\u00edr je zku\u0161en\u00fd IT specialista s dlouholetou prax\u00ed v \u0159\u00edzen\u00ed IT odd\u011blen\u00ed, kter\u00e9 nyn\u00ed vede i ve skupin\u011b Odien. B\u011bhem sv\u00e9 kari\u00e9ry p\u016fsobil mimo jin\u00e9 ve spole\u010dnosti&#8230;<\/p>\n","protected":false},"author":9,"featured_media":0,"parent":15637,"menu_order":0,"comment_status":"closed","ping_status":"closed","template":"","meta":{"footnotes":""},"class_list":["post-17425","page","type-page","status-publish","hentry"],"_links":{"self":[{"href":"https:\/\/odiengroup.com\/cs\/wp-json\/wp\/v2\/pages\/17425","targetHints":{"allow":["GET"]}}],"collection":[{"href":"https:\/\/odiengroup.com\/cs\/wp-json\/wp\/v2\/pages"}],"about":[{"href":"https:\/\/odiengroup.com\/cs\/wp-json\/wp\/v2\/types\/page"}],"author":[{"embeddable":true,"href":"https:\/\/odiengroup.com\/cs\/wp-json\/wp\/v2\/users\/9"}],"replies":[{"embeddable":true,"href":"https:\/\/odiengroup.com\/cs\/wp-json\/wp\/v2\/comments?post=17425"}],"version-history":[{"count":8,"href":"https:\/\/odiengroup.com\/cs\/wp-json\/wp\/v2\/pages\/17425\/revisions"}],"predecessor-version":[{"id":17534,"href":"https:\/\/odiengroup.com\/cs\/wp-json\/wp\/v2\/pages\/17425\/revisions\/17534"}],"up":[{"embeddable":true,"href":"https:\/\/odiengroup.com\/cs\/wp-json\/wp\/v2\/pages\/15637"}],"wp:attachment":[{"href":"https:\/\/odiengroup.com\/cs\/wp-json\/wp\/v2\/media?parent=17425"}],"curies":[{"name":"wp","href":"https:\/\/api.w.org\/{rel}","templated":true}]}}