{"id":17127,"date":"2022-11-11T14:15:57","date_gmt":"2022-11-11T13:15:57","guid":{"rendered":"https:\/\/odiengroup.com\/?page_id=17127"},"modified":"2022-11-11T14:59:46","modified_gmt":"2022-11-11T13:59:46","slug":"project-coordinator","status":"publish","type":"page","link":"https:\/\/odiengroup.com\/cs\/project-coordinator\/","title":{"rendered":""},"content":{"rendered":"<p>[vc_row css_animation=&#8220;&#8220; row_type=&#8220;row&#8220; use_row_as_full_screen_section=&#8220;no&#8220; type=&#8220;full_width&#8220; angled_section=&#8220;no&#8220; text_align=&#8220;left&#8220; background_image_as_pattern=&#8220;without_pattern&#8220;][vc_column width=&#8220;1\/3&#8243;][\/vc_column][vc_column width=&#8220;1\/3&#8243;][vc_column_text]<\/p>\n<h2>Projektov\u00fd koordin\u00e1tor\/ka<\/h2>\n<p>[\/vc_column_text][\/vc_column][vc_column width=&#8220;1\/3&#8243;][\/vc_column][\/vc_row][vc_row css_animation=&#8220;&#8220; row_type=&#8220;row&#8220; use_row_as_full_screen_section=&#8220;no&#8220; type=&#8220;full_width&#8220; angled_section=&#8220;no&#8220; text_align=&#8220;left&#8220; background_image_as_pattern=&#8220;without_pattern&#8220;][vc_column][vc_empty_space height=&#8220;62px&#8220;][\/vc_column][\/vc_row][vc_row css_animation=&#8220;&#8220; row_type=&#8220;row&#8220; use_row_as_full_screen_section=&#8220;no&#8220; type=&#8220;full_width&#8220; angled_section=&#8220;no&#8220; text_align=&#8220;left&#8220; background_image_as_pattern=&#8220;without_pattern&#8220;][vc_column][vc_column_text]M\u00e1te zku\u0161enosti z koordinac\u00ed projekt\u016f? Ka\u017edodenn\u00ed pr\u00e1ce v MS Office v\u00e1m nen\u00ed ciz\u00ed? Dok\u00e1\u017eete pracovat pe\u010dliv\u011b, systematicky a komunikovat s r\u016fznorod\u00fdmi \u010dleny t\u00fdmu? M\u00e1te ide\u00e1ln\u011b technick\u00e9 vzd\u011bl\u00e1n\u00ed (alespo\u0148 S\u0160) a administrativy se neleknete?<\/p>\n<p>Pak hled\u00e1me pr\u00e1v\u011b V\u00e1s !<\/p>\n<p>&nbsp;<\/p>\n<p><strong>Co bude va\u0161\u00ed n\u00e1pln\u00ed?<\/strong><\/p>\n<ul>\n<li>Administrativn\u00ed podpora projektov\u00e9ho mana\u017eer<\/li>\n<li>Koordinace projektov\u00e9ho t\u00fdmu (meetingy, z\u00e1pisy, spr\u00e1va \u00fakol\u016f, p\u0159\u00edprava podklad\u016f pro jedn\u00e1n\u00ed t\u00fdmu<\/li>\n<li>Komunikace s \u00fa\u0159ady (datov\u00e9 schr\u00e1nky, p\u0159ij\u00edm\u00e1n\u00ed, odes\u00edl\u00e1n\u00ed dokument\u016f)<\/li>\n<li>Digitalizace dokument\u016f v intern\u00edm systemu<\/li>\n<li>Anal\u00fdza a re\u0161er\u0161e existuj\u00edc\u00edch projektov\u00fdch dokument\u016f a zpr\u00e1v<\/li>\n<li>Komunikace s dodavateli a partnery zapojen\u00fdmi do projekt\u016f (architekti, odborn\u00edci na \u017eivotn\u00ed prost\u0159ed\u00ed, stavebn\u00ed firmy, apod&#8230;)<\/li>\n<\/ul>\n<p>&nbsp;<\/p>\n<p><strong>Co od v\u00e1s o\u010dek\u00e1v\u00e1me?<\/strong><\/p>\n<ul>\n<li>V\u00fdborn\u00e9 organiza\u010dn\u00ed schopnosti<\/li>\n<li>Samostatnost a \u010dasovou flexibilitu<\/li>\n<li>P\u0159\u00edjemn\u00e9 vystupov\u00e1n\u00ed a schopnost profesion\u00e1ln\u00edho jedn\u00e1n\u00ed za ka\u017ed\u00e9 situace<\/li>\n<li>Schopnost improvizace a stresovou odolnost<\/li>\n<li>T\u00fdmov\u00e9ho ducha a smysl pro odpov\u011bdnost<\/li>\n<li>Pe\u010dlivost a smysl pro detail<\/li>\n<li>Aktivn\u00ed znalost AJ (s veden\u00edm spole\u010dnosti komunikujeme anglicky)<\/li>\n<li>Znalost MS Office a CAD (v\u00fdhodou)<\/li>\n<\/ul>\n<p>&nbsp;<\/p>\n<p><strong>Co nab\u00edz\u00edme?<\/strong><\/p>\n<ul>\n<li>Pracovn\u00ed pom\u011br na dobu ur\u010ditou (pozd\u011bji na naur\u010ditou)<\/li>\n<li>Mobiln\u00ed telefon, notebook<\/li>\n<li>P\u0159\u00edjemn\u00e9 pracovn\u00ed prost\u0159ed\u00ed<\/li>\n<li>Dal\u0161\u00ed benefity<\/li>\n<\/ul>\n<p>&nbsp;<\/p>\n<p>&nbsp;<\/p>\n<p>&nbsp;<\/p>\n<p>Pokud V\u00e1s tato nab\u00eddka pr\u00e1ce zaujala, za\u0161lete email na adresu <a href=\"mailto:lenka.stepanova@odien.cz\">lenka.stepanova@odien.cz<\/a> s p\u0159edm\u011btem: Projektov\u00fd\u00a0 koordin\u00e1tor.[\/vc_column_text][vc_empty_space][\/vc_column][\/vc_row][vc_row css_animation=&#8220;&#8220; row_type=&#8220;row&#8220; use_row_as_full_screen_section=&#8220;no&#8220; type=&#8220;full_width&#8220; angled_section=&#8220;no&#8220; text_align=&#8220;left&#8220; background_image_as_pattern=&#8220;without_pattern&#8220;][vc_column]<a  itemprop=\"url\" href=\"mailto:lenka.stepanova@odien.cz\" target=\"_self\"  class=\"qbutton  default\" style=\"\">M\u00e1m z\u00e1jem o pozici<\/a>[\/vc_column][\/vc_row]<\/p>\n","protected":false},"excerpt":{"rendered":"<p>[vc_row css_animation=&#8220;&#8220; row_type=&#8220;row&#8220; use_row_as_full_screen_section=&#8220;no&#8220; type=&#8220;full_width&#8220; angled_section=&#8220;no&#8220; text_align=&#8220;left&#8220; background_image_as_pattern=&#8220;without_pattern&#8220;][vc_column width=&#8220;1\/3&#8243;][\/vc_column][vc_column width=&#8220;1\/3&#8243;][vc_column_text] Projektov\u00fd koordin\u00e1tor\/ka [\/vc_column_text][\/vc_column][vc_column width=&#8220;1\/3&#8243;][\/vc_column][\/vc_row][vc_row css_animation=&#8220;&#8220; row_type=&#8220;row&#8220; use_row_as_full_screen_section=&#8220;no&#8220; type=&#8220;full_width&#8220; angled_section=&#8220;no&#8220; text_align=&#8220;left&#8220; background_image_as_pattern=&#8220;without_pattern&#8220;][vc_column][vc_empty_space height=&#8220;62px&#8220;][\/vc_column][\/vc_row][vc_row css_animation=&#8220;&#8220; row_type=&#8220;row&#8220; use_row_as_full_screen_section=&#8220;no&#8220; type=&#8220;full_width&#8220; angled_section=&#8220;no&#8220; text_align=&#8220;left&#8220; background_image_as_pattern=&#8220;without_pattern&#8220;][vc_column][vc_column_text]M\u00e1te zku\u0161enosti z koordinac\u00ed projekt\u016f? Ka\u017edodenn\u00ed pr\u00e1ce v MS Office v\u00e1m nen\u00ed ciz\u00ed? Dok\u00e1\u017eete pracovat pe\u010dliv\u011b, systematicky&#8230;<\/p>\n","protected":false},"author":1,"featured_media":0,"parent":0,"menu_order":0,"comment_status":"closed","ping_status":"closed","template":"","meta":{"footnotes":""},"class_list":["post-17127","page","type-page","status-publish","hentry"],"_links":{"self":[{"href":"https:\/\/odiengroup.com\/cs\/wp-json\/wp\/v2\/pages\/17127","targetHints":{"allow":["GET"]}}],"collection":[{"href":"https:\/\/odiengroup.com\/cs\/wp-json\/wp\/v2\/pages"}],"about":[{"href":"https:\/\/odiengroup.com\/cs\/wp-json\/wp\/v2\/types\/page"}],"author":[{"embeddable":true,"href":"https:\/\/odiengroup.com\/cs\/wp-json\/wp\/v2\/users\/1"}],"replies":[{"embeddable":true,"href":"https:\/\/odiengroup.com\/cs\/wp-json\/wp\/v2\/comments?post=17127"}],"version-history":[{"count":3,"href":"https:\/\/odiengroup.com\/cs\/wp-json\/wp\/v2\/pages\/17127\/revisions"}],"predecessor-version":[{"id":17136,"href":"https:\/\/odiengroup.com\/cs\/wp-json\/wp\/v2\/pages\/17127\/revisions\/17136"}],"wp:attachment":[{"href":"https:\/\/odiengroup.com\/cs\/wp-json\/wp\/v2\/media?parent=17127"}],"curies":[{"name":"wp","href":"https:\/\/api.w.org\/{rel}","templated":true}]}}