{"id":17117,"date":"2022-11-11T11:26:36","date_gmt":"2022-11-11T10:26:36","guid":{"rendered":"https:\/\/odiengroup.com\/marketing-pr-specialist-f-m\/"},"modified":"2022-11-11T15:00:54","modified_gmt":"2022-11-11T14:00:54","slug":"marketing-pr-specialist-f-m","status":"publish","type":"page","link":"https:\/\/odiengroup.com\/cs\/marketing-pr-specialist-f-m\/","title":{"rendered":""},"content":{"rendered":"<p>[vc_row css_animation=&#8220;&#8220; row_type=&#8220;row&#8220; use_row_as_full_screen_section=&#8220;no&#8220; type=&#8220;full_width&#8220; angled_section=&#8220;no&#8220; text_align=&#8220;left&#8220; background_image_as_pattern=&#8220;without_pattern&#8220;][vc_column width=&#8220;1\/3&#8243;][\/vc_column][vc_column width=&#8220;1\/3&#8243;][vc_column_text]<\/p>\n<h2>MARKETING &amp; PR Specialist (f\/m)<\/h2>\n<p>[\/vc_column_text][\/vc_column][vc_column width=&#8220;1\/3&#8243;][\/vc_column][\/vc_row][vc_row css_animation=&#8220;&#8220; row_type=&#8220;row&#8220; use_row_as_full_screen_section=&#8220;no&#8220; type=&#8220;full_width&#8220; angled_section=&#8220;no&#8220; text_align=&#8220;left&#8220; background_image_as_pattern=&#8220;without_pattern&#8220;][vc_column][vc_empty_space height=&#8220;62px&#8220;][\/vc_column][\/vc_row][vc_row css_animation=&#8220;&#8220; row_type=&#8220;row&#8220; use_row_as_full_screen_section=&#8220;no&#8220; type=&#8220;full_width&#8220; angled_section=&#8220;no&#8220; text_align=&#8220;left&#8220; background_image_as_pattern=&#8220;without_pattern&#8220;][vc_column][vc_column_text]Bav\u00ed v\u00e1s r\u016fznorod\u00e1 pr\u00e1ce? Dok\u00e1\u017eete se orientovat ve sv\u011bt\u011b marketingu, marketingov\u00e9 a PR komunikace? Dok\u00e1\u017eete zorganizovat a formulovat zak\u00e1zku extern\u00ed firm\u011b? Neboj\u00edte se administravy ?<\/p>\n<p>Pak hled\u00e1me pr\u00e1v\u011b V\u00e1s &#8230;.<\/p>\n<p>&nbsp;<\/p>\n<p>&nbsp;<\/p>\n<p><strong>O\u010dek\u00e1v\u00e1me:<\/strong><\/p>\n<p>&nbsp;<\/p>\n<ul>\n<li><strong>3 &#8211; 5 let zku\u0161enost\u00ed v oblasti marketingu a PR<\/strong><\/li>\n<li>Organiza\u010dn\u00ed dovednosti<\/li>\n<li>Zku\u0161enosti v oblasti koordinace dodavatel\u016f a zad\u00e1v\u00e1n\u00ed zak\u00e1zek (v\u010detn\u011b koordinace dodavatel\u016f v oblasti soci\u00e1ln\u00edch m\u00e9di\u00ed a PR)<\/li>\n<li>Orientace v oblasti soci\u00e1ln\u00edch m\u00e9di\u00ed<\/li>\n<li>Schopnost vytv\u00e1\u0159et efektivn\u00ed prezentace<\/li>\n<li>Spr\u00e1va webov\u00fdch str\u00e1nek, prezentac\u00ed, apod&#8230;.<\/li>\n<li>Zku\u0161enosti s Google Analytics, SEO\/SEM nebo prac\u00ed v grafick\u00fdch programech v\u00fdhodou<\/li>\n<\/ul>\n<p>&nbsp;<\/p>\n<p><strong>Co nab\u00edz\u00edme:<\/strong><\/p>\n<p>&nbsp;<\/p>\n<ul>\n<li>R\u016fznorodou pr\u00e1ci, ve kter\u00e9 se m\u016f\u017eete realizovat<\/li>\n<li>Vst\u0159\u00edcn\u00e9 pracovn\u00ed prost\u0159ed\u00ed<\/li>\n<li>Mo\u017enost pod\u00edlet se na projektech, kter\u00e9 ovlivn\u00ed budoucnost a povahu cel\u00e9 m\u011bstsk\u00e9 \u010d\u00e1sti Praha 9<\/li>\n<\/ul>\n<p>&nbsp;<\/p>\n<p><strong>Key tasks:<\/strong><\/p>\n<p>&nbsp;<\/p>\n<ul>\n<li>Odpov\u011bdnost za spoluvytv\u00e1\u0159en\u00ed marketigov\u00e9 komunikace Skupiny Odien<\/li>\n<li>Spolupr\u00e1ce s extern\u00edmi spole\u010dnostmi, p\u0159edev\u0161\u00edm v oblasti soci\u00e1ln\u00edch m\u00e9di\u00ed a PR<\/li>\n<li>Podpora managementu v oblasti prezentace spole\u010dnosti<\/li>\n<li>P\u0159\u00edprava a spr\u00e1va obsahu webov\u00fdch str\u00e1nek spole\u010dnosti ve spolupr\u00e1ci s IT odd\u011blen\u00edm (i ve spolupr\u00e1ci s extern\u00edmi partnery)<\/li>\n<li>Z\u00e1kladn\u00ed spr\u00e1va soci\u00e1ln\u00edch m\u00e9di\u00ed Blue Orange Resortu a Bistra The ONE<\/li>\n<li>P\u0159\u00edprava komunikace a prezentace jednotliv\u00fdch projekt\u016f Odien Group (www.odiengroup.com); AVIA City (www.aviacity.cz); Sport2Life nadace (www.sport2life.org); Blue Orange Resortu a dals\u00edch&#8230;.<\/li>\n<li>Anal\u00fdza jednotliv\u00fdch marketingov\u00fdch aktivit, vyhodnocov\u00e1n\u00ed spolupr\u00e1ce s partnery a vyhodnocov\u00e1n\u00ed jednotliv\u00fdch KPIs ukazatel\u016f<\/li>\n<\/ul>\n<p>&nbsp;<\/p>\n<p>Pokud V\u00e1s tato nab\u00eddka zaujala za\u0161lete email na adresu <a href=\"mailto:lenka.stepanova@odien.cz\">lenka.stepanova@odien.cz<\/a> s p\u0159edm\u011btem: Marketing &amp; PR Specialist[\/vc_column_text][vc_empty_space][\/vc_column][\/vc_row][vc_row css_animation=&#8220;&#8220; row_type=&#8220;row&#8220; use_row_as_full_screen_section=&#8220;no&#8220; type=&#8220;full_width&#8220; angled_section=&#8220;no&#8220; text_align=&#8220;left&#8220; background_image_as_pattern=&#8220;without_pattern&#8220;][vc_column]<a  itemprop=\"url\" href=\"mailto:lenka.stepanova@odien.cz\" target=\"_self\"  class=\"qbutton  default\" style=\"\">M\u00e1m z\u00e1jem o pozici<\/a>[\/vc_column][\/vc_row]<\/p>\n","protected":false},"excerpt":{"rendered":"<p>[vc_row css_animation=&#8220;&#8220; row_type=&#8220;row&#8220; use_row_as_full_screen_section=&#8220;no&#8220; type=&#8220;full_width&#8220; angled_section=&#8220;no&#8220; text_align=&#8220;left&#8220; background_image_as_pattern=&#8220;without_pattern&#8220;][vc_column width=&#8220;1\/3&#8243;][\/vc_column][vc_column width=&#8220;1\/3&#8243;][vc_column_text] MARKETING &amp; PR Specialist (f\/m) [\/vc_column_text][\/vc_column][vc_column width=&#8220;1\/3&#8243;][\/vc_column][\/vc_row][vc_row css_animation=&#8220;&#8220; row_type=&#8220;row&#8220; use_row_as_full_screen_section=&#8220;no&#8220; type=&#8220;full_width&#8220; angled_section=&#8220;no&#8220; text_align=&#8220;left&#8220; background_image_as_pattern=&#8220;without_pattern&#8220;][vc_column][vc_empty_space height=&#8220;62px&#8220;][\/vc_column][\/vc_row][vc_row css_animation=&#8220;&#8220; row_type=&#8220;row&#8220; use_row_as_full_screen_section=&#8220;no&#8220; type=&#8220;full_width&#8220; angled_section=&#8220;no&#8220; text_align=&#8220;left&#8220; background_image_as_pattern=&#8220;without_pattern&#8220;][vc_column][vc_column_text]Bav\u00ed v\u00e1s r\u016fznorod\u00e1 pr\u00e1ce? Dok\u00e1\u017eete se orientovat ve sv\u011bt\u011b marketingu, marketingov\u00e9 a PR komunikace?&#8230;<\/p>\n","protected":false},"author":1,"featured_media":0,"parent":0,"menu_order":0,"comment_status":"closed","ping_status":"closed","template":"","meta":{"footnotes":""},"class_list":["post-17117","page","type-page","status-publish","hentry"],"_links":{"self":[{"href":"https:\/\/odiengroup.com\/cs\/wp-json\/wp\/v2\/pages\/17117","targetHints":{"allow":["GET"]}}],"collection":[{"href":"https:\/\/odiengroup.com\/cs\/wp-json\/wp\/v2\/pages"}],"about":[{"href":"https:\/\/odiengroup.com\/cs\/wp-json\/wp\/v2\/types\/page"}],"author":[{"embeddable":true,"href":"https:\/\/odiengroup.com\/cs\/wp-json\/wp\/v2\/users\/1"}],"replies":[{"embeddable":true,"href":"https:\/\/odiengroup.com\/cs\/wp-json\/wp\/v2\/comments?post=17117"}],"version-history":[{"count":4,"href":"https:\/\/odiengroup.com\/cs\/wp-json\/wp\/v2\/pages\/17117\/revisions"}],"predecessor-version":[{"id":17137,"href":"https:\/\/odiengroup.com\/cs\/wp-json\/wp\/v2\/pages\/17117\/revisions\/17137"}],"wp:attachment":[{"href":"https:\/\/odiengroup.com\/cs\/wp-json\/wp\/v2\/media?parent=17117"}],"curies":[{"name":"wp","href":"https:\/\/api.w.org\/{rel}","templated":true}]}}