{"id":17049,"date":"2022-10-31T13:42:02","date_gmt":"2022-10-31T12:42:02","guid":{"rendered":"https:\/\/odiengroup.com\/?page_id=17049"},"modified":"2026-02-03T16:56:30","modified_gmt":"2026-02-03T15:56:30","slug":"environmental-cleanup","status":"publish","type":"page","link":"https:\/\/odiengroup.com\/cs\/environmental-cleanup\/","title":{"rendered":"Sanace are\u00e1lu Avia"},"content":{"rendered":"<p>[vc_row css_animation=&#8220;&#8220; row_type=&#8220;row&#8220; use_row_as_full_screen_section=&#8220;no&#8220; type=&#8220;full_width&#8220; angled_section=&#8220;no&#8220; text_align=&#8220;left&#8220; background_image_as_pattern=&#8220;without_pattern&#8220;][vc_column width=&#8220;1\/6&#8243;][\/vc_column][vc_column width=&#8220;2\/3&#8243;][vc_column_text]Projekt zam\u011b\u0159en\u00fd na vy\u010di\u0161t\u011bn\u00ed a revitalizaci pr\u016fmyslov\u00e9ho are\u00e1lu b\u00fdval\u00e9ho podniku Avia v\u00a0Praze Let\u0148anech. Na projektu se pod\u00edl\u00ed Ministerstvo financ\u00ed \u010cesk\u00e9 republiky, sdru\u017een\u00ed \u201eAVIA 21\u201c a Odien Real Estate.<\/p>\n<p>&nbsp;<\/p>\n<p>Ministerstvo financ\u00ed \u010cesk\u00e9 republiky vybralo v otev\u0159en\u00e9m zad\u00e1vac\u00edm \u0159\u00edzen\u00ed zhotovitele komplexn\u00ed sanace are\u00e1lu, kter\u00fdm bude sdru\u017een\u00ed \u201eAVIA 21\u201c (AVE CZ odpadov\u00e9 hospod\u00e1\u0159stv\u00ed s.r.o., Gemtech, a.s. a Ekomonitor spol. s r.o.), kde vedouc\u00edm \u00fa\u010dastn\u00edkem sdru\u017een\u00ed je spole\u010dnost AVE CZ odpadov\u00e9 hospod\u00e1\u0159stv\u00ed s.r.o. \u00a0To nyn\u00ed ve spolupr\u00e1ci s\u00a0vlastn\u00edkem are\u00e1lu, spole\u010dnost\u00ed Odien Real Estate a.s., za kter\u00fdm p\u016fjde zna\u010dn\u00e1 \u010d\u00e1st n\u00e1klad\u016f, revitalizuje rozs\u00e1hl\u00fd poz\u016fstatek d\u0159\u00edv\u011bj\u0161\u00ed automobilov\u00e9 a\u00a0leteck\u00e9 v\u00fdroby. Rozlohou sanovan\u00e9ho \u00fazem\u00ed a rozsahem po\u017eadovan\u00fdch prac\u00ed jde o jednu z nejv\u011bt\u0161\u00edch st\u00e1tem vypisovan\u00fdch ekologick\u00fdch zak\u00e1zek v historii.<\/p>\n<p>&nbsp;<\/p>\n<p>V budoucnu zde vznikne plnohodnotn\u00e1 m\u011bstsk\u00e1 \u010dtvr\u0165 v\u010detn\u011b ob\u010dansk\u00e9 vybavenosti, pracovn\u00edch p\u0159\u00edle\u017eitost\u00ed a dostatku zelen\u011b. Vlastn\u00ed sana\u010dn\u00ed pr\u00e1ce za\u010daly na ja\u0159e 2023.[\/vc_column_text][\/vc_column][vc_column width=&#8220;1\/6&#8243;][\/vc_column][\/vc_row][vc_row css_animation=&#8220;&#8220; row_type=&#8220;row&#8220; use_row_as_full_screen_section=&#8220;no&#8220; type=&#8220;full_width&#8220; angled_section=&#8220;no&#8220; text_align=&#8220;left&#8220; background_image_as_pattern=&#8220;without_pattern&#8220;][vc_column][vc_empty_space height=&#8220;43&#8243;][\/vc_column][\/vc_row][vc_row css_animation=&#8220;&#8220; row_type=&#8220;row&#8220; use_row_as_full_screen_section=&#8220;no&#8220; type=&#8220;full_width&#8220; angled_section=&#8220;no&#8220; text_align=&#8220;left&#8220; background_image_as_pattern=&#8220;without_pattern&#8220;][vc_column][vc_gallery type=&#8220;image_grid&#8220; images=&#8220;17042,17044&#8243; img_size=&#8220;large&#8220; onclick=&#8220;&#8220; column_number=&#8220;2&#8243; grayscale=&#8220;no&#8220; images_space=&#8220;gallery_with_space&#8220; title=&#8220;P\u0159ed sanac\u00ed&#8220;][\/vc_column][\/vc_row][vc_row css_animation=&#8220;&#8220; row_type=&#8220;row&#8220; use_row_as_full_screen_section=&#8220;no&#8220; type=&#8220;full_width&#8220; angled_section=&#8220;no&#8220; text_align=&#8220;left&#8220; background_image_as_pattern=&#8220;without_pattern&#8220;][vc_column]<span class=\"separator_with_icon\" style='opacity:1;'><i class=\"fa fa-arrow-down\"><\/i><\/span>[\/vc_column][\/vc_row][vc_row css_animation=&#8220;&#8220; row_type=&#8220;row&#8220; use_row_as_full_screen_section=&#8220;no&#8220; type=&#8220;full_width&#8220; angled_section=&#8220;no&#8220; text_align=&#8220;left&#8220; background_image_as_pattern=&#8220;without_pattern&#8220;][vc_column][vc_gallery type=&#8220;image_grid&#8220; images=&#8220;17112,17110&#8243; img_size=&#8220;large&#8220; onclick=&#8220;&#8220; column_number=&#8220;2&#8243; grayscale=&#8220;no&#8220; images_space=&#8220;gallery_with_space&#8220; title=&#8220;Po sanaci&#8220;][\/vc_column][\/vc_row]<\/p>\n","protected":false},"excerpt":{"rendered":"<p>[vc_row css_animation=&#8220;&#8220; row_type=&#8220;row&#8220; use_row_as_full_screen_section=&#8220;no&#8220; type=&#8220;full_width&#8220; angled_section=&#8220;no&#8220; text_align=&#8220;left&#8220; background_image_as_pattern=&#8220;without_pattern&#8220;][vc_column width=&#8220;1\/6&#8243;][\/vc_column][vc_column width=&#8220;2\/3&#8243;][vc_column_text]Projekt zam\u011b\u0159en\u00fd na vy\u010di\u0161t\u011bn\u00ed a revitalizaci pr\u016fmyslov\u00e9ho are\u00e1lu b\u00fdval\u00e9ho podniku Avia v\u00a0Praze Let\u0148anech. Na projektu se pod\u00edl\u00ed Ministerstvo financ\u00ed \u010cesk\u00e9 republiky, sdru\u017een\u00ed \u201eAVIA 21\u201c a Odien Real Estate. &nbsp; Ministerstvo financ\u00ed \u010cesk\u00e9 republiky vybralo v otev\u0159en\u00e9m&#8230;<\/p>\n","protected":false},"author":1,"featured_media":0,"parent":0,"menu_order":0,"comment_status":"closed","ping_status":"closed","template":"","meta":{"footnotes":""},"class_list":["post-17049","page","type-page","status-publish","hentry"],"_links":{"self":[{"href":"https:\/\/odiengroup.com\/cs\/wp-json\/wp\/v2\/pages\/17049","targetHints":{"allow":["GET"]}}],"collection":[{"href":"https:\/\/odiengroup.com\/cs\/wp-json\/wp\/v2\/pages"}],"about":[{"href":"https:\/\/odiengroup.com\/cs\/wp-json\/wp\/v2\/types\/page"}],"author":[{"embeddable":true,"href":"https:\/\/odiengroup.com\/cs\/wp-json\/wp\/v2\/users\/1"}],"replies":[{"embeddable":true,"href":"https:\/\/odiengroup.com\/cs\/wp-json\/wp\/v2\/comments?post=17049"}],"version-history":[{"count":8,"href":"https:\/\/odiengroup.com\/cs\/wp-json\/wp\/v2\/pages\/17049\/revisions"}],"predecessor-version":[{"id":17583,"href":"https:\/\/odiengroup.com\/cs\/wp-json\/wp\/v2\/pages\/17049\/revisions\/17583"}],"wp:attachment":[{"href":"https:\/\/odiengroup.com\/cs\/wp-json\/wp\/v2\/media?parent=17049"}],"curies":[{"name":"wp","href":"https:\/\/api.w.org\/{rel}","templated":true}]}}