{"id":16987,"date":"2022-10-14T11:45:02","date_gmt":"2022-10-14T09:45:02","guid":{"rendered":"https:\/\/odiengroup.com\/?page_id=16987"},"modified":"2022-10-14T11:46:18","modified_gmt":"2022-10-14T09:46:18","slug":"port74","status":"publish","type":"page","link":"https:\/\/odiengroup.com\/cs\/port74\/","title":{"rendered":"Port74"},"content":{"rendered":"<p>[vc_row css_animation=&#8220;&#8220; row_type=&#8220;row&#8220; use_row_as_full_screen_section=&#8220;no&#8220; type=&#8220;full_width&#8220; angled_section=&#8220;no&#8220; text_align=&#8220;left&#8220; background_image_as_pattern=&#8220;without_pattern&#8220;][vc_column width=&#8220;1\/6&#8243;][\/vc_column][vc_column width=&#8220;2\/3&#8243;][vc_column_text]<\/p>\n<p id=\"1-diningcard_container\" class=\"dining-card-drawer__description t-font-s mb-5 mb-xl-2\" data-content=\"Port 74 was born of a desire to create a dining experience focusing on sustainable, health-conscious, and locally sourced cuisine. Locally sourced ingredients, cultivated with passion and in sync with nature, are at the forefront of our philosophy.\">Port 74 se zrodil z touhy vytvo\u0159it kulin\u00e1\u0159sk\u00fd z\u00e1\u017eitek se zam\u011b\u0159en\u00edm na udr\u017eitelnou, zdravotn\u011b nez\u00e1vadnou kuchyni z m\u00edstn\u00edch zdroj\u016f. M\u00edstn\u00ed ingredience, p\u011bstovan\u00e9 s v\u00e1\u0161n\u00ed a v souladu s p\u0159\u00edrodou, jsou v pop\u0159ed\u00ed na\u0161\u00ed filozofie.<\/p>\n<div class=\"dining-card-drawer__dineinoptions d-flex flex-row flex-wrap align-items-start py-4 px-0 col-xl-5\"><\/div>\n<p>[\/vc_column_text][\/vc_column][vc_column width=&#8220;1\/6&#8243;][\/vc_column][\/vc_row][vc_row css_animation=&#8220;&#8220; row_type=&#8220;row&#8220; use_row_as_full_screen_section=&#8220;no&#8220; type=&#8220;full_width&#8220; angled_section=&#8220;no&#8220; text_align=&#8220;left&#8220; background_image_as_pattern=&#8220;without_pattern&#8220;][vc_column][vc_separator type=&#8220;normal&#8220;][vc_empty_space][\/vc_column][\/vc_row][vc_row css_animation=&#8220;&#8220; row_type=&#8220;row&#8220; use_row_as_full_screen_section=&#8220;no&#8220; type=&#8220;full_width&#8220; angled_section=&#8220;no&#8220; text_align=&#8220;left&#8220; background_image_as_pattern=&#8220;without_pattern&#8220;][vc_column][vc_gallery type=&#8220;image_grid&#8220; images=&#8220;16970,16980,16966&#8243; img_size=&#8220;large&#8220; onclick=&#8220;&#8220; css_animation=&#8220;fadeIn&#8220; column_number=&#8220;2&#8243; grayscale=&#8220;no&#8220; images_space=&#8220;gallery_with_space&#8220;][\/vc_column][\/vc_row][vc_row css_animation=&#8220;&#8220; row_type=&#8220;row&#8220; use_row_as_full_screen_section=&#8220;no&#8220; type=&#8220;full_width&#8220; angled_section=&#8220;no&#8220; text_align=&#8220;left&#8220; background_image_as_pattern=&#8220;without_pattern&#8220;][vc_column][\/vc_column][\/vc_row]<\/p>\n","protected":false},"excerpt":{"rendered":"<p>[vc_row css_animation=&#8220;&#8220; row_type=&#8220;row&#8220; use_row_as_full_screen_section=&#8220;no&#8220; type=&#8220;full_width&#8220; angled_section=&#8220;no&#8220; text_align=&#8220;left&#8220; background_image_as_pattern=&#8220;without_pattern&#8220;][vc_column width=&#8220;1\/6&#8243;][\/vc_column][vc_column width=&#8220;2\/3&#8243;][vc_column_text] Port 74 se zrodil z touhy vytvo\u0159it kulin\u00e1\u0159sk\u00fd z\u00e1\u017eitek se zam\u011b\u0159en\u00edm na udr\u017eitelnou, zdravotn\u011b nez\u00e1vadnou kuchyni z m\u00edstn\u00edch zdroj\u016f. M\u00edstn\u00ed ingredience, p\u011bstovan\u00e9 s v\u00e1\u0161n\u00ed a v souladu s p\u0159\u00edrodou, jsou v pop\u0159ed\u00ed na\u0161\u00ed filozofie. [\/vc_column_text][\/vc_column][vc_column&#8230;<\/p>\n","protected":false},"author":1,"featured_media":0,"parent":0,"menu_order":0,"comment_status":"closed","ping_status":"closed","template":"","meta":{"footnotes":""},"class_list":["post-16987","page","type-page","status-publish","hentry"],"_links":{"self":[{"href":"https:\/\/odiengroup.com\/cs\/wp-json\/wp\/v2\/pages\/16987","targetHints":{"allow":["GET"]}}],"collection":[{"href":"https:\/\/odiengroup.com\/cs\/wp-json\/wp\/v2\/pages"}],"about":[{"href":"https:\/\/odiengroup.com\/cs\/wp-json\/wp\/v2\/types\/page"}],"author":[{"embeddable":true,"href":"https:\/\/odiengroup.com\/cs\/wp-json\/wp\/v2\/users\/1"}],"replies":[{"embeddable":true,"href":"https:\/\/odiengroup.com\/cs\/wp-json\/wp\/v2\/comments?post=16987"}],"version-history":[{"count":2,"href":"https:\/\/odiengroup.com\/cs\/wp-json\/wp\/v2\/pages\/16987\/revisions"}],"predecessor-version":[{"id":16989,"href":"https:\/\/odiengroup.com\/cs\/wp-json\/wp\/v2\/pages\/16987\/revisions\/16989"}],"wp:attachment":[{"href":"https:\/\/odiengroup.com\/cs\/wp-json\/wp\/v2\/media?parent=16987"}],"curies":[{"name":"wp","href":"https:\/\/api.w.org\/{rel}","templated":true}]}}