{"id":16925,"date":"2022-10-10T11:31:48","date_gmt":"2022-10-10T09:31:48","guid":{"rendered":"https:\/\/odiengroup.com\/?page_id=16925"},"modified":"2026-03-12T15:27:30","modified_gmt":"2026-03-12T14:27:30","slug":"lukas-vrba","status":"publish","type":"page","link":"https:\/\/odiengroup.com\/cs\/team\/lukas-vrba\/","title":{"rendered":"Luk\u00e1\u0161 Vrba"},"content":{"rendered":"<p>[vc_row css_animation=&#8220;&#8220; row_type=&#8220;row&#8220; use_row_as_full_screen_section=&#8220;no&#8220; type=&#8220;full_width&#8220; angled_section=&#8220;no&#8220; text_align=&#8220;left&#8220; background_image_as_pattern=&#8220;without_pattern&#8220;][vc_column width=&#8220;1\/6&#8243;][\/vc_column][vc_column width=&#8220;1\/6&#8243;][vc_single_image image=&#8220;17267&#8243; img_size=&#8220;medium&#8220; style=&#8220;vc_box_rounded&#8220; qode_css_animation=&#8220;&#8220;][\/vc_column][vc_column width=&#8220;1\/2&#8243;][vc_column_text]<\/p>\n<h2>Luk\u00e1\u0161 Vrba, Technick\u00fd \u0159editel<\/h2>\n<p>Luk\u00e1\u0161 pracuje ve spole\u010dnosti Odien Group jako interim technick\u00fd \u0159editel.\u00a0S v\u00edce ne\u017e dvaceti lety zku\u0161enost\u00ed ve stavebnictv\u00ed si vybudoval kari\u00e9ru na pevn\u00fdch z\u00e1kladech znalost\u00ed a v\u00e1\u0161n\u011b pro navrhov\u00e1n\u00ed budov.\u00a0Jeho posl\u00e1n\u00edm je kombinovat technickou dokonalost s kreativn\u00edm designem a dod\u00e1vat stavebn\u00ed \u0159e\u0161en\u00ed, kter\u00e1 nejen spl\u0148uj\u00ed pot\u0159eby klient\u016f, ale tak\u00e9 p\u0159ed\u010d\u00ed jejich o\u010dek\u00e1v\u00e1n\u00ed.\u00a0Z\u00edskal in\u017een\u00fdrsk\u00fd titul v oboru pozemn\u00edho stavitelstv\u00ed na VUT v Brn\u011b, Fakult\u011b stavebn\u00edho in\u017een\u00fdrstv\u00ed, a tento teoretick\u00fd z\u00e1klad spojil s praktick\u00fdmi dovednostmi a zku\u0161enostmi z praxe.<\/p>\n<p>&nbsp;<\/p>\n<p>Jeho kari\u00e9ra za\u010dala v roce 2004, kdy za\u010dal podnikat v oblasti stavebn\u00edho projektov\u00e1n\u00ed, co\u017e mu umo\u017enilo z\u00edskat cenn\u00e9 zku\u0161enosti a etablovat se na trhu.\u00a0V roce 2009 zalo\u017eil vlastn\u00ed spole\u010dnost LV plan, s.r.o., kde z\u00edskal cenn\u00e9 zku\u0161enosti na r\u016fzn\u00fdch projektech pro klienty, jako jsou Finep a Konhefr, ale i pro dal\u0161\u00ed m\u00edstn\u00ed developery.\u00a0St\u00e1l tak\u00e9 u zrodu projek\u010dn\u00ed kancel\u00e1\u0159e STO projekt. Jeho \u00fakolem je pom\u00e1hat klient\u016fm realizovat jejich vize stavebn\u00edch projekt\u016f a uv\u00e1d\u011bt je do \u017eivota.\u00a0V\u011b\u0159\u00ed, \u017ee kvalita a preciznost jsou kl\u00ed\u010dem k \u00fasp\u011bchu ve stavebnictv\u00ed, a je hrd\u00fd na to, \u017ee je sou\u010d\u00e1st\u00ed t\u00fdmu profesion\u00e1l\u016f, kte\u0159\u00ed s nad\u0161en\u00edm t\u011bchto c\u00edl\u016f dosahuj\u00ed.\u00a0Jejich spole\u010dn\u00e9 \u00fasil\u00ed a ob\u011btavost jim umo\u017e\u0148uje dosahovat vynikaj\u00edc\u00edch v\u00fdsledk\u016f a vytv\u00e1\u0159et projekty, kter\u00e9 maj\u00ed pozitivn\u00ed dopad na komunitu a \u017eivotn\u00ed prost\u0159ed\u00ed.<\/p>\n<p>[\/vc_column_text][\/vc_column][vc_column width=&#8220;1\/6&#8243;][\/vc_column][\/vc_row]<\/p>\n","protected":false},"excerpt":{"rendered":"<p>[vc_row css_animation=&#8220;&#8220; row_type=&#8220;row&#8220; use_row_as_full_screen_section=&#8220;no&#8220; type=&#8220;full_width&#8220; angled_section=&#8220;no&#8220; text_align=&#8220;left&#8220; background_image_as_pattern=&#8220;without_pattern&#8220;][vc_column width=&#8220;1\/6&#8243;][\/vc_column][vc_column width=&#8220;1\/6&#8243;][vc_single_image image=&#8220;17267&#8243; img_size=&#8220;medium&#8220; style=&#8220;vc_box_rounded&#8220; qode_css_animation=&#8220;&#8220;][\/vc_column][vc_column width=&#8220;1\/2&#8243;][vc_column_text] Luk\u00e1\u0161 Vrba, Technick\u00fd \u0159editel Luk\u00e1\u0161 pracuje ve spole\u010dnosti Odien Group jako interim technick\u00fd \u0159editel.\u00a0S v\u00edce ne\u017e dvaceti lety zku\u0161enost\u00ed ve stavebnictv\u00ed si vybudoval kari\u00e9ru na pevn\u00fdch z\u00e1kladech znalost\u00ed a v\u00e1\u0161n\u011b&#8230;<\/p>\n","protected":false},"author":1,"featured_media":0,"parent":15637,"menu_order":0,"comment_status":"closed","ping_status":"closed","template":"","meta":{"footnotes":""},"class_list":["post-16925","page","type-page","status-publish","hentry"],"_links":{"self":[{"href":"https:\/\/odiengroup.com\/cs\/wp-json\/wp\/v2\/pages\/16925","targetHints":{"allow":["GET"]}}],"collection":[{"href":"https:\/\/odiengroup.com\/cs\/wp-json\/wp\/v2\/pages"}],"about":[{"href":"https:\/\/odiengroup.com\/cs\/wp-json\/wp\/v2\/types\/page"}],"author":[{"embeddable":true,"href":"https:\/\/odiengroup.com\/cs\/wp-json\/wp\/v2\/users\/1"}],"replies":[{"embeddable":true,"href":"https:\/\/odiengroup.com\/cs\/wp-json\/wp\/v2\/comments?post=16925"}],"version-history":[{"count":5,"href":"https:\/\/odiengroup.com\/cs\/wp-json\/wp\/v2\/pages\/16925\/revisions"}],"predecessor-version":[{"id":17651,"href":"https:\/\/odiengroup.com\/cs\/wp-json\/wp\/v2\/pages\/16925\/revisions\/17651"}],"up":[{"embeddable":true,"href":"https:\/\/odiengroup.com\/cs\/wp-json\/wp\/v2\/pages\/15637"}],"wp:attachment":[{"href":"https:\/\/odiengroup.com\/cs\/wp-json\/wp\/v2\/media?parent=16925"}],"curies":[{"name":"wp","href":"https:\/\/api.w.org\/{rel}","templated":true}]}}