{"id":16907,"date":"2022-10-07T14:48:40","date_gmt":"2022-10-07T12:48:40","guid":{"rendered":"https:\/\/odiengroup.com\/?page_id=16907"},"modified":"2026-02-04T13:35:09","modified_gmt":"2026-02-04T12:35:09","slug":"martin-zitek","status":"publish","type":"page","link":"https:\/\/odiengroup.com\/cs\/team\/martin-zitek\/","title":{"rendered":"Martin Z\u00edtek"},"content":{"rendered":"<p>[vc_row css_animation=&#8220;&#8220; row_type=&#8220;row&#8220; use_row_as_full_screen_section=&#8220;no&#8220; type=&#8220;full_width&#8220; angled_section=&#8220;no&#8220; text_align=&#8220;left&#8220; background_image_as_pattern=&#8220;without_pattern&#8220;][vc_column width=&#8220;1\/6&#8243;][\/vc_column][vc_column width=&#8220;1\/6&#8243;][vc_single_image image=&#8220;16908&#8243; img_size=&#8220;medium&#8220; qode_css_animation=&#8220;&#8220;][\/vc_column][vc_column width=&#8220;1\/2&#8243;][vc_column_text]<\/p>\n<h2>Martin Z\u00edtek, Architekt<\/h2>\n<p>Jako hlavn\u00ed architekt skupiny Odien p\u016fsob\u00ed od roku 2021. Je spoluzodpov\u011bdn\u00fd za pl\u00e1nov\u00e1n\u00ed a realizaci realitn\u00edch projekt\u016f a s\u00a0t\u00edm spojen\u00fdch investic. P\u0159ed n\u00e1stupem do spole\u010dnosti Odien p\u016fsobil v\u00a0ateli\u00e9ru Mar.s architects, kde se pod\u00edlel na n\u00e1vrz\u00edch a realizaci projekt\u016f od rodinn\u00fdch dom\u016f a interi\u00e9r\u016f po reziden\u010dn\u00ed komplexy. Svou profesn\u00ed kari\u00e9ru zapo\u010dal v\u00a0architektonick\u00e9m ateli\u00e9ru Petr Stol\u00edn Architekt. Martin Z\u00edtek absolvoval \u010d\u00e1st magistersk\u00e9ho studia na Kansas State University v USA a n\u00e1sledn\u011b z\u00edskal diplom in\u017een\u00fdr architekt na Fakult\u011b stavebn\u00ed \u010cVUT v\u00a0Praze se zam\u011b\u0159en\u00edm na revitalizaci industri\u00e1ln\u00edch brownfield\u016f. Jeho rodn\u00fdm jazykem je \u010de\u0161tina, hovo\u0159\u00ed plynn\u011b anglicky a na komunikativn\u00ed \u00farovni n\u011bmecky.[\/vc_column_text][\/vc_column][vc_column width=&#8220;1\/6&#8243;][\/vc_column][\/vc_row]<\/p>\n","protected":false},"excerpt":{"rendered":"<p>[vc_row css_animation=&#8220;&#8220; row_type=&#8220;row&#8220; use_row_as_full_screen_section=&#8220;no&#8220; type=&#8220;full_width&#8220; angled_section=&#8220;no&#8220; text_align=&#8220;left&#8220; background_image_as_pattern=&#8220;without_pattern&#8220;][vc_column width=&#8220;1\/6&#8243;][\/vc_column][vc_column width=&#8220;1\/6&#8243;][vc_single_image image=&#8220;16908&#8243; img_size=&#8220;medium&#8220; qode_css_animation=&#8220;&#8220;][\/vc_column][vc_column width=&#8220;1\/2&#8243;][vc_column_text] Martin Z\u00edtek, Architekt Jako hlavn\u00ed architekt skupiny Odien p\u016fsob\u00ed od roku 2021. Je spoluzodpov\u011bdn\u00fd za pl\u00e1nov\u00e1n\u00ed a realizaci realitn\u00edch projekt\u016f a s\u00a0t\u00edm spojen\u00fdch investic. P\u0159ed n\u00e1stupem do spole\u010dnosti Odien p\u016fsobil v\u00a0ateli\u00e9ru&#8230;<\/p>\n","protected":false},"author":1,"featured_media":0,"parent":15637,"menu_order":0,"comment_status":"closed","ping_status":"closed","template":"","meta":{"footnotes":""},"class_list":["post-16907","page","type-page","status-publish","hentry"],"_links":{"self":[{"href":"https:\/\/odiengroup.com\/cs\/wp-json\/wp\/v2\/pages\/16907","targetHints":{"allow":["GET"]}}],"collection":[{"href":"https:\/\/odiengroup.com\/cs\/wp-json\/wp\/v2\/pages"}],"about":[{"href":"https:\/\/odiengroup.com\/cs\/wp-json\/wp\/v2\/types\/page"}],"author":[{"embeddable":true,"href":"https:\/\/odiengroup.com\/cs\/wp-json\/wp\/v2\/users\/1"}],"replies":[{"embeddable":true,"href":"https:\/\/odiengroup.com\/cs\/wp-json\/wp\/v2\/comments?post=16907"}],"version-history":[{"count":3,"href":"https:\/\/odiengroup.com\/cs\/wp-json\/wp\/v2\/pages\/16907\/revisions"}],"predecessor-version":[{"id":16913,"href":"https:\/\/odiengroup.com\/cs\/wp-json\/wp\/v2\/pages\/16907\/revisions\/16913"}],"up":[{"embeddable":true,"href":"https:\/\/odiengroup.com\/cs\/wp-json\/wp\/v2\/pages\/15637"}],"wp:attachment":[{"href":"https:\/\/odiengroup.com\/cs\/wp-json\/wp\/v2\/media?parent=16907"}],"curies":[{"name":"wp","href":"https:\/\/api.w.org\/{rel}","templated":true}]}}