{"id":16900,"date":"2022-10-07T14:32:53","date_gmt":"2022-10-07T12:32:53","guid":{"rendered":"https:\/\/odiengroup.com\/?page_id=16900"},"modified":"2022-10-07T14:40:03","modified_gmt":"2022-10-07T12:40:03","slug":"roman-hermanek","status":"publish","type":"page","link":"https:\/\/odiengroup.com\/cs\/team\/roman-hermanek\/","title":{"rendered":"Roman He\u0159m\u00e1nek"},"content":{"rendered":"<p>[vc_row css_animation=&#8220;&#8220; row_type=&#8220;row&#8220; use_row_as_full_screen_section=&#8220;no&#8220; type=&#8220;full_width&#8220; angled_section=&#8220;no&#8220; text_align=&#8220;left&#8220; background_image_as_pattern=&#8220;without_pattern&#8220;][vc_column width=&#8220;1\/6&#8243;][\/vc_column][vc_column width=&#8220;1\/6&#8243;][vc_single_image image=&#8220;16895&#8243; img_size=&#8220;medium&#8220; qode_css_animation=&#8220;&#8220;][\/vc_column][vc_column width=&#8220;1\/2&#8243;][vc_column_text]<\/p>\n<h2><strong>Roman He\u0159m\u00e1nek, Finance Manager<\/strong><\/h2>\n<p>Na pozici Finance Manager m\u00e1 na starosti reporting skupiny Odien, p\u0159\u00edpravu rozpo\u010dt\u016f a \u00fa\u010detnictv\u00ed i da\u0148ov\u00e1 p\u0159izn\u00e1n\u00ed zahrani\u010dn\u00edch spole\u010dnost\u00ed skupiny. Ve spole\u010dnosti pracuje od roku 2021. \u00a0V minulosti p\u016fsobil jako Accounting Manager v poradensk\u00e9 skupin\u011b Apogeo a Head of Accounting and Tax v \u010desk\u00e9 pobo\u010dce TMF Group, kde byl i \u010dlenem p\u0159edstavenstva. Jako extern\u00ed konzultant pom\u00e1hal spole\u010dnostem v automobilov\u00e9m a realitn\u00edm sektoru. Roman He\u0159m\u00e1nek vystudoval obor \u00da\u010detnictv\u00ed a finan\u010dn\u00ed \u0159\u00edzen\u00ed podniku na Vysok\u00e9 \u0161kole ekonomick\u00e9 v Praze. Jeho rodn\u00fdm jazykem je \u010de\u0161tina, hovo\u0159\u00ed plynn\u011b anglicky.[\/vc_column_text][\/vc_column][vc_column width=&#8220;1\/6&#8243;][\/vc_column][\/vc_row]<\/p>\n","protected":false},"excerpt":{"rendered":"<p>[vc_row css_animation=&#8220;&#8220; row_type=&#8220;row&#8220; use_row_as_full_screen_section=&#8220;no&#8220; type=&#8220;full_width&#8220; angled_section=&#8220;no&#8220; text_align=&#8220;left&#8220; background_image_as_pattern=&#8220;without_pattern&#8220;][vc_column width=&#8220;1\/6&#8243;][\/vc_column][vc_column width=&#8220;1\/6&#8243;][vc_single_image image=&#8220;16895&#8243; img_size=&#8220;medium&#8220; qode_css_animation=&#8220;&#8220;][\/vc_column][vc_column width=&#8220;1\/2&#8243;][vc_column_text] Roman He\u0159m\u00e1nek, Finance Manager Na pozici Finance Manager m\u00e1 na starosti reporting skupiny Odien, p\u0159\u00edpravu rozpo\u010dt\u016f a \u00fa\u010detnictv\u00ed i da\u0148ov\u00e1 p\u0159izn\u00e1n\u00ed zahrani\u010dn\u00edch spole\u010dnost\u00ed skupiny. Ve spole\u010dnosti pracuje od roku 2021. \u00a0V&#8230;<\/p>\n","protected":false},"author":1,"featured_media":0,"parent":15637,"menu_order":0,"comment_status":"closed","ping_status":"closed","template":"","meta":{"footnotes":""},"class_list":["post-16900","page","type-page","status-publish","hentry"],"_links":{"self":[{"href":"https:\/\/odiengroup.com\/cs\/wp-json\/wp\/v2\/pages\/16900","targetHints":{"allow":["GET"]}}],"collection":[{"href":"https:\/\/odiengroup.com\/cs\/wp-json\/wp\/v2\/pages"}],"about":[{"href":"https:\/\/odiengroup.com\/cs\/wp-json\/wp\/v2\/types\/page"}],"author":[{"embeddable":true,"href":"https:\/\/odiengroup.com\/cs\/wp-json\/wp\/v2\/users\/1"}],"replies":[{"embeddable":true,"href":"https:\/\/odiengroup.com\/cs\/wp-json\/wp\/v2\/comments?post=16900"}],"version-history":[{"count":2,"href":"https:\/\/odiengroup.com\/cs\/wp-json\/wp\/v2\/pages\/16900\/revisions"}],"predecessor-version":[{"id":16905,"href":"https:\/\/odiengroup.com\/cs\/wp-json\/wp\/v2\/pages\/16900\/revisions\/16905"}],"up":[{"embeddable":true,"href":"https:\/\/odiengroup.com\/cs\/wp-json\/wp\/v2\/pages\/15637"}],"wp:attachment":[{"href":"https:\/\/odiengroup.com\/cs\/wp-json\/wp\/v2\/media?parent=16900"}],"curies":[{"name":"wp","href":"https:\/\/api.w.org\/{rel}","templated":true}]}}