{"id":16834,"date":"2022-10-06T14:13:02","date_gmt":"2022-10-06T12:13:02","guid":{"rendered":"https:\/\/odiengroup.com\/?page_id=16834"},"modified":"2026-03-05T13:16:35","modified_gmt":"2026-03-05T12:16:35","slug":"nova-rymarovska","status":"publish","type":"page","link":"https:\/\/odiengroup.com\/cs\/nova-rymarovska\/","title":{"rendered":"Nov\u00e1 R\u00fdma\u0159ovsk\u00e1"},"content":{"rendered":"<p>[vc_row css_animation=&#8220;&#8220; row_type=&#8220;row&#8220; use_row_as_full_screen_section=&#8220;no&#8220; type=&#8220;full_width&#8220; angled_section=&#8220;no&#8220; text_align=&#8220;left&#8220; background_image_as_pattern=&#8220;without_pattern&#8220;][vc_column width=&#8220;1\/6&#8243;][\/vc_column][vc_column width=&#8220;2\/3&#8243;][vc_column_text]Nov\u00e1 R\u00fdma\u0159ovsk\u00e1 je polyfunk\u010dn\u00ed projekt v pra\u017esk\u00fdch Let\u0148anech, kter\u00fd navazuje na p\u016fvodn\u00ed urbanistickou strukturu s\u00eddli\u0161t\u011b a dopl\u0148uje dosud nedokon\u010den\u00e9 n\u00e1ro\u017e\u00ed ulic R\u00fdma\u0159ovsk\u00e1 a Tupolevova. Sou\u010d\u00e1st\u00ed projektu je \u0161estn\u00e1ctipodla\u017en\u00ed reziden\u010dn\u00ed v\u011b\u017e s v\u00fdhledy na severn\u00ed Prahu, obchody a slu\u017eby v aktivn\u00edm parteru a kryt\u00e9 podloub\u00ed, kter\u00e9 zp\u0159\u00edjemn\u00ed pohyb po ulici. Dokon\u010den\u00ed projektu o\u010dek\u00e1v\u00e1me v roce 2029.<\/p>\n<p>D\u016fm vznikne na m\u00edst\u011b b\u00fdval\u00e9 technick\u00e9 stavby a p\u0159edstavuje dal\u0161\u00ed krok v postupn\u00e9 revitalizaci lokality, kde Odien dlouhodob\u011b p\u016fsob\u00ed. Nov\u00e1 R\u00fdma\u0159ovsk\u00e1 dopl\u0148uje \u0161ir\u0161\u00ed rozvoj t\u00e9to oblasti, v\u010detn\u011b transformace rozs\u00e1hl\u00e9ho brownfieldu Avia na novou \u010dtvr\u0165 AVIA City s bydlen\u00edm, ob\u010danskou vybavenost\u00ed a ve\u0159ejn\u00fdmi prostory.<\/p>\n<p>Projekt klade d\u016fraz na kvalitn\u00ed architekturu, funk\u010dn\u00ed ve\u0159ejn\u00fd prostor a p\u0159\u00ednos pro m\u00edstn\u00ed komunitu. Dopravn\u00ed dostupnost se m\u00e1 v budoucnu d\u00e1le zlep\u0161ovat d\u00edky pl\u00e1novan\u00e9 stanici vysokorychlostn\u00ed \u017eeleznice \u201ePraha sever\u201c a prodlou\u017een\u00ed tramvajov\u00e9 trati sm\u011brem k \u010cakovic\u00edm.[\/vc_column_text][\/vc_column][vc_column width=&#8220;1\/6&#8243;][\/vc_column][\/vc_row][vc_row css_animation=&#8220;&#8220; row_type=&#8220;row&#8220; use_row_as_full_screen_section=&#8220;no&#8220; type=&#8220;full_width&#8220; angled_section=&#8220;no&#8220; text_align=&#8220;left&#8220; background_image_as_pattern=&#8220;without_pattern&#8220;][vc_column][vc_empty_space][\/vc_column][\/vc_row]<\/p>\n","protected":false},"excerpt":{"rendered":"<p>[vc_row css_animation=&#8220;&#8220; row_type=&#8220;row&#8220; use_row_as_full_screen_section=&#8220;no&#8220; type=&#8220;full_width&#8220; angled_section=&#8220;no&#8220; text_align=&#8220;left&#8220; background_image_as_pattern=&#8220;without_pattern&#8220;][vc_column width=&#8220;1\/6&#8243;][\/vc_column][vc_column width=&#8220;2\/3&#8243;][vc_column_text]Nov\u00e1 R\u00fdma\u0159ovsk\u00e1 je polyfunk\u010dn\u00ed projekt v pra\u017esk\u00fdch Let\u0148anech, kter\u00fd navazuje na p\u016fvodn\u00ed urbanistickou strukturu s\u00eddli\u0161t\u011b a dopl\u0148uje dosud nedokon\u010den\u00e9 n\u00e1ro\u017e\u00ed ulic R\u00fdma\u0159ovsk\u00e1 a Tupolevova. Sou\u010d\u00e1st\u00ed projektu je \u0161estn\u00e1ctipodla\u017en\u00ed reziden\u010dn\u00ed v\u011b\u017e s v\u00fdhledy na severn\u00ed Prahu, obchody&#8230;<\/p>\n","protected":false},"author":1,"featured_media":0,"parent":0,"menu_order":0,"comment_status":"closed","ping_status":"closed","template":"","meta":{"footnotes":""},"class_list":["post-16834","page","type-page","status-publish","hentry"],"_links":{"self":[{"href":"https:\/\/odiengroup.com\/cs\/wp-json\/wp\/v2\/pages\/16834","targetHints":{"allow":["GET"]}}],"collection":[{"href":"https:\/\/odiengroup.com\/cs\/wp-json\/wp\/v2\/pages"}],"about":[{"href":"https:\/\/odiengroup.com\/cs\/wp-json\/wp\/v2\/types\/page"}],"author":[{"embeddable":true,"href":"https:\/\/odiengroup.com\/cs\/wp-json\/wp\/v2\/users\/1"}],"replies":[{"embeddable":true,"href":"https:\/\/odiengroup.com\/cs\/wp-json\/wp\/v2\/comments?post=16834"}],"version-history":[{"count":7,"href":"https:\/\/odiengroup.com\/cs\/wp-json\/wp\/v2\/pages\/16834\/revisions"}],"predecessor-version":[{"id":17647,"href":"https:\/\/odiengroup.com\/cs\/wp-json\/wp\/v2\/pages\/16834\/revisions\/17647"}],"wp:attachment":[{"href":"https:\/\/odiengroup.com\/cs\/wp-json\/wp\/v2\/media?parent=16834"}],"curies":[{"name":"wp","href":"https:\/\/api.w.org\/{rel}","templated":true}]}}