{"id":16820,"date":"2022-10-06T13:11:51","date_gmt":"2022-10-06T11:11:51","guid":{"rendered":"https:\/\/odiengroup.com\/?page_id=16820"},"modified":"2022-10-06T13:11:51","modified_gmt":"2022-10-06T11:11:51","slug":"avia-business-park","status":"publish","type":"page","link":"https:\/\/odiengroup.com\/cs\/avia-business-park\/","title":{"rendered":"Avia Business Park"},"content":{"rendered":"<p>[vc_row css_animation=&#8220;&#8220; row_type=&#8220;row&#8220; use_row_as_full_screen_section=&#8220;no&#8220; type=&#8220;full_width&#8220; angled_section=&#8220;no&#8220; text_align=&#8220;left&#8220; background_image_as_pattern=&#8220;without_pattern&#8220;][vc_column width=&#8220;1\/6&#8243;][\/vc_column][vc_column width=&#8220;2\/3&#8243;][vc_column_text]Projekt nov\u00e9ho vyu\u017eit\u00ed jihov\u00fdchodn\u00ed \u010d\u00e1sti st\u00e1vaj\u00edc\u00edho are\u00e1lu AVIA Let\u0148any v\u00a0severn\u00ed \u010d\u00e1sti Prahy v\u00a0m\u011bstsk\u00e9 \u010d\u00e1sti Let\u0148any. C\u00edlem projektu je vytvo\u0159en\u00ed ucelen\u00e9ho business parku, kter\u00fd bude poskytovat komplexn\u00ed z\u00e1zem\u00ed a\u00a0slu\u017eby c\u00edlov\u00e9 skupin\u011b klient\u016f a\u00a0jejich z\u00e1kazn\u00edk\u016f.<\/p>\n<p>&nbsp;<\/p>\n<p>C\u00edlovou skupinu klient\u016f tvo\u0159\u00ed st\u0159edn\u00ed a\u00a0men\u0161\u00ed spole\u010dnosti z\u00a0r\u016fzn\u00fdch oblast\u00ed slu\u017eeb, pr\u016fmyslu, v\u00fdroby, v\u011bdy a\u00a0v\u00fdzkumu, kter\u00e9 popt\u00e1vaj\u00ed prostory pro svoji \u010dinnost. Objekty navrhovan\u00e9ho are\u00e1lu AVIA Business Park jsou navr\u017eeny jako univers\u00e1ln\u00ed, variabiln\u00ed n\u00e1jemn\u00ed prostor, kter\u00fd je mo\u017en\u00e9 vy\u017e\u00edvat pro r\u016fznorodou, polyfunk\u010dn\u00ed n\u00e1pl\u0148 jako jsou d\u00edlny, kancel\u00e1\u0159e, retailov\u00e9 prodejny, showroomy apod., s\u00a0jednozna\u010dnou akcentac\u00ed t\u011bch segment\u016f v\u00fdroby a\u00a0slu\u017eeb, kter\u00e9 sv\u00fdm charakterem nebudou zat\u011b\u017eovat okol\u00ed.<\/p>\n<p>&nbsp;<\/p>\n<p>Objekt bude vhodn\u011b dopl\u0148ovat z\u00e1padn\u00ed \u010d\u00e1st are\u00e1lu, a\u00a0to hlavn\u011b funkcemi zam\u011b\u0159en\u00fdmi na nab\u00eddku zam\u011bstn\u00e1n\u00ed a\u00a0pracovn\u00edch p\u0159\u00edle\u017eitost\u00ed pro obyvatele AVIA City, Let\u0148an a\u00a0\u010cakovic a\u00a0z\u00e1rove\u0148 bude tvo\u0159it dopl\u0148uj\u00edc\u00ed nab\u00eddku z\u00a0hlediska nab\u00edzen\u00fdch slu\u017eeb.[\/vc_column_text][\/vc_column][vc_column width=&#8220;1\/6&#8243;][\/vc_column][\/vc_row][vc_row css_animation=&#8220;&#8220; row_type=&#8220;row&#8220; use_row_as_full_screen_section=&#8220;no&#8220; type=&#8220;full_width&#8220; angled_section=&#8220;no&#8220; text_align=&#8220;left&#8220; background_image_as_pattern=&#8220;without_pattern&#8220;][vc_column][vc_empty_space][\/vc_column][\/vc_row][vc_row css_animation=&#8220;&#8220; row_type=&#8220;row&#8220; use_row_as_full_screen_section=&#8220;no&#8220; type=&#8220;full_width&#8220; angled_section=&#8220;no&#8220; text_align=&#8220;left&#8220; background_image_as_pattern=&#8220;without_pattern&#8220;][vc_column][vc_gallery type=&#8220;image_grid&#8220; images=&#8220;16823,16821&#8243; img_size=&#8220;large&#8220; onclick=&#8220;&#8220; column_number=&#8220;2&#8243; grayscale=&#8220;no&#8220; images_space=&#8220;gallery_with_space&#8220; title=&#8220;Avia Business Park vizualizace&#8220;][\/vc_column][\/vc_row]<\/p>\n","protected":false},"excerpt":{"rendered":"<p>[vc_row css_animation=&#8220;&#8220; row_type=&#8220;row&#8220; use_row_as_full_screen_section=&#8220;no&#8220; type=&#8220;full_width&#8220; angled_section=&#8220;no&#8220; text_align=&#8220;left&#8220; background_image_as_pattern=&#8220;without_pattern&#8220;][vc_column width=&#8220;1\/6&#8243;][\/vc_column][vc_column width=&#8220;2\/3&#8243;][vc_column_text]Projekt nov\u00e9ho vyu\u017eit\u00ed jihov\u00fdchodn\u00ed \u010d\u00e1sti st\u00e1vaj\u00edc\u00edho are\u00e1lu AVIA Let\u0148any v\u00a0severn\u00ed \u010d\u00e1sti Prahy v\u00a0m\u011bstsk\u00e9 \u010d\u00e1sti Let\u0148any. C\u00edlem projektu je vytvo\u0159en\u00ed ucelen\u00e9ho business parku, kter\u00fd bude poskytovat komplexn\u00ed z\u00e1zem\u00ed a\u00a0slu\u017eby c\u00edlov\u00e9 skupin\u011b klient\u016f a\u00a0jejich z\u00e1kazn\u00edk\u016f. &nbsp; C\u00edlovou skupinu&#8230;<\/p>\n","protected":false},"author":1,"featured_media":0,"parent":0,"menu_order":0,"comment_status":"closed","ping_status":"closed","template":"","meta":{"footnotes":""},"class_list":["post-16820","page","type-page","status-publish","hentry"],"_links":{"self":[{"href":"https:\/\/odiengroup.com\/cs\/wp-json\/wp\/v2\/pages\/16820","targetHints":{"allow":["GET"]}}],"collection":[{"href":"https:\/\/odiengroup.com\/cs\/wp-json\/wp\/v2\/pages"}],"about":[{"href":"https:\/\/odiengroup.com\/cs\/wp-json\/wp\/v2\/types\/page"}],"author":[{"embeddable":true,"href":"https:\/\/odiengroup.com\/cs\/wp-json\/wp\/v2\/users\/1"}],"replies":[{"embeddable":true,"href":"https:\/\/odiengroup.com\/cs\/wp-json\/wp\/v2\/comments?post=16820"}],"version-history":[{"count":2,"href":"https:\/\/odiengroup.com\/cs\/wp-json\/wp\/v2\/pages\/16820\/revisions"}],"predecessor-version":[{"id":16826,"href":"https:\/\/odiengroup.com\/cs\/wp-json\/wp\/v2\/pages\/16820\/revisions\/16826"}],"wp:attachment":[{"href":"https:\/\/odiengroup.com\/cs\/wp-json\/wp\/v2\/media?parent=16820"}],"curies":[{"name":"wp","href":"https:\/\/api.w.org\/{rel}","templated":true}]}}