{"id":16759,"date":"2022-10-05T11:32:26","date_gmt":"2022-10-05T09:32:26","guid":{"rendered":"https:\/\/odiengroup.com\/?page_id=16759"},"modified":"2026-02-04T09:17:00","modified_gmt":"2026-02-04T08:17:00","slug":"blue-orange","status":"publish","type":"page","link":"https:\/\/odiengroup.com\/cs\/blue-orange\/","title":{"rendered":"Blue Orange Resort"},"content":{"rendered":"<p>[vc_row css_animation=&#8220;&#8220; row_type=&#8220;row&#8220; use_row_as_full_screen_section=&#8220;no&#8220; type=&#8220;full_width&#8220; angled_section=&#8220;no&#8220; text_align=&#8220;left&#8220; background_image_as_pattern=&#8220;without_pattern&#8220;][vc_column width=&#8220;1\/6&#8243;][\/vc_column][vc_column width=&#8220;2\/3&#8243;][vc_column_text]Modern\u00ed sportovn\u00ed a relaxa\u010dn\u00ed centrum na Praze 8, nab\u00edzej\u00edc\u00ed \u0161irokou \u0161k\u00e1lu slu\u017eeb, kter\u00e9 podporuj\u00ed sportovn\u00ed v\u00fdkonnost a aktivn\u00ed \u017eivotn\u00ed styl. Odien Group ho znovuotev\u0159ela v\u00a0\u010dervnu 2021 po p\u0159evzet\u00ed od p\u016fvodn\u00edho majitele a po dokon\u010den\u00ed kompletn\u00ed rekonstrukce a obnovy v\u0161ech provoz\u016f. Roz\u0161\u00ed\u0159ila i nab\u00eddku poskytovan\u00fdch slu\u017eeb.<\/p>\n<p>&nbsp;<\/p>\n<p>Host\u016fm je nyn\u00ed k dispozici ve\u0159ejn\u00e9 i klubov\u00e9 fitness a wellness centrum, kryo komora, mas\u00e1\u017ee, fyzioterapie, soukrom\u00e9 i skupinov\u00e9 lekce nebo diagnostika a v\u00fd\u017eivov\u00e9 poradenstv\u00ed. Sou\u010d\u00e1st\u00ed rezortu jsou rovn\u011b\u017e restaurace The One Bistro &amp; Bar, rychl\u00e9 a zdrav\u00e9 ob\u010derstven\u00ed Caf\u00e9 &amp; Deli, hotel a konferen\u010dn\u00ed prostory. V pl\u00e1nu je otev\u0159en\u00ed sportovn\u00ed kliniky.<\/p>\n<p>&nbsp;<\/p>\n<p>V\u00edce informac\u00ed naleznete na webu<\/p>\n<p><a href=\"https:\/\/www.blueorange.cz\">https:\/\/www.blueorange.cz<\/a>[\/vc_column_text][\/vc_column][vc_column width=&#8220;1\/6&#8243;][\/vc_column][\/vc_row][vc_row css_animation=&#8220;&#8220; row_type=&#8220;row&#8220; use_row_as_full_screen_section=&#8220;no&#8220; type=&#8220;full_width&#8220; angled_section=&#8220;no&#8220; text_align=&#8220;left&#8220; background_image_as_pattern=&#8220;without_pattern&#8220;][vc_column][vc_empty_space][\/vc_column][\/vc_row][vc_row css_animation=&#8220;&#8220; row_type=&#8220;row&#8220; use_row_as_full_screen_section=&#8220;no&#8220; type=&#8220;full_width&#8220; angled_section=&#8220;no&#8220; text_align=&#8220;left&#8220; background_image_as_pattern=&#8220;without_pattern&#8220;][vc_column][vc_gallery type=&#8220;image_grid&#8220; images=&#8220;16735,16745,16739,16737,16743,17011,16741,16991,16749&#8243; img_size=&#8220;large&#8220; onclick=&#8220;&#8220; column_number=&#8220;2&#8243; grayscale=&#8220;no&#8220; images_space=&#8220;gallery_with_space&#8220;][\/vc_column][\/vc_row]<\/p>\n","protected":false},"excerpt":{"rendered":"<p>[vc_row css_animation=&#8220;&#8220; row_type=&#8220;row&#8220; use_row_as_full_screen_section=&#8220;no&#8220; type=&#8220;full_width&#8220; angled_section=&#8220;no&#8220; text_align=&#8220;left&#8220; background_image_as_pattern=&#8220;without_pattern&#8220;][vc_column width=&#8220;1\/6&#8243;][\/vc_column][vc_column width=&#8220;2\/3&#8243;][vc_column_text]Modern\u00ed sportovn\u00ed a relaxa\u010dn\u00ed centrum na Praze 8, nab\u00edzej\u00edc\u00ed \u0161irokou \u0161k\u00e1lu slu\u017eeb, kter\u00e9 podporuj\u00ed sportovn\u00ed v\u00fdkonnost a aktivn\u00ed \u017eivotn\u00ed styl. Odien Group ho znovuotev\u0159ela v\u00a0\u010dervnu 2021 po p\u0159evzet\u00ed od p\u016fvodn\u00edho majitele a po dokon\u010den\u00ed kompletn\u00ed rekonstrukce&#8230;<\/p>\n","protected":false},"author":1,"featured_media":0,"parent":0,"menu_order":0,"comment_status":"closed","ping_status":"closed","template":"","meta":{"footnotes":""},"class_list":["post-16759","page","type-page","status-publish","hentry"],"_links":{"self":[{"href":"https:\/\/odiengroup.com\/cs\/wp-json\/wp\/v2\/pages\/16759","targetHints":{"allow":["GET"]}}],"collection":[{"href":"https:\/\/odiengroup.com\/cs\/wp-json\/wp\/v2\/pages"}],"about":[{"href":"https:\/\/odiengroup.com\/cs\/wp-json\/wp\/v2\/types\/page"}],"author":[{"embeddable":true,"href":"https:\/\/odiengroup.com\/cs\/wp-json\/wp\/v2\/users\/1"}],"replies":[{"embeddable":true,"href":"https:\/\/odiengroup.com\/cs\/wp-json\/wp\/v2\/comments?post=16759"}],"version-history":[{"count":6,"href":"https:\/\/odiengroup.com\/cs\/wp-json\/wp\/v2\/pages\/16759\/revisions"}],"predecessor-version":[{"id":17590,"href":"https:\/\/odiengroup.com\/cs\/wp-json\/wp\/v2\/pages\/16759\/revisions\/17590"}],"wp:attachment":[{"href":"https:\/\/odiengroup.com\/cs\/wp-json\/wp\/v2\/media?parent=16759"}],"curies":[{"name":"wp","href":"https:\/\/api.w.org\/{rel}","templated":true}]}}