{"id":16512,"date":"2020-10-06T11:46:08","date_gmt":"2020-10-06T09:46:08","guid":{"rendered":"http:\/\/odiengroup.com\/?page_id=16512"},"modified":"2020-10-06T16:24:49","modified_gmt":"2020-10-06T14:24:49","slug":"evzen-listik","status":"publish","type":"page","link":"https:\/\/odiengroup.com\/cs\/team\/evzen-listik\/","title":{"rendered":"Ev\u017een List\u00edk"},"content":{"rendered":"<p>[vc_row css_animation=&#8220;&#8220; row_type=&#8220;row&#8220; use_row_as_full_screen_section=&#8220;no&#8220; type=&#8220;full_width&#8220; angled_section=&#8220;no&#8220; text_align=&#8220;left&#8220; background_image_as_pattern=&#8220;without_pattern&#8220;][vc_column width=&#8220;1\/6&#8243;][\/vc_column][vc_column width=&#8220;1\/6&#8243;][vc_single_image image=&#8220;16479&#8243; qode_css_animation=&#8220;&#8220;][\/vc_column][vc_column width=&#8220;1\/2&#8243;][vc_column_text]<\/p>\n<h2><strong>Ev\u017een List\u00edk, Avia Energo chief operations manager<\/strong><\/h2>\n<p>Pan List\u00edk je vedouc\u00edm provozn\u00edm pracovn\u00edkem odpov\u011bdn\u00fdm za \u0159\u00edzen\u00ed ka\u017edodenn\u00edho provozu spole\u010dnosti Avia Energo, s.r.o., je tak\u00e9 odpov\u011bdn\u00fd za strategick\u00fd rozvoj energetick\u00fdch s\u00edt\u00ed v Avia City a okol\u00ed.<\/p>\n<p>P\u0159ed svou sou\u010dasnou rol\u00ed pracoval v energetick\u00e9m pr\u016fmyslu, zejm\u00e9na ve v\u00fdrob\u011b a distribuci tepla a elekt\u0159iny. Pan List\u00edk p\u0159i\u0161el do Odienu v z\u00e1\u0159\u00ed 2019 z innogy Energo, kde byl zodpov\u011bdn\u00fd za vztahy se z\u00e1kazn\u00edky a za p\u0159\u00edpravu nov\u00fdch projekt\u016f zalo\u017een\u00fdch na kogenera\u010dn\u00edch jednotk\u00e1ch. Pan List\u00edk vystudoval \u010cVUT Praha (\u010cesk\u00fd technick\u00fd institut) &#8211; Strojn\u00ed in\u017een\u00fdrskou fakultu. Je rodil\u00fdm mluv\u010d\u00edm \u010desk\u00e9ho jazyka, mluv\u00ed plynn\u011b anglicky.[\/vc_column_text][\/vc_column][vc_column width=&#8220;1\/6&#8243;][\/vc_column][\/vc_row]<\/p>\n","protected":false},"excerpt":{"rendered":"<p>[vc_row css_animation=&#8220;&#8220; row_type=&#8220;row&#8220; use_row_as_full_screen_section=&#8220;no&#8220; type=&#8220;full_width&#8220; angled_section=&#8220;no&#8220; text_align=&#8220;left&#8220; background_image_as_pattern=&#8220;without_pattern&#8220;][vc_column width=&#8220;1\/6&#8243;][\/vc_column][vc_column width=&#8220;1\/6&#8243;][vc_single_image image=&#8220;16479&#8243; qode_css_animation=&#8220;&#8220;][\/vc_column][vc_column width=&#8220;1\/2&#8243;][vc_column_text] Ev\u017een List\u00edk, Avia Energo chief operations manager Pan List\u00edk je vedouc\u00edm provozn\u00edm pracovn\u00edkem odpov\u011bdn\u00fdm za \u0159\u00edzen\u00ed ka\u017edodenn\u00edho provozu spole\u010dnosti Avia Energo, s.r.o., je tak\u00e9 odpov\u011bdn\u00fd za strategick\u00fd rozvoj energetick\u00fdch s\u00edt\u00ed v Avia&#8230;<\/p>\n","protected":false},"author":1,"featured_media":0,"parent":15637,"menu_order":0,"comment_status":"closed","ping_status":"closed","template":"","meta":{"footnotes":""},"class_list":["post-16512","page","type-page","status-publish","hentry"],"_links":{"self":[{"href":"https:\/\/odiengroup.com\/cs\/wp-json\/wp\/v2\/pages\/16512","targetHints":{"allow":["GET"]}}],"collection":[{"href":"https:\/\/odiengroup.com\/cs\/wp-json\/wp\/v2\/pages"}],"about":[{"href":"https:\/\/odiengroup.com\/cs\/wp-json\/wp\/v2\/types\/page"}],"author":[{"embeddable":true,"href":"https:\/\/odiengroup.com\/cs\/wp-json\/wp\/v2\/users\/1"}],"replies":[{"embeddable":true,"href":"https:\/\/odiengroup.com\/cs\/wp-json\/wp\/v2\/comments?post=16512"}],"version-history":[{"count":2,"href":"https:\/\/odiengroup.com\/cs\/wp-json\/wp\/v2\/pages\/16512\/revisions"}],"predecessor-version":[{"id":16531,"href":"https:\/\/odiengroup.com\/cs\/wp-json\/wp\/v2\/pages\/16512\/revisions\/16531"}],"up":[{"embeddable":true,"href":"https:\/\/odiengroup.com\/cs\/wp-json\/wp\/v2\/pages\/15637"}],"wp:attachment":[{"href":"https:\/\/odiengroup.com\/cs\/wp-json\/wp\/v2\/media?parent=16512"}],"curies":[{"name":"wp","href":"https:\/\/api.w.org\/{rel}","templated":true}]}}