{"id":16354,"date":"2020-04-07T15:27:48","date_gmt":"2020-04-07T13:27:48","guid":{"rendered":"http:\/\/odiengroup.com\/?page_id=16354"},"modified":"2020-04-07T15:27:48","modified_gmt":"2020-04-07T13:27:48","slug":"konferencni-prostory","status":"publish","type":"page","link":"https:\/\/odiengroup.com\/cs\/konferencni-prostory\/","title":{"rendered":"Konferen\u010dn\u00ed prostory"},"content":{"rendered":"<p>[vc_row css_animation=&#8220;&#8220; row_type=&#8220;row&#8220; use_row_as_full_screen_section=&#8220;no&#8220; type=&#8220;full_width&#8220; angled_section=&#8220;no&#8220; text_align=&#8220;left&#8220; background_image_as_pattern=&#8220;without_pattern&#8220;][vc_column width=&#8220;1\/6&#8243;][\/vc_column][vc_column width=&#8220;2\/3&#8243;][vc_column_text]Za\u017eijte maximum na setk\u00e1n\u00edch na pob\u0159e\u017e\u00ed Jadersk\u00e9ho mo\u0159e.<\/p>\n<p>Lze vyu\u017e\u00edt a\u017e 5 000 metr\u016f \u010dtvere\u010dn\u00edch celkov\u00e9ho konferen\u010dn\u00edho prostoru, rozlo\u017een\u00fdch na dvou podla\u017e\u00edch, v\u010detn\u011b velk\u00e9ho tane\u010dn\u00edho s\u00e1lu bez sloup\u016f s p\u0159irozen\u00fdm sv\u011btlem. Kompletn\u00ed konferen\u010dn\u00ed vybaven\u00ed zahrnuje pron\u00e1jem po\u010d\u00edta\u010de, nejmodern\u011bj\u0161\u00ed zvukov\u00e9 a obrazov\u00e9 vybaven\u00ed, multifunk\u010dn\u00ed digit\u00e1ln\u00ed signage a p\u0159\u00edstup k vysokorychlostn\u00edmu internetu.[\/vc_column_text][\/vc_column][vc_column width=&#8220;1\/6&#8243;][\/vc_column][\/vc_row][vc_row css_animation=&#8220;&#8220; row_type=&#8220;row&#8220; use_row_as_full_screen_section=&#8220;no&#8220; type=&#8220;full_width&#8220; angled_section=&#8220;no&#8220; text_align=&#8220;left&#8220; background_image_as_pattern=&#8220;without_pattern&#8220;][vc_column][vc_empty_space][\/vc_column][\/vc_row][vc_row css_animation=&#8220;&#8220; row_type=&#8220;row&#8220; use_row_as_full_screen_section=&#8220;no&#8220; type=&#8220;full_width&#8220; angled_section=&#8220;no&#8220; text_align=&#8220;left&#8220; background_image_as_pattern=&#8220;without_pattern&#8220;][vc_column][vc_gallery type=&#8220;image_grid&#8220; images=&#8220;16346,16345,16344,16342,16341,16340,16339,16338,16347,16343&#8243; img_size=&#8220;1000&#215;500&#8243; onclick=&#8220;&#8220; css_animation=&#8220;bounceInDown&#8220; column_number=&#8220;2&#8243; grayscale=&#8220;no&#8220; images_space=&#8220;gallery_with_space&#8220;][\/vc_column][\/vc_row]<\/p>\n","protected":false},"excerpt":{"rendered":"<p>[vc_row css_animation=&#8220;&#8220; row_type=&#8220;row&#8220; use_row_as_full_screen_section=&#8220;no&#8220; type=&#8220;full_width&#8220; angled_section=&#8220;no&#8220; text_align=&#8220;left&#8220; background_image_as_pattern=&#8220;without_pattern&#8220;][vc_column width=&#8220;1\/6&#8243;][\/vc_column][vc_column width=&#8220;2\/3&#8243;][vc_column_text]Za\u017eijte maximum na setk\u00e1n\u00edch na pob\u0159e\u017e\u00ed Jadersk\u00e9ho mo\u0159e. Lze vyu\u017e\u00edt a\u017e 5 000 metr\u016f \u010dtvere\u010dn\u00edch celkov\u00e9ho konferen\u010dn\u00edho prostoru, rozlo\u017een\u00fdch na dvou podla\u017e\u00edch, v\u010detn\u011b velk\u00e9ho tane\u010dn\u00edho s\u00e1lu bez sloup\u016f s p\u0159irozen\u00fdm sv\u011btlem. Kompletn\u00ed konferen\u010dn\u00ed vybaven\u00ed zahrnuje pron\u00e1jem&#8230;<\/p>\n","protected":false},"author":1,"featured_media":0,"parent":0,"menu_order":0,"comment_status":"closed","ping_status":"closed","template":"","meta":{"footnotes":""},"class_list":["post-16354","page","type-page","status-publish","hentry"],"_links":{"self":[{"href":"https:\/\/odiengroup.com\/cs\/wp-json\/wp\/v2\/pages\/16354","targetHints":{"allow":["GET"]}}],"collection":[{"href":"https:\/\/odiengroup.com\/cs\/wp-json\/wp\/v2\/pages"}],"about":[{"href":"https:\/\/odiengroup.com\/cs\/wp-json\/wp\/v2\/types\/page"}],"author":[{"embeddable":true,"href":"https:\/\/odiengroup.com\/cs\/wp-json\/wp\/v2\/users\/1"}],"replies":[{"embeddable":true,"href":"https:\/\/odiengroup.com\/cs\/wp-json\/wp\/v2\/comments?post=16354"}],"version-history":[{"count":1,"href":"https:\/\/odiengroup.com\/cs\/wp-json\/wp\/v2\/pages\/16354\/revisions"}],"predecessor-version":[{"id":16355,"href":"https:\/\/odiengroup.com\/cs\/wp-json\/wp\/v2\/pages\/16354\/revisions\/16355"}],"wp:attachment":[{"href":"https:\/\/odiengroup.com\/cs\/wp-json\/wp\/v2\/media?parent=16354"}],"curies":[{"name":"wp","href":"https:\/\/api.w.org\/{rel}","templated":true}]}}