{"id":16288,"date":"2020-04-02T16:21:32","date_gmt":"2020-04-02T14:21:32","guid":{"rendered":"http:\/\/odiengroup.com\/?page_id=16288"},"modified":"2025-09-26T12:01:45","modified_gmt":"2025-09-26T10:01:45","slug":"kariera","status":"publish","type":"page","link":"https:\/\/odiengroup.com\/cs\/kariera\/","title":{"rendered":"Kari\u00e9ra"},"content":{"rendered":"<p>[vc_row css_animation=&#8220;&#8220; row_type=&#8220;row&#8220; use_row_as_full_screen_section=&#8220;no&#8220; type=&#8220;full_width&#8220; angled_section=&#8220;no&#8220; text_align=&#8220;left&#8220; background_image_as_pattern=&#8220;without_pattern&#8220;][vc_column width=&#8220;1\/6&#8243;][\/vc_column][vc_column width=&#8220;2\/3&#8243;][\/vc_column][vc_column width=&#8220;1\/6&#8243;][\/vc_column][\/vc_row][vc_row css_animation=&#8220;&#8220; row_type=&#8220;row&#8220; use_row_as_full_screen_section=&#8220;no&#8220; type=&#8220;full_width&#8220; angled_section=&#8220;no&#8220; text_align=&#8220;left&#8220; background_image_as_pattern=&#8220;without_pattern&#8220;][vc_column][vc_empty_space height=&#8220;62px&#8220;][\/vc_column][\/vc_row][vc_row css_animation=&#8220;&#8220; row_type=&#8220;row&#8220; use_row_as_full_screen_section=&#8220;no&#8220; type=&#8220;full_width&#8220; angled_section=&#8220;no&#8220; text_align=&#8220;left&#8220; background_image_as_pattern=&#8220;without_pattern&#8220;][vc_column width=&#8220;1\/6&#8243;][\/vc_column][vc_column width=&#8220;2\/3&#8243;][vc_column_text]Do na\u0161eho t\u00fdmu hled\u00e1me <strong>spolehlivou a pe\u010dlivou samostatnou \u00fa\u010detn\u00ed<\/strong>, kter\u00e1 se stane d\u016fle\u017eitou sou\u010d\u00e1st\u00ed finan\u010dn\u00edho odd\u011blen\u00ed a podpo\u0159\u00ed n\u00e1s v dal\u0161\u00edm r\u016fstu.<\/p>\n<p>&nbsp;<\/p>\n<p><strong>Samostatn\u00e1\/\u00fd \u00fa\u010detn\u00ed <\/strong><\/p>\n<p><strong>Lokalita P9 &#8211; Let\u0148any<\/strong><\/p>\n<p>&nbsp;<\/p>\n<p>N\u00e1pl\u0148 pr\u00e1ce:<\/p>\n<ul>\n<li>Samostatn\u00e9 veden\u00ed \u00fa\u010detnictv\u00ed mate\u0159sk\u00e9 spole\u010dnosti a dce\u0159in\u00fdch spole\u010dnost\u00ed dle \u010cUS<\/li>\n<li>M\u011bs\u00ed\u010dn\u00ed uz\u00e1v\u011brkov\u00e9 operace<\/li>\n<li>M\u011bs\u00ed\u010dn\u00ed zpracov\u00e1n\u00ed kontroln\u00edho hl\u00e1\u0161en\u00ed a DPH<\/li>\n<li>P\u0159\u00edprava podklad\u016f pro da\u0148 z\u00a0nemovitost\u00ed a da\u0148 z\u00a0p\u0159\u00edjm\u016f pr\u00e1vnick\u00fdch osob<\/li>\n<li>Denn\u00ed zpracov\u00e1n\u00ed bankovn\u00edch v\u00fdpis\u016f a pokladny<\/li>\n<li>Spolupr\u00e1ce na ro\u010dn\u00ed uz\u00e1v\u011brce spole\u010dnost\u00ed<\/li>\n<li>Komunikace s\u00a0org\u00e1ny st\u00e1tn\u00ed spr\u00e1vy, auditory a bankami<\/li>\n<li>\u00dazk\u00e1 spolupr\u00e1ce s\u00a0ostatn\u00edmi \u00fatvary a veden\u00ed men\u0161\u00edho kolektivu<\/li>\n<\/ul>\n<p>&nbsp;<\/p>\n<p>&nbsp;<\/p>\n<p>Po\u017eadujeme:<\/p>\n<ul>\n<li>S\u0160\/V\u0160 vzd\u011bl\u00e1n\u00ed ekonomick\u00e9ho sm\u011bru<\/li>\n<li>Praxe na obdobn\u00e9 pozici min. 5 let<\/li>\n<li>Znalost podvojn\u00e9ho \u00fa\u010detnictv\u00ed, \u010c\u00daS a da\u0148ov\u00fdch z\u00e1kon\u016f<\/li>\n<li>Znalost MS Office &#8211; Excel, Word<\/li>\n<li>Znalost informa\u010dn\u00edho syst\u00e9mu Dynamics Business Central (Navision) velkou v\u00fdhodou<\/li>\n<li>Znalost informa\u010dn\u00edho syst\u00e9mu Helios velkou v\u00fdhodou<\/li>\n<li>Znalost oboru gastro a hotelnictv\u00ed v\u00fdhodou<\/li>\n<li>Zku\u0161enost s\u00a0veden\u00edm men\u0161\u00edho kolektivu<\/li>\n<li>AJ v\u00fdhodou<\/li>\n<\/ul>\n<p>&nbsp;<\/p>\n<p>Nab\u00edz\u00edme:<\/p>\n<ul>\n<li>Perspektivn\u00ed dlouhodobou pracovn\u00ed p\u0159\u00edle\u017eitost<\/li>\n<li>Dobr\u00e9 mzdov\u00e9 podm\u00ednky odpov\u00eddaj\u00edc\u00ed zku\u0161enostem a praxi<\/li>\n<li>Pru\u017enou pracovn\u00ed dobu<\/li>\n<li>Mo\u017enost zkr\u00e1cen\u00e9ho \u00favazku a \u010d\u00e1ste\u010dn\u00e9ho home office<\/li>\n<li>Zam\u011bstnaneck\u00e9 v\u00fdhody (penzijn\u00ed p\u0159ipoji\u0161t\u011bn\u00ed, stravenkov\u00fd pau\u0161\u00e1l, cvi\u010den\u00ed ve Fitness Clubu zdarma, lekce AJ, a jin\u00e9)<\/li>\n<li>Mo\u017enost kontinu\u00e1ln\u00edho zvy\u0161ov\u00e1n\u00ed kvalifikace<\/li>\n<li>N\u00e1stup mo\u017en\u00fd ihned<\/li>\n<li>M\u00edsto pracovi\u0161t\u011b: Praha \u2013 Let\u0148any<\/li>\n<\/ul>\n<p>&nbsp;<\/p>\n<p>&nbsp;<\/p>\n<p>&nbsp;<\/p>\n<p>Za\u0161lete n\u00e1m pros\u00edm sv\u016fj \u017eivotopis na e-mail: zdenka.prazakova@odiengroup.com. T\u011b\u0161\u00edme se na Va\u0161i odpov\u011b\u010f![\/vc_column_text][\/vc_column][vc_column width=&#8220;1\/6&#8243;][\/vc_column][\/vc_row]<\/p>\n","protected":false},"excerpt":{"rendered":"<p>[vc_row css_animation=&#8220;&#8220; row_type=&#8220;row&#8220; use_row_as_full_screen_section=&#8220;no&#8220; type=&#8220;full_width&#8220; angled_section=&#8220;no&#8220; text_align=&#8220;left&#8220; background_image_as_pattern=&#8220;without_pattern&#8220;][vc_column width=&#8220;1\/6&#8243;][\/vc_column][vc_column width=&#8220;2\/3&#8243;][\/vc_column][vc_column width=&#8220;1\/6&#8243;][\/vc_column][\/vc_row][vc_row css_animation=&#8220;&#8220; row_type=&#8220;row&#8220; use_row_as_full_screen_section=&#8220;no&#8220; type=&#8220;full_width&#8220; angled_section=&#8220;no&#8220; text_align=&#8220;left&#8220; background_image_as_pattern=&#8220;without_pattern&#8220;][vc_column][vc_empty_space height=&#8220;62px&#8220;][\/vc_column][\/vc_row][vc_row css_animation=&#8220;&#8220; row_type=&#8220;row&#8220; use_row_as_full_screen_section=&#8220;no&#8220; type=&#8220;full_width&#8220; angled_section=&#8220;no&#8220; text_align=&#8220;left&#8220; background_image_as_pattern=&#8220;without_pattern&#8220;][vc_column width=&#8220;1\/6&#8243;][\/vc_column][vc_column width=&#8220;2\/3&#8243;][vc_column_text]Do na\u0161eho t\u00fdmu hled\u00e1me spolehlivou a pe\u010dlivou samostatnou \u00fa\u010detn\u00ed, kter\u00e1 se stane d\u016fle\u017eitou sou\u010d\u00e1st\u00ed finan\u010dn\u00edho odd\u011blen\u00ed a podpo\u0159\u00ed&#8230;<\/p>\n","protected":false},"author":1,"featured_media":0,"parent":0,"menu_order":0,"comment_status":"closed","ping_status":"closed","template":"","meta":{"footnotes":""},"class_list":["post-16288","page","type-page","status-publish","hentry"],"_links":{"self":[{"href":"https:\/\/odiengroup.com\/cs\/wp-json\/wp\/v2\/pages\/16288","targetHints":{"allow":["GET"]}}],"collection":[{"href":"https:\/\/odiengroup.com\/cs\/wp-json\/wp\/v2\/pages"}],"about":[{"href":"https:\/\/odiengroup.com\/cs\/wp-json\/wp\/v2\/types\/page"}],"author":[{"embeddable":true,"href":"https:\/\/odiengroup.com\/cs\/wp-json\/wp\/v2\/users\/1"}],"replies":[{"embeddable":true,"href":"https:\/\/odiengroup.com\/cs\/wp-json\/wp\/v2\/comments?post=16288"}],"version-history":[{"count":31,"href":"https:\/\/odiengroup.com\/cs\/wp-json\/wp\/v2\/pages\/16288\/revisions"}],"predecessor-version":[{"id":17383,"href":"https:\/\/odiengroup.com\/cs\/wp-json\/wp\/v2\/pages\/16288\/revisions\/17383"}],"wp:attachment":[{"href":"https:\/\/odiengroup.com\/cs\/wp-json\/wp\/v2\/media?parent=16288"}],"curies":[{"name":"wp","href":"https:\/\/api.w.org\/{rel}","templated":true}]}}