{"id":16264,"date":"2020-04-02T14:09:50","date_gmt":"2020-04-02T12:09:50","guid":{"rendered":"http:\/\/odiengroup.com\/?page_id=16264"},"modified":"2022-08-16T11:22:05","modified_gmt":"2022-08-16T09:22:05","slug":"le-meridien-lav","status":"publish","type":"page","link":"https:\/\/odiengroup.com\/cs\/le-meridien-lav\/","title":{"rendered":"Le M\u00e9ridien Lav"},"content":{"rendered":"<p>[vc_row css_animation=&#8220;&#8220; row_type=&#8220;row&#8220; use_row_as_full_screen_section=&#8220;no&#8220; type=&#8220;full_width&#8220; angled_section=&#8220;no&#8220; text_align=&#8220;left&#8220; background_image_as_pattern=&#8220;without_pattern&#8220;][vc_column width=&#8220;1\/6&#8243;][\/vc_column][vc_column width=&#8220;2\/3&#8243;][vc_column_text]Na\u0161\u00ed vlajkovou investi\u010dn\u00ed lod\u00ed v\u00a0oblasti pohostinstv\u00ed je Grand Hotel Lav &amp; Marina v chorvatsk\u00e9m Splitu. Hotel je sou\u010d\u00e1st\u00ed nejv\u011bt\u0161\u00edho p\u011btihv\u011bzdi\u010dkov\u00e9ho resortu a p\u0159\u00edstavi\u0161t\u011b v Chorvatsku. Le Meredien Lav m\u00e1 378 skv\u011ble vybaven\u00fdch pokoj\u016f a apartm\u00e1, 6 restaurac\u00ed a bar\u016f v\u010detn\u011b pl\u00e1\u017eov\u00e9ho klubu a nejv\u011bt\u0161\u00ed konferen\u010dn\u00ed za\u0159\u00edzen\u00ed v Chorvatsku. Spa a wellness centrum RE:CUPERA, kter\u00e9 pro\u0161lo v roce 2018 kompletn\u00ed rekonstrukc\u00ed, nab\u00edz\u00ed 10 l\u00e9\u010debn\u00fdch m\u00edstnost\u00ed, speci\u00e1ln\u00ed term\u00e1ln\u00ed z\u00f3nu, vnit\u0159n\u00ed a venkovn\u00ed baz\u00e9n, fitness, cvi\u010debn\u00ed studio, kade\u0159nictv\u00ed a nejr\u016fzn\u011bj\u0161\u00ed kosmetick\u00e9 procedury. Tenis si zahrajete na 4 nov\u00fdch tenisov\u00fdch kurtech s tvrd\u00fdm povrchem.<\/p>\n<p>&nbsp;<\/p>\n<ul>\n<li>Zasedac\u00ed prostory \u2013 Zasedac\u00ed prostory jsme zv\u011bt\u0161ili v roce 2020, kdy jsme p\u0159idali 3 dal\u0161\u00ed zasedac\u00ed m\u00edstnosti o celkov\u00e9 rozloze 800 m2. Celkov\u011b jsme tak dos\u00e1hli 5000 m2 konferen\u010dn\u00edch prostor, kter\u00e9 pro\u0161ly kompletn\u00ed rekonstrukc\u00ed a nab\u00edz\u00ed nejvy\u0161\u0161\u00ed standard a nejmodern\u011bj\u0161\u00ed vybaven\u00ed. 14 konferen\u010dn\u00edch m\u00edstnost\u00ed se nach\u00e1z\u00ed na dvou podla\u017e\u00edch, 2 m\u00edstnosti z\u00a0toho tvo\u0159\u00ed tane\u010dn\u00ed s\u00e1ly s p\u0159irozen\u00fdm sv\u011btlem.<\/li>\n<\/ul>\n<p>&nbsp;<\/p>\n<ul>\n<li>Pokoje a apartm\u00e1 \u2013 Pokoje a apartm\u00e1 byly ji\u017e rekonstruov\u00e1ny ve dvou f\u00e1z\u00edch. Polovina z nich mezi roky 2020 a 2021, pro hosty jsme tak otev\u0159eli dve\u0159e na ja\u0159e 2022. P\u0159istav\u011bli jsme dv\u011b apartm\u00e1 s terasou, ze kter\u00fdch je dechberouc\u00ed v\u00fdhled. Hlavn\u00ed koncepc\u00ed n\u00e1vrhu bylo vytvo\u0159it modern\u00ed, prostorn\u00fd dojem, ale z\u00e1rove\u0148 vzd\u00e1t hold kulturn\u00edmu d\u011bdictv\u00ed hotelu a jeho v\u00fdznamu jako m\u00edstn\u00ed pam\u00e1tky. Abychom toho dos\u00e1hli, navrhli jsme prost\u0159ed\u00ed, kter\u00e9 v sob\u011b spojuje eleganci a pohodl\u00ed, a to za pou\u017eit\u00ed b\u00e9\u017eov\u00e9 a modr\u00e9 barvy s ratanov\u00fdmi a kovov\u00fdmi prvky v barv\u011b \u0161ampa\u0148sk\u00e9ho.<\/li>\n<\/ul>\n<p>&nbsp;<\/p>\n<ul>\n<li>Ve\u0159ejn\u00e9 prostory \u2013 Rekonstrukce hotelu zahrnovala ve\u0159ejn\u00e9 prostory v\u010detn\u011b konferen\u010dn\u00edch m\u00edstnost\u00ed a p\u0159eds\u00e1l\u00ed konferen\u010dn\u00ed haly, hlavn\u00ed haly a recepce, baru a vin\u00e1rny s p\u0159ilehl\u00fdmi terasami a v\u0161ech ubytovac\u00edch jednotek s chodbami. Renovace prob\u011bhla v letech 2020 a 2021.<\/li>\n<\/ul>\n<p>&nbsp;<\/p>\n<ul>\n<li>Restaurace Port 74 \u2013 V roce 2022 jsme vytvo\u0159ili dal\u0161\u00ed kulin\u00e1\u0159skou o\u00e1zu. Vze\u0161la z ambice propojit udr\u017eitelnost, zdravou v\u00fd\u017eivu a m\u00edstn\u00ed suroviny v unik\u00e1tn\u00edm kulin\u00e1\u0159sk\u00e9m z\u00e1\u017eitku. Inspirov\u00e1ni m\u00edstn\u00ed kuchyn\u00ed v\u00e1m skrze j\u00eddlo p\u0159edstav\u00edme floru a faunu Jadersk\u00e9ho mo\u0159e, provedeme v\u00e1s mal\u00fdmi skryt\u00fdmi krasov\u00fdmi polemi, kouzeln\u00fdmi h\u00e1ji a bohat\u00fdmi poli a sady. Ned\u00e1vno otev\u0159en\u00e1 restaurace se nach\u00e1z\u00ed v soukrom\u00e9 hotelov\u00e9 marin\u011b a najdete tam otev\u0159enou kuchyni, kter\u00e1 n\u00e1sob\u00ed smyslov\u00fd z\u00e1\u017eitek.<\/li>\n<\/ul>\n<p>&nbsp;<\/p>\n<ul>\n<li>Roz\u0161\u00ed\u0159en\u00ed mariny \u2013 Marina Lav je n\u00e1dhern\u00fd st\u0159edomo\u0159sk\u00fd p\u0159\u00edstav s v\u00fdjime\u010dnou geografickou polohou. V sou\u010dasn\u00e9 dob\u011b je to bezpe\u010dn\u00fd p\u0159\u00edstav se 74 n\u00e1mo\u0159n\u00edmi kotvi\u0161ti pro plavidla do 40 m. Pl\u00e1ny na roz\u0161\u00ed\u0159en\u00ed zahrnuj\u00ed p\u0159id\u00e1n\u00ed 4 kotvi\u0161\u0165 pro velk\u00e9 jachty a 12 kotvi\u0161\u0165 pro jachty do 22 m. Korunou expanze bude vybudov\u00e1n\u00ed zatahovac\u00edho baz\u00e9nu s mo\u0159skou vodou a barem v horn\u00ed \u010d\u00e1sti p\u0159\u00edstavu, kter\u00fd se tak stane atraktivn\u00edm a obl\u00edben\u00fdm venkovn\u00edm m\u00edstem. Projekt m\u00e1 b\u00fdt dokon\u010den v roce 2024.<\/li>\n<\/ul>\n<p>&nbsp;<\/p>\n<ul>\n<li>Renovace Zootz \u2013 Na\u0161e nov\u00e9 mlsn\u00e9 m\u00edste\u010dko LOLA brzy nab\u00eddne odv\u00e1\u017en\u00e9 chuti a jedine\u010dn\u00fd v\u00fdhled na zlat\u00e9 z\u00e1pady slunce. P\u0159ehr\u0161el sladk\u00fdch dobrot z cukr\u00e1rny se stane povinnou zast\u00e1vkou pro v\u0161echny mlsouny. LOLA otev\u0159e dve\u0159e v roce 2023.<\/li>\n<\/ul>\n<p>&nbsp;<\/p>\n<ul>\n<li>Renovace 7 Palms \u2013 \u0161\u0165avnat\u00e9 palmovn\u00edky v\u00e1s zast\u00edn\u00ed a skrze n\u011b budete moci obdivovat Jadran a p\u0159ilehl\u00e9 ostrovy. 7 Palms nab\u00edz\u00ed st\u0159edomo\u0159skou kuchyni v kombinaci s osv\u011b\u017euj\u00edc\u00edmi n\u00e1poji a \u00fachvatn\u00fdmi z\u00e1pady slunce. Restaurace st\u0159edomo\u0159sk\u00e9ho typu bude v bl\u00edzk\u00e9 dob\u011b vylep\u0161en\u00e1 o luxusn\u00ed lounge s venkovn\u00edm baz\u00e9nem, VIP servisem a provzdu\u0161n\u011bn\u00fdm dekorem. V\u00fdjime\u010dn\u00e9 m\u00edsto na Jadranu se otev\u0159e v roce 2023.<\/li>\n<\/ul>\n<p>[\/vc_column_text][\/vc_column][vc_column width=&#8220;1\/6&#8243;][\/vc_column][\/vc_row][vc_row css_animation=&#8220;&#8220; row_type=&#8220;row&#8220; use_row_as_full_screen_section=&#8220;no&#8220; type=&#8220;full_width&#8220; angled_section=&#8220;no&#8220; text_align=&#8220;left&#8220; background_image_as_pattern=&#8220;without_pattern&#8220;][vc_column][vc_empty_space][vc_gallery type=&#8220;image_grid&#8220; images=&#8220;16107,16106,16105,16103,16102,16101,16099,16098,16097,16096,16095,16094,16092,16091,16104,16100&#8243; img_size=&#8220;large&#8220; onclick=&#8220;&#8220; css_animation=&#8220;bounceInDown&#8220; column_number=&#8220;2&#8243; grayscale=&#8220;no&#8220; images_space=&#8220;gallery_with_space&#8220;][\/vc_column][\/vc_row][vc_row css_animation=&#8220;&#8220; row_type=&#8220;row&#8220; use_row_as_full_screen_section=&#8220;no&#8220; type=&#8220;full_width&#8220; angled_section=&#8220;no&#8220; text_align=&#8220;left&#8220; background_image_as_pattern=&#8220;without_pattern&#8220;][vc_column width=&#8220;1\/2&#8243;][vc_single_image image=&#8220;16165&#8243; img_size=&#8220;50&#215;50&#8243; alignment=&#8220;right&#8220; onclick=&#8220;custom_link&#8220; img_link_target=&#8220;_blank&#8220; qode_css_animation=&#8220;&#8220; link=&#8220;https:\/\/www.facebook.com\/lemeridiensplit\/&#8220;][\/vc_column][vc_column width=&#8220;1\/2&#8243;][vc_single_image image=&#8220;16168&#8243; img_size=&#8220;50&#215;50&#8243; onclick=&#8220;custom_link&#8220; img_link_target=&#8220;_blank&#8220; qode_css_animation=&#8220;&#8220; link=&#8220;https:\/\/www.instagram.com\/le_meridien_split\/?hl=en&#8220;][\/vc_column][\/vc_row]<\/p>\n","protected":false},"excerpt":{"rendered":"<p>[vc_row css_animation=&#8220;&#8220; row_type=&#8220;row&#8220; use_row_as_full_screen_section=&#8220;no&#8220; type=&#8220;full_width&#8220; angled_section=&#8220;no&#8220; text_align=&#8220;left&#8220; background_image_as_pattern=&#8220;without_pattern&#8220;][vc_column width=&#8220;1\/6&#8243;][\/vc_column][vc_column width=&#8220;2\/3&#8243;][vc_column_text]Na\u0161\u00ed vlajkovou investi\u010dn\u00ed lod\u00ed v\u00a0oblasti pohostinstv\u00ed je Grand Hotel Lav &amp; Marina v chorvatsk\u00e9m Splitu. Hotel je sou\u010d\u00e1st\u00ed nejv\u011bt\u0161\u00edho p\u011btihv\u011bzdi\u010dkov\u00e9ho resortu a p\u0159\u00edstavi\u0161t\u011b v Chorvatsku. Le Meredien Lav m\u00e1 378 skv\u011ble vybaven\u00fdch pokoj\u016f a apartm\u00e1, 6&#8230;<\/p>\n","protected":false},"author":1,"featured_media":0,"parent":0,"menu_order":0,"comment_status":"closed","ping_status":"closed","template":"","meta":{"footnotes":""},"class_list":["post-16264","page","type-page","status-publish","hentry"],"_links":{"self":[{"href":"https:\/\/odiengroup.com\/cs\/wp-json\/wp\/v2\/pages\/16264","targetHints":{"allow":["GET"]}}],"collection":[{"href":"https:\/\/odiengroup.com\/cs\/wp-json\/wp\/v2\/pages"}],"about":[{"href":"https:\/\/odiengroup.com\/cs\/wp-json\/wp\/v2\/types\/page"}],"author":[{"embeddable":true,"href":"https:\/\/odiengroup.com\/cs\/wp-json\/wp\/v2\/users\/1"}],"replies":[{"embeddable":true,"href":"https:\/\/odiengroup.com\/cs\/wp-json\/wp\/v2\/comments?post=16264"}],"version-history":[{"count":6,"href":"https:\/\/odiengroup.com\/cs\/wp-json\/wp\/v2\/pages\/16264\/revisions"}],"predecessor-version":[{"id":16685,"href":"https:\/\/odiengroup.com\/cs\/wp-json\/wp\/v2\/pages\/16264\/revisions\/16685"}],"wp:attachment":[{"href":"https:\/\/odiengroup.com\/cs\/wp-json\/wp\/v2\/media?parent=16264"}],"curies":[{"name":"wp","href":"https:\/\/api.w.org\/{rel}","templated":true}]}}