{"id":16261,"date":"2020-04-02T14:08:50","date_gmt":"2020-04-02T12:08:50","guid":{"rendered":"http:\/\/odiengroup.com\/?page_id=16261"},"modified":"2022-10-05T15:39:34","modified_gmt":"2022-10-05T13:39:34","slug":"avia-village","status":"publish","type":"page","link":"https:\/\/odiengroup.com\/cs\/avia-village\/","title":{"rendered":"Avia Village"},"content":{"rendered":"<p>[vc_row css_animation=&#8220;&#8220; row_type=&#8220;row&#8220; use_row_as_full_screen_section=&#8220;no&#8220; type=&#8220;full_width&#8220; angled_section=&#8220;no&#8220; text_align=&#8220;left&#8220; background_image_as_pattern=&#8220;without_pattern&#8220;][vc_column width=&#8220;1\/6&#8243;][\/vc_column][vc_column width=&#8220;2\/3&#8243;][vc_column_text]Avia Village je pilotn\u00edm projektem celkov\u00e9ho rozvoje brownfieldu na m\u00edst\u011b v\u00fdrobn\u00edho are\u00e1lu Avia Let\u0148any a vstupn\u00ed branou do pl\u00e1novan\u00e9ho projektu AVIA City, jednoho z nejv\u011bt\u0161\u00edch developersk\u00fdch projekt\u016f v Praze.<\/p>\n<p>&nbsp;<\/p>\n<p>P\u0159edm\u011btn\u00e1 lokalita se nach\u00e1z\u00ed v ulici Veselsk\u00e1 v Let\u0148anech na severov\u00fdchodn\u00edm okraji Prahy a v sou\u010dasn\u00e9 dob\u011b je vyu\u017e\u00edv\u00e1na jako parkovi\u0161t\u011b a autobusov\u00fd termin\u00e1l. Proporce, koncepce, celkov\u00fd design a vzhled stav\u00ed projekt do role vstupn\u00ed dominanty do rekonstruovan\u00e9 oblasti, kter\u00e1 m\u00e1 slou\u017eit rostouc\u00ed m\u00edstn\u00ed komunit\u011b, a to d\u00edky atraktivn\u00edmu \u0159e\u0161en\u00ed are\u00e1lu, ve kter\u00e9m se maj\u00ed nach\u00e1zet restaurace, kav\u00e1rny, supermarket, obchody, slu\u017eby, kliniky nebo ubytovac\u00ed kapacity pro zam\u011bstnance.<\/p>\n<p>&nbsp;<\/p>\n<p>Budovy budou navr\u017eeny tak, aby dos\u00e1hly p\u0159\u00edslu\u0161n\u00fdch ekologick\u00fdch a zelen\u00fdch standard\u016f.[\/vc_column_text][\/vc_column][vc_column width=&#8220;1\/6&#8243;][\/vc_column][\/vc_row][vc_row css_animation=&#8220;&#8220; row_type=&#8220;row&#8220; use_row_as_full_screen_section=&#8220;no&#8220; type=&#8220;full_width&#8220; angled_section=&#8220;no&#8220; text_align=&#8220;left&#8220; background_image_as_pattern=&#8220;without_pattern&#8220;][vc_column][vc_empty_space][\/vc_column][\/vc_row][vc_row css_animation=&#8220;&#8220; row_type=&#8220;row&#8220; use_row_as_full_screen_section=&#8220;no&#8220; type=&#8220;full_width&#8220; angled_section=&#8220;no&#8220; text_align=&#8220;left&#8220; background_image_as_pattern=&#8220;without_pattern&#8220;][vc_column][\/vc_column][\/vc_row]<\/p>\n","protected":false},"excerpt":{"rendered":"<p>[vc_row css_animation=&#8220;&#8220; row_type=&#8220;row&#8220; use_row_as_full_screen_section=&#8220;no&#8220; type=&#8220;full_width&#8220; angled_section=&#8220;no&#8220; text_align=&#8220;left&#8220; background_image_as_pattern=&#8220;without_pattern&#8220;][vc_column width=&#8220;1\/6&#8243;][\/vc_column][vc_column width=&#8220;2\/3&#8243;][vc_column_text]Avia Village je pilotn\u00edm projektem celkov\u00e9ho rozvoje brownfieldu na m\u00edst\u011b v\u00fdrobn\u00edho are\u00e1lu Avia Let\u0148any a vstupn\u00ed branou do pl\u00e1novan\u00e9ho projektu AVIA City, jednoho z nejv\u011bt\u0161\u00edch developersk\u00fdch projekt\u016f v Praze. &nbsp; P\u0159edm\u011btn\u00e1 lokalita se nach\u00e1z\u00ed v ulici&#8230;<\/p>\n","protected":false},"author":1,"featured_media":0,"parent":0,"menu_order":0,"comment_status":"closed","ping_status":"closed","template":"","meta":{"footnotes":""},"class_list":["post-16261","page","type-page","status-publish","hentry"],"_links":{"self":[{"href":"https:\/\/odiengroup.com\/cs\/wp-json\/wp\/v2\/pages\/16261","targetHints":{"allow":["GET"]}}],"collection":[{"href":"https:\/\/odiengroup.com\/cs\/wp-json\/wp\/v2\/pages"}],"about":[{"href":"https:\/\/odiengroup.com\/cs\/wp-json\/wp\/v2\/types\/page"}],"author":[{"embeddable":true,"href":"https:\/\/odiengroup.com\/cs\/wp-json\/wp\/v2\/users\/1"}],"replies":[{"embeddable":true,"href":"https:\/\/odiengroup.com\/cs\/wp-json\/wp\/v2\/comments?post=16261"}],"version-history":[{"count":6,"href":"https:\/\/odiengroup.com\/cs\/wp-json\/wp\/v2\/pages\/16261\/revisions"}],"predecessor-version":[{"id":16782,"href":"https:\/\/odiengroup.com\/cs\/wp-json\/wp\/v2\/pages\/16261\/revisions\/16782"}],"wp:attachment":[{"href":"https:\/\/odiengroup.com\/cs\/wp-json\/wp\/v2\/media?parent=16261"}],"curies":[{"name":"wp","href":"https:\/\/api.w.org\/{rel}","templated":true}]}}