{"id":16250,"date":"2020-04-02T13:53:09","date_gmt":"2020-04-02T11:53:09","guid":{"rendered":"http:\/\/odiengroup.com\/?page_id=16250"},"modified":"2025-12-03T10:48:00","modified_gmt":"2025-12-03T09:48:00","slug":"rezidence-veselska","status":"publish","type":"page","link":"https:\/\/odiengroup.com\/cs\/rezidence-veselska\/","title":{"rendered":"Rezidence Veselsk\u00e1"},"content":{"rendered":"<p>[vc_row css_animation=&#8220;&#8220; row_type=&#8220;row&#8220; use_row_as_full_screen_section=&#8220;no&#8220; type=&#8220;full_width&#8220; angled_section=&#8220;no&#8220; text_align=&#8220;left&#8220; background_image_as_pattern=&#8220;without_pattern&#8220;][vc_column width=&#8220;1\/6&#8243;][\/vc_column][vc_column width=&#8220;2\/3&#8243;][vc_column_text]Rezidence Veselsk\u00e1 je modern\u00ed reziden\u010dn\u00ed projekt v pra\u017esk\u00fdch Let\u0148anech, kter\u00fd p\u0159inesl do t\u00e9to dynamicky se rozv\u00edjej\u00edc\u00ed lokality celkem 489 bytov\u00fdch jednotek. V\u00fdstavba prob\u00edhala ve t\u0159ech etap\u00e1ch \u2013 prvn\u00ed byla dokon\u010dena v roce 2017, druh\u00e1 v roce 2018 a t\u0159et\u00ed v roce 2019. Cel\u00fd projekt byl pln\u011b dokon\u010den v roce 2020 a od t\u00e9 doby nab\u00edz\u00ed obyvatel\u016fm komfortn\u00ed bydlen\u00ed s d\u016frazem na kvalitu, funk\u010dnost a dostupnost m\u011bstsk\u00e9 infrastruktury. Rezidence Veselsk\u00e1 dnes p\u0159edstavuje stabiln\u00ed a vyhled\u00e1vanou sou\u010d\u00e1st modern\u00edho reziden\u010dn\u00edho trhu v Praze.[\/vc_column_text][\/vc_column][vc_column width=&#8220;1\/6&#8243;][\/vc_column][\/vc_row][vc_row css_animation=&#8220;&#8220; row_type=&#8220;row&#8220; use_row_as_full_screen_section=&#8220;no&#8220; type=&#8220;full_width&#8220; angled_section=&#8220;no&#8220; text_align=&#8220;left&#8220; background_image_as_pattern=&#8220;without_pattern&#8220;][vc_column][vc_empty_space height=&#8220;30&#8243;][vc_gallery type=&#8220;image_grid&#8220; images=&#8220;16062,16060,16059,16058,16057,16056,16055,16054,16053,16052&#8243; img_size=&#8220;large&#8220; onclick=&#8220;&#8220; css_animation=&#8220;bounceInDown&#8220; column_number=&#8220;2&#8243; grayscale=&#8220;no&#8220; images_space=&#8220;gallery_with_space&#8220;][\/vc_column][\/vc_row]<\/p>\n","protected":false},"excerpt":{"rendered":"<p>[vc_row css_animation=&#8220;&#8220; row_type=&#8220;row&#8220; use_row_as_full_screen_section=&#8220;no&#8220; type=&#8220;full_width&#8220; angled_section=&#8220;no&#8220; text_align=&#8220;left&#8220; background_image_as_pattern=&#8220;without_pattern&#8220;][vc_column width=&#8220;1\/6&#8243;][\/vc_column][vc_column width=&#8220;2\/3&#8243;][vc_column_text]Rezidence Veselsk\u00e1 je modern\u00ed reziden\u010dn\u00ed projekt v pra\u017esk\u00fdch Let\u0148anech, kter\u00fd p\u0159inesl do t\u00e9to dynamicky se rozv\u00edjej\u00edc\u00ed lokality celkem 489 bytov\u00fdch jednotek. V\u00fdstavba prob\u00edhala ve t\u0159ech etap\u00e1ch \u2013 prvn\u00ed byla dokon\u010dena v roce 2017, druh\u00e1 v roce&#8230;<\/p>\n","protected":false},"author":1,"featured_media":0,"parent":0,"menu_order":0,"comment_status":"closed","ping_status":"closed","template":"","meta":{"footnotes":""},"class_list":["post-16250","page","type-page","status-publish","hentry"],"_links":{"self":[{"href":"https:\/\/odiengroup.com\/cs\/wp-json\/wp\/v2\/pages\/16250","targetHints":{"allow":["GET"]}}],"collection":[{"href":"https:\/\/odiengroup.com\/cs\/wp-json\/wp\/v2\/pages"}],"about":[{"href":"https:\/\/odiengroup.com\/cs\/wp-json\/wp\/v2\/types\/page"}],"author":[{"embeddable":true,"href":"https:\/\/odiengroup.com\/cs\/wp-json\/wp\/v2\/users\/1"}],"replies":[{"embeddable":true,"href":"https:\/\/odiengroup.com\/cs\/wp-json\/wp\/v2\/comments?post=16250"}],"version-history":[{"count":3,"href":"https:\/\/odiengroup.com\/cs\/wp-json\/wp\/v2\/pages\/16250\/revisions"}],"predecessor-version":[{"id":17574,"href":"https:\/\/odiengroup.com\/cs\/wp-json\/wp\/v2\/pages\/16250\/revisions\/17574"}],"wp:attachment":[{"href":"https:\/\/odiengroup.com\/cs\/wp-json\/wp\/v2\/media?parent=16250"}],"curies":[{"name":"wp","href":"https:\/\/api.w.org\/{rel}","templated":true}]}}