{"id":16247,"date":"2020-04-02T13:51:32","date_gmt":"2020-04-02T11:51:32","guid":{"rendered":"http:\/\/odiengroup.com\/?page_id=16247"},"modified":"2020-04-02T15:07:37","modified_gmt":"2020-04-02T13:07:37","slug":"7-palms","status":"publish","type":"page","link":"https:\/\/odiengroup.com\/cs\/7-palms\/","title":{"rendered":"7 Palms"},"content":{"rendered":"<p>[vc_row css_animation=&#8220;&#8220; row_type=&#8220;row&#8220; use_row_as_full_screen_section=&#8220;no&#8220; type=&#8220;full_width&#8220; angled_section=&#8220;no&#8220; text_align=&#8220;left&#8220; background_image_as_pattern=&#8220;without_pattern&#8220;][vc_column width=&#8220;1\/6&#8243;][\/vc_column][vc_column width=&#8220;2\/3&#8243;][vc_column_text]7 Palms je st\u0159edomo\u0159sk\u00e1 restaurace, nach\u00e1zej\u00edc\u00ed se p\u0159\u00edmo na pl\u00e1\u017ei, obklopen\u00e1 palmami ze v\u0161ech stran. Nab\u00edz\u00ed l\u00e1kav\u00e1 j\u00eddla s mezin\u00e1rodn\u00edmi chut\u011bmi. Restaurace 7 Palms\u00a0pro\u0161la kompletn\u00ed rekonstrukc\u00ed v roce 2015 a jej\u00ed celkov\u00e1 kapacita je nyn\u00ed 130 m\u00edst.[\/vc_column_text][\/vc_column][vc_column width=&#8220;1\/6&#8243;][\/vc_column][\/vc_row][vc_row css_animation=&#8220;&#8220; row_type=&#8220;row&#8220; use_row_as_full_screen_section=&#8220;no&#8220; type=&#8220;full_width&#8220; angled_section=&#8220;no&#8220; text_align=&#8220;left&#8220; background_image_as_pattern=&#8220;without_pattern&#8220;][vc_column][vc_empty_space][vc_gallery type=&#8220;image_grid&#8220; images=&#8220;16127,16126,16125,16124&#8243; img_size=&#8220;large&#8220; onclick=&#8220;&#8220; css_animation=&#8220;bounceInDown&#8220; column_number=&#8220;2&#8243; grayscale=&#8220;no&#8220; images_space=&#8220;gallery_with_space&#8220;][\/vc_column][\/vc_row][vc_row css_animation=&#8220;&#8220; row_type=&#8220;row&#8220; use_row_as_full_screen_section=&#8220;no&#8220; type=&#8220;full_width&#8220; angled_section=&#8220;no&#8220; text_align=&#8220;left&#8220; background_image_as_pattern=&#8220;without_pattern&#8220;][vc_column][\/vc_column][\/vc_row]<\/p>\n","protected":false},"excerpt":{"rendered":"<p>[vc_row css_animation=&#8220;&#8220; row_type=&#8220;row&#8220; use_row_as_full_screen_section=&#8220;no&#8220; type=&#8220;full_width&#8220; angled_section=&#8220;no&#8220; text_align=&#8220;left&#8220; background_image_as_pattern=&#8220;without_pattern&#8220;][vc_column width=&#8220;1\/6&#8243;][\/vc_column][vc_column width=&#8220;2\/3&#8243;][vc_column_text]7 Palms je st\u0159edomo\u0159sk\u00e1 restaurace, nach\u00e1zej\u00edc\u00ed se p\u0159\u00edmo na pl\u00e1\u017ei, obklopen\u00e1 palmami ze v\u0161ech stran. Nab\u00edz\u00ed l\u00e1kav\u00e1 j\u00eddla s mezin\u00e1rodn\u00edmi chut\u011bmi. Restaurace 7 Palms\u00a0pro\u0161la kompletn\u00ed rekonstrukc\u00ed v roce 2015 a jej\u00ed celkov\u00e1 kapacita je nyn\u00ed 130&#8230;<\/p>\n","protected":false},"author":1,"featured_media":0,"parent":0,"menu_order":0,"comment_status":"closed","ping_status":"closed","template":"","meta":{"footnotes":""},"class_list":["post-16247","page","type-page","status-publish","hentry"],"_links":{"self":[{"href":"https:\/\/odiengroup.com\/cs\/wp-json\/wp\/v2\/pages\/16247","targetHints":{"allow":["GET"]}}],"collection":[{"href":"https:\/\/odiengroup.com\/cs\/wp-json\/wp\/v2\/pages"}],"about":[{"href":"https:\/\/odiengroup.com\/cs\/wp-json\/wp\/v2\/types\/page"}],"author":[{"embeddable":true,"href":"https:\/\/odiengroup.com\/cs\/wp-json\/wp\/v2\/users\/1"}],"replies":[{"embeddable":true,"href":"https:\/\/odiengroup.com\/cs\/wp-json\/wp\/v2\/comments?post=16247"}],"version-history":[{"count":4,"href":"https:\/\/odiengroup.com\/cs\/wp-json\/wp\/v2\/pages\/16247\/revisions"}],"predecessor-version":[{"id":16279,"href":"https:\/\/odiengroup.com\/cs\/wp-json\/wp\/v2\/pages\/16247\/revisions\/16279"}],"wp:attachment":[{"href":"https:\/\/odiengroup.com\/cs\/wp-json\/wp\/v2\/media?parent=16247"}],"curies":[{"name":"wp","href":"https:\/\/api.w.org\/{rel}","templated":true}]}}