{"id":16239,"date":"2020-04-02T13:30:03","date_gmt":"2020-04-02T11:30:03","guid":{"rendered":"http:\/\/odiengroup.com\/?page_id=16239"},"modified":"2020-04-02T15:00:32","modified_gmt":"2020-04-02T13:00:32","slug":"conlemani","status":"publish","type":"page","link":"https:\/\/odiengroup.com\/cs\/conlemani\/","title":{"rendered":"Conlemani"},"content":{"rendered":"<p>[vc_row css_animation=&#8220;&#8220; row_type=&#8220;row&#8220; use_row_as_full_screen_section=&#8220;no&#8220; type=&#8220;full_width&#8220; angled_section=&#8220;no&#8220; text_align=&#8220;left&#8220; background_image_as_pattern=&#8220;without_pattern&#8220;][vc_column width=&#8220;1\/6&#8243;][\/vc_column][vc_column width=&#8220;2\/3&#8243;][vc_column_text]Conlemani je modern\u00ed italsk\u00e1 restaurace, nab\u00edzej\u00edc\u00ed mnohem v\u00edce ne\u017e jen vynikaj\u00edc\u00ed j\u00eddlo. Je to m\u00edsto, kde si m\u016f\u017eete dop\u0159\u00e1t italsk\u00fd \u017eivotn\u00ed styl a prozkoumat skute\u010dn\u00fd v\u00fdznam dolce vita. Conlemani je o oslav\u011b j\u00eddla a \u017eivota, p\u0159esn\u011b tak, jak to d\u011blaj\u00ed Italov\u00e9. Conlemani naleznete na hlavn\u00ed promen\u00e1d\u011b v chorvatsk\u00e9 Podstran\u011b a jej\u00ed celkov\u00e1 kapacita \u010d\u00edt\u00e1 140 m\u00edst (70 vnit\u0159n\u00edch, 70 venkovn\u00edch). Restaurace byla pro ve\u0159ejnost slavnostn\u011b otev\u0159ena v roce 2016.[\/vc_column_text][\/vc_column][vc_column width=&#8220;1\/6&#8243;][\/vc_column][\/vc_row][vc_row css_animation=&#8220;&#8220; row_type=&#8220;row&#8220; use_row_as_full_screen_section=&#8220;no&#8220; type=&#8220;full_width&#8220; angled_section=&#8220;no&#8220; text_align=&#8220;left&#8220; background_image_as_pattern=&#8220;without_pattern&#8220;][vc_column][vc_empty_space][\/vc_column][\/vc_row][vc_row css_animation=&#8220;&#8220; row_type=&#8220;row&#8220; use_row_as_full_screen_section=&#8220;no&#8220; type=&#8220;full_width&#8220; angled_section=&#8220;no&#8220; text_align=&#8220;left&#8220; background_image_as_pattern=&#8220;without_pattern&#8220;][vc_column][vc_gallery type=&#8220;image_grid&#8220; images=&#8220;16039,16051,16050,16048,16047,16046,16045,16044,16043,16042,16041&#8243; img_size=&#8220;large&#8220; onclick=&#8220;&#8220; css_animation=&#8220;bounceInDown&#8220; column_number=&#8220;2&#8243; grayscale=&#8220;no&#8220; images_space=&#8220;gallery_with_space&#8220;][\/vc_column][\/vc_row]<\/p>\n","protected":false},"excerpt":{"rendered":"<p>[vc_row css_animation=&#8220;&#8220; row_type=&#8220;row&#8220; use_row_as_full_screen_section=&#8220;no&#8220; type=&#8220;full_width&#8220; angled_section=&#8220;no&#8220; text_align=&#8220;left&#8220; background_image_as_pattern=&#8220;without_pattern&#8220;][vc_column width=&#8220;1\/6&#8243;][\/vc_column][vc_column width=&#8220;2\/3&#8243;][vc_column_text]Conlemani je modern\u00ed italsk\u00e1 restaurace, nab\u00edzej\u00edc\u00ed mnohem v\u00edce ne\u017e jen vynikaj\u00edc\u00ed j\u00eddlo. Je to m\u00edsto, kde si m\u016f\u017eete dop\u0159\u00e1t italsk\u00fd \u017eivotn\u00ed styl a prozkoumat skute\u010dn\u00fd v\u00fdznam dolce vita. Conlemani je o oslav\u011b j\u00eddla a \u017eivota, p\u0159esn\u011b&#8230;<\/p>\n","protected":false},"author":1,"featured_media":0,"parent":0,"menu_order":0,"comment_status":"closed","ping_status":"closed","template":"","meta":{"footnotes":""},"class_list":["post-16239","page","type-page","status-publish","hentry"],"_links":{"self":[{"href":"https:\/\/odiengroup.com\/cs\/wp-json\/wp\/v2\/pages\/16239","targetHints":{"allow":["GET"]}}],"collection":[{"href":"https:\/\/odiengroup.com\/cs\/wp-json\/wp\/v2\/pages"}],"about":[{"href":"https:\/\/odiengroup.com\/cs\/wp-json\/wp\/v2\/types\/page"}],"author":[{"embeddable":true,"href":"https:\/\/odiengroup.com\/cs\/wp-json\/wp\/v2\/users\/1"}],"replies":[{"embeddable":true,"href":"https:\/\/odiengroup.com\/cs\/wp-json\/wp\/v2\/comments?post=16239"}],"version-history":[{"count":2,"href":"https:\/\/odiengroup.com\/cs\/wp-json\/wp\/v2\/pages\/16239\/revisions"}],"predecessor-version":[{"id":16277,"href":"https:\/\/odiengroup.com\/cs\/wp-json\/wp\/v2\/pages\/16239\/revisions\/16277"}],"wp:attachment":[{"href":"https:\/\/odiengroup.com\/cs\/wp-json\/wp\/v2\/media?parent=16239"}],"curies":[{"name":"wp","href":"https:\/\/api.w.org\/{rel}","templated":true}]}}