{"id":16236,"date":"2020-04-02T13:27:39","date_gmt":"2020-04-02T11:27:39","guid":{"rendered":"http:\/\/odiengroup.com\/?page_id=16236"},"modified":"2026-02-04T09:19:05","modified_gmt":"2026-02-04T08:19:05","slug":"recupera","status":"publish","type":"page","link":"https:\/\/odiengroup.com\/cs\/recupera\/","title":{"rendered":"RE:Cupera"},"content":{"rendered":"<p>[vc_row css_animation=&#8220;&#8220; row_type=&#8220;row&#8220; use_row_as_full_screen_section=&#8220;no&#8220; type=&#8220;full_width&#8220; angled_section=&#8220;no&#8220; text_align=&#8220;left&#8220; background_image_as_pattern=&#8220;without_pattern&#8220;][vc_column width=&#8220;1\/6&#8243;][\/vc_column][vc_column width=&#8220;2\/3&#8243;][vc_column_text]RE:CUPERA Wellness &amp; Spa je opravdovou o\u00e1zou blahobytu a jedn\u00edm z pr\u00e9miov\u00fdch wellness center v regionu. Po kompletn\u00ed renovovaci v roce 2018 p\u0159inesl do Chorvatska nov\u00fd koncept wellnessu. Najdete tu velk\u00fd kryt\u00fd baz\u00e9n, 10 m\u00edstnost\u00ed na mas\u00e1\u017ee a dal\u0161\u00ed procedury, term\u00e1ln\u00ed z\u00f3nu, modern\u00ed posilovnu a dal\u0161\u00ed prostory ur\u010den\u00e9 na poskytov\u00e1n\u00ed \u0159ady zdravotn\u00edch a kosmetick\u00fdch slu\u017eeb.[\/vc_column_text][\/vc_column][vc_column width=&#8220;1\/6&#8243;][\/vc_column][\/vc_row][vc_row css_animation=&#8220;&#8220; row_type=&#8220;row&#8220; use_row_as_full_screen_section=&#8220;no&#8220; type=&#8220;full_width&#8220; angled_section=&#8220;no&#8220; text_align=&#8220;left&#8220; background_image_as_pattern=&#8220;without_pattern&#8220;][vc_column][vc_empty_space][\/vc_column][\/vc_row][vc_row css_animation=&#8220;&#8220; row_type=&#8220;row&#8220; use_row_as_full_screen_section=&#8220;no&#8220; type=&#8220;full_width&#8220; angled_section=&#8220;no&#8220; text_align=&#8220;left&#8220; background_image_as_pattern=&#8220;without_pattern&#8220;][vc_column][vc_gallery type=&#8220;image_grid&#8220; images=&#8220;16139,16137,16136,16135,16134,16133,16132&#8243; img_size=&#8220;large&#8220; onclick=&#8220;&#8220; css_animation=&#8220;bounceInDown&#8220; column_number=&#8220;2&#8243; grayscale=&#8220;no&#8220; images_space=&#8220;gallery_with_space&#8220;][\/vc_column][\/vc_row]<\/p>\n","protected":false},"excerpt":{"rendered":"<p>[vc_row css_animation=&#8220;&#8220; row_type=&#8220;row&#8220; use_row_as_full_screen_section=&#8220;no&#8220; type=&#8220;full_width&#8220; angled_section=&#8220;no&#8220; text_align=&#8220;left&#8220; background_image_as_pattern=&#8220;without_pattern&#8220;][vc_column width=&#8220;1\/6&#8243;][\/vc_column][vc_column width=&#8220;2\/3&#8243;][vc_column_text]RE:CUPERA Wellness &amp; Spa je opravdovou o\u00e1zou blahobytu a jedn\u00edm z pr\u00e9miov\u00fdch wellness center v regionu. Po kompletn\u00ed renovovaci v roce 2018 p\u0159inesl do Chorvatska nov\u00fd koncept wellnessu. Najdete tu velk\u00fd kryt\u00fd baz\u00e9n, 10 m\u00edstnost\u00ed na&#8230;<\/p>\n","protected":false},"author":1,"featured_media":0,"parent":0,"menu_order":0,"comment_status":"closed","ping_status":"closed","template":"","meta":{"footnotes":""},"class_list":["post-16236","page","type-page","status-publish","hentry"],"_links":{"self":[{"href":"https:\/\/odiengroup.com\/cs\/wp-json\/wp\/v2\/pages\/16236","targetHints":{"allow":["GET"]}}],"collection":[{"href":"https:\/\/odiengroup.com\/cs\/wp-json\/wp\/v2\/pages"}],"about":[{"href":"https:\/\/odiengroup.com\/cs\/wp-json\/wp\/v2\/types\/page"}],"author":[{"embeddable":true,"href":"https:\/\/odiengroup.com\/cs\/wp-json\/wp\/v2\/users\/1"}],"replies":[{"embeddable":true,"href":"https:\/\/odiengroup.com\/cs\/wp-json\/wp\/v2\/comments?post=16236"}],"version-history":[{"count":3,"href":"https:\/\/odiengroup.com\/cs\/wp-json\/wp\/v2\/pages\/16236\/revisions"}],"predecessor-version":[{"id":17591,"href":"https:\/\/odiengroup.com\/cs\/wp-json\/wp\/v2\/pages\/16236\/revisions\/17591"}],"wp:attachment":[{"href":"https:\/\/odiengroup.com\/cs\/wp-json\/wp\/v2\/media?parent=16236"}],"curies":[{"name":"wp","href":"https:\/\/api.w.org\/{rel}","templated":true}]}}