{"id":16232,"date":"2020-04-02T13:21:57","date_gmt":"2020-04-02T11:21:57","guid":{"rendered":"http:\/\/odiengroup.com\/?page_id=16232"},"modified":"2020-04-02T16:45:18","modified_gmt":"2020-04-02T14:45:18","slug":"gooshter-beach-club","status":"publish","type":"page","link":"https:\/\/odiengroup.com\/cs\/gooshter-beach-club\/","title":{"rendered":"Gooshter Beach Club"},"content":{"rendered":"<p>[vc_row css_animation=&#8220;&#8220; row_type=&#8220;row&#8220; use_row_as_full_screen_section=&#8220;no&#8220; type=&#8220;full_width&#8220; angled_section=&#8220;no&#8220; text_align=&#8220;left&#8220; background_image_as_pattern=&#8220;without_pattern&#8220;][vc_column width=&#8220;1\/6&#8243;][\/vc_column][vc_column width=&#8220;2\/3&#8243;][vc_column_text]Gooshter Beach Club je m\u00edstem, kde se setk\u00e1vaj\u00ed stylov\u00ed cestovatel\u00e9 a vyznava\u010di slunce z cel\u00e9ho sv\u011bta, kte\u0159\u00ed hledaj\u00ed kombinaci dobr\u00e9 spole\u010dnosti, kultury a kuchyn\u011b z v\u00fdchodu a jihu. Gooshter je ide\u00e1ln\u00ed prostor pro exkluzivn\u00ed akce na pl\u00e1\u017ei &#8211; disponuje toti\u017e 80 leh\u00e1tky a 8 pl\u00e1\u017eov\u00fdmi p\u0159\u00edst\u0159e\u0161ky s v\u00fdhledem na smaragdov\u00e9 mo\u0159e. Celkov\u00e1 kapacita je 120 m\u00edst. Gooshter byl po v\u00fdstavb\u011b otev\u0159en pro ve\u0159ejnost v roce 2017.[\/vc_column_text][\/vc_column][vc_column width=&#8220;1\/6&#8243;][\/vc_column][\/vc_row][vc_row css_animation=&#8220;&#8220; row_type=&#8220;row&#8220; use_row_as_full_screen_section=&#8220;no&#8220; type=&#8220;full_width&#8220; angled_section=&#8220;no&#8220; text_align=&#8220;left&#8220; background_image_as_pattern=&#8220;without_pattern&#8220;][vc_column][vc_empty_space][vc_gallery type=&#8220;image_grid&#8220; images=&#8220;16035,16034,16033,16032,16031,16030&#8243; img_size=&#8220;large&#8220; onclick=&#8220;&#8220; css_animation=&#8220;bounceInDown&#8220; column_number=&#8220;2&#8243; grayscale=&#8220;no&#8220; images_space=&#8220;gallery_with_space&#8220;][\/vc_column][\/vc_row][vc_row css_animation=&#8220;&#8220; row_type=&#8220;row&#8220; use_row_as_full_screen_section=&#8220;no&#8220; type=&#8220;full_width&#8220; angled_section=&#8220;no&#8220; text_align=&#8220;left&#8220; background_image_as_pattern=&#8220;without_pattern&#8220;][vc_column][\/vc_column][\/vc_row]<\/p>\n","protected":false},"excerpt":{"rendered":"<p>[vc_row css_animation=&#8220;&#8220; row_type=&#8220;row&#8220; use_row_as_full_screen_section=&#8220;no&#8220; type=&#8220;full_width&#8220; angled_section=&#8220;no&#8220; text_align=&#8220;left&#8220; background_image_as_pattern=&#8220;without_pattern&#8220;][vc_column width=&#8220;1\/6&#8243;][\/vc_column][vc_column width=&#8220;2\/3&#8243;][vc_column_text]Gooshter Beach Club je m\u00edstem, kde se setk\u00e1vaj\u00ed stylov\u00ed cestovatel\u00e9 a vyznava\u010di slunce z cel\u00e9ho sv\u011bta, kte\u0159\u00ed hledaj\u00ed kombinaci dobr\u00e9 spole\u010dnosti, kultury a kuchyn\u011b z v\u00fdchodu a jihu. Gooshter je ide\u00e1ln\u00ed prostor pro exkluzivn\u00ed akce na&#8230;<\/p>\n","protected":false},"author":1,"featured_media":0,"parent":0,"menu_order":0,"comment_status":"closed","ping_status":"closed","template":"","meta":{"footnotes":""},"class_list":["post-16232","page","type-page","status-publish","hentry"],"_links":{"self":[{"href":"https:\/\/odiengroup.com\/cs\/wp-json\/wp\/v2\/pages\/16232","targetHints":{"allow":["GET"]}}],"collection":[{"href":"https:\/\/odiengroup.com\/cs\/wp-json\/wp\/v2\/pages"}],"about":[{"href":"https:\/\/odiengroup.com\/cs\/wp-json\/wp\/v2\/types\/page"}],"author":[{"embeddable":true,"href":"https:\/\/odiengroup.com\/cs\/wp-json\/wp\/v2\/users\/1"}],"replies":[{"embeddable":true,"href":"https:\/\/odiengroup.com\/cs\/wp-json\/wp\/v2\/comments?post=16232"}],"version-history":[{"count":4,"href":"https:\/\/odiengroup.com\/cs\/wp-json\/wp\/v2\/pages\/16232\/revisions"}],"predecessor-version":[{"id":16300,"href":"https:\/\/odiengroup.com\/cs\/wp-json\/wp\/v2\/pages\/16232\/revisions\/16300"}],"wp:attachment":[{"href":"https:\/\/odiengroup.com\/cs\/wp-json\/wp\/v2\/media?parent=16232"}],"curies":[{"name":"wp","href":"https:\/\/api.w.org\/{rel}","templated":true}]}}