{"id":15778,"date":"2018-02-27T11:02:20","date_gmt":"2018-02-27T10:02:20","guid":{"rendered":"http:\/\/odiengroup.com\/?page_id=15778"},"modified":"2020-11-24T11:37:35","modified_gmt":"2020-11-24T10:37:35","slug":"andrijana-mladina","status":"publish","type":"page","link":"https:\/\/odiengroup.com\/cs\/team\/andrijana-mladina\/","title":{"rendered":"Andrijana Mladina"},"content":{"rendered":"<p>[vc_row css_animation=&#8220;&#8220; row_type=&#8220;row&#8220; use_row_as_full_screen_section=&#8220;no&#8220; type=&#8220;full_width&#8220; angled_section=&#8220;no&#8220; text_align=&#8220;left&#8220; background_image_as_pattern=&#8220;without_pattern&#8220;][vc_column width=&#8220;1\/6&#8243;][\/vc_column][vc_column width=&#8220;1\/6&#8243;][vc_single_image image=&#8220;16578&#8243; qode_css_animation=&#8220;&#8220;][\/vc_column][vc_column width=&#8220;1\/2&#8243;][vc_column_text]<\/p>\n<h2>Andrijana Mladina, Director of Sales and Marketing<\/h2>\n<p>\u0158editelka prodeje a marketingu hotelu Le Meridien Lav. Pro hotel pracovala od roku 2006 na pozici mana\u017eerky v\u00fdnos\u016f. Z\u00e1hy se p\u0159eorientovala na prodej a marketingovou podporu. Z titulu sv\u00e9 funkce je od po\u010d\u00e1tku provozu rezortu sou\u010d\u00e1st\u00ed v\u00fdkonn\u00e9ho v\u00fdboru. P\u0159ed n\u00e1stupem do Le Meridien Lav pracovala jako prodejn\u00ed a v\u00fdnosov\u00e1 mana\u017eerka v druh\u00e9 nejv\u011bt\u0161\u00ed hotelov\u00e9 spole\u010dnosti v Chorvatsku, v n\u00ed\u017e m\u011bla na starosti n\u011bkolik luxusn\u00edch hotel\u016f na Jadranu. Andrijana Mladina absolvovala bakal\u00e1\u0159sk\u00e1 studia hotelnictv\u00ed v Rochester Institute of Technology v Dubrovn\u00edku. Plynn\u011b hovo\u0159\u00ed anglicky, italsky a \u0161pan\u011blsky. Jej\u00ed mate\u0159\u0161tinou je chorvat\u0161tina.[\/vc_column_text][\/vc_column][vc_column width=&#8220;1\/6&#8243;][\/vc_column][\/vc_row]<\/p>\n","protected":false},"excerpt":{"rendered":"<p>[vc_row css_animation=&#8220;&#8220; row_type=&#8220;row&#8220; use_row_as_full_screen_section=&#8220;no&#8220; type=&#8220;full_width&#8220; angled_section=&#8220;no&#8220; text_align=&#8220;left&#8220; background_image_as_pattern=&#8220;without_pattern&#8220;][vc_column width=&#8220;1\/6&#8243;][\/vc_column][vc_column width=&#8220;1\/6&#8243;][vc_single_image image=&#8220;16578&#8243; qode_css_animation=&#8220;&#8220;][\/vc_column][vc_column width=&#8220;1\/2&#8243;][vc_column_text] Andrijana Mladina, Director of Sales and Marketing \u0158editelka prodeje a marketingu hotelu Le Meridien Lav. Pro hotel pracovala od roku 2006 na pozici mana\u017eerky v\u00fdnos\u016f. Z\u00e1hy se p\u0159eorientovala na prodej a marketingovou&#8230;<\/p>\n","protected":false},"author":3,"featured_media":0,"parent":15637,"menu_order":0,"comment_status":"closed","ping_status":"closed","template":"","meta":{"footnotes":""},"class_list":["post-15778","page","type-page","status-publish","hentry"],"_links":{"self":[{"href":"https:\/\/odiengroup.com\/cs\/wp-json\/wp\/v2\/pages\/15778","targetHints":{"allow":["GET"]}}],"collection":[{"href":"https:\/\/odiengroup.com\/cs\/wp-json\/wp\/v2\/pages"}],"about":[{"href":"https:\/\/odiengroup.com\/cs\/wp-json\/wp\/v2\/types\/page"}],"author":[{"embeddable":true,"href":"https:\/\/odiengroup.com\/cs\/wp-json\/wp\/v2\/users\/3"}],"replies":[{"embeddable":true,"href":"https:\/\/odiengroup.com\/cs\/wp-json\/wp\/v2\/comments?post=15778"}],"version-history":[{"count":4,"href":"https:\/\/odiengroup.com\/cs\/wp-json\/wp\/v2\/pages\/15778\/revisions"}],"predecessor-version":[{"id":16594,"href":"https:\/\/odiengroup.com\/cs\/wp-json\/wp\/v2\/pages\/15778\/revisions\/16594"}],"up":[{"embeddable":true,"href":"https:\/\/odiengroup.com\/cs\/wp-json\/wp\/v2\/pages\/15637"}],"wp:attachment":[{"href":"https:\/\/odiengroup.com\/cs\/wp-json\/wp\/v2\/media?parent=15778"}],"curies":[{"name":"wp","href":"https:\/\/api.w.org\/{rel}","templated":true}]}}