{"id":15703,"date":"2017-12-14T10:07:12","date_gmt":"2017-12-14T09:07:12","guid":{"rendered":"http:\/\/odiengroup.com\/?page_id=15703"},"modified":"2020-11-24T11:36:39","modified_gmt":"2020-11-24T10:36:39","slug":"dijana-vujevic","status":"publish","type":"page","link":"https:\/\/odiengroup.com\/cs\/team\/dijana-vujevic\/","title":{"rendered":"Dijana Vujevi\u0107"},"content":{"rendered":"<p>[vc_row css_animation=&#8220;&#8220; row_type=&#8220;row&#8220; use_row_as_full_screen_section=&#8220;no&#8220; type=&#8220;full_width&#8220; angled_section=&#8220;no&#8220; text_align=&#8220;left&#8220; background_image_as_pattern=&#8220;without_pattern&#8220;][vc_column width=&#8220;1\/6&#8243;][\/vc_column][vc_column width=&#8220;1\/6&#8243;][vc_single_image image=&#8220;16566&#8243; qode_css_animation=&#8220;&#8220;][\/vc_column][vc_column width=&#8220;1\/2&#8243;][vc_column_text]<\/p>\n<h2><strong>Dijana Vujevi\u0107, Director<br \/>\n<\/strong><\/h2>\n<p>V sou\u010dasnosti \u0159editelka spole\u010dnosti Odien Grand Hotel &amp; Marina Lav.<br \/>\nV minulosti p\u016fsobila jako mana\u017eerka prodeje skupiny Lantea group, jedn\u00e9 z nejv\u00fdznamn\u011bj\u0161\u00edch s\u00edt\u00ed retailov\u00fdch prodejen konfekce v Chorvatsku. Intenzivn\u011b se v\u011bnovala rozpo\u010dt\u016fm a anal\u00fdz\u00e1m prodej\u016f. Pot\u00e9 pracovala ve stavebn\u00ed firm\u011b Eurodom d.o.o, kde se krom\u011b vyhled\u00e1v\u00e1n\u00ed a anal\u00fdz obchodn\u00edch p\u0159\u00edle\u017eitost\u00ed zam\u011b\u0159ila na bytov\u00e9 a hotelov\u00e9 projekty. Jedn\u00edm z nich byl Grand Hotel &amp; Marina Lav. V dan\u00e9m p\u0159\u00edpad\u011b se koncentrovala na urbanistick\u00e9 pl\u00e1nov\u00e1n\u00ed, stavbu, financov\u00e1n\u00ed a pr\u00e1vn\u00ed aspekty. Po \u00fasp\u011b\u0161n\u00e9m otev\u0159en\u00ed p\u011btihv\u011bzdi\u010dkov\u00e9ho rezortn\u00edho hotelu a p\u0159\u00edstavn\u00edho komplexu pod luxusn\u00ed zna\u010dkou Le Meridien p\u0159ijala funkci v\u00fdkonn\u00e9 \u0159editelky hotelu Grand Hotel Lav d.o.o. V sou\u010dasn\u00e9 dob\u011b je \u010dlenkou p\u0159edstavenstva. Dijana Vujevi\u0107 je dr\u017eitelkou vysoko\u0161kolsk\u00e9ho diplomu v oboru ekonomie. Plynn\u011b hovo\u0159\u00ed anglicky a n\u011bmecky, chorvat\u0161tina je jej\u00ed mate\u0159\u0161tinou.<br \/>\n[\/vc_column_text][\/vc_column][vc_column width=&#8220;1\/6&#8243;][\/vc_column][\/vc_row][vc_row css_animation=&#8220;&#8220; row_type=&#8220;row&#8220; use_row_as_full_screen_section=&#8220;no&#8220; type=&#8220;full_width&#8220; angled_section=&#8220;no&#8220; text_align=&#8220;left&#8220; background_image_as_pattern=&#8220;without_pattern&#8220;][vc_column][vc_column_text][\/vc_column_text][\/vc_column][\/vc_row]<\/p>\n","protected":false},"excerpt":{"rendered":"<p>[vc_row css_animation=&#8220;&#8220; row_type=&#8220;row&#8220; use_row_as_full_screen_section=&#8220;no&#8220; type=&#8220;full_width&#8220; angled_section=&#8220;no&#8220; text_align=&#8220;left&#8220; background_image_as_pattern=&#8220;without_pattern&#8220;][vc_column width=&#8220;1\/6&#8243;][\/vc_column][vc_column width=&#8220;1\/6&#8243;][vc_single_image image=&#8220;16566&#8243; qode_css_animation=&#8220;&#8220;][\/vc_column][vc_column width=&#8220;1\/2&#8243;][vc_column_text] Dijana Vujevi\u0107, Director V sou\u010dasnosti \u0159editelka spole\u010dnosti Odien Grand Hotel &amp; Marina Lav. V minulosti p\u016fsobila jako mana\u017eerka prodeje skupiny Lantea group, jedn\u00e9 z nejv\u00fdznamn\u011bj\u0161\u00edch s\u00edt\u00ed retailov\u00fdch prodejen konfekce v Chorvatsku. Intenzivn\u011b&#8230;<\/p>\n","protected":false},"author":2,"featured_media":0,"parent":15637,"menu_order":0,"comment_status":"closed","ping_status":"closed","template":"","meta":{"footnotes":""},"class_list":["post-15703","page","type-page","status-publish","hentry"],"_links":{"self":[{"href":"https:\/\/odiengroup.com\/cs\/wp-json\/wp\/v2\/pages\/15703","targetHints":{"allow":["GET"]}}],"collection":[{"href":"https:\/\/odiengroup.com\/cs\/wp-json\/wp\/v2\/pages"}],"about":[{"href":"https:\/\/odiengroup.com\/cs\/wp-json\/wp\/v2\/types\/page"}],"author":[{"embeddable":true,"href":"https:\/\/odiengroup.com\/cs\/wp-json\/wp\/v2\/users\/2"}],"replies":[{"embeddable":true,"href":"https:\/\/odiengroup.com\/cs\/wp-json\/wp\/v2\/comments?post=15703"}],"version-history":[{"count":2,"href":"https:\/\/odiengroup.com\/cs\/wp-json\/wp\/v2\/pages\/15703\/revisions"}],"predecessor-version":[{"id":16590,"href":"https:\/\/odiengroup.com\/cs\/wp-json\/wp\/v2\/pages\/15703\/revisions\/16590"}],"up":[{"embeddable":true,"href":"https:\/\/odiengroup.com\/cs\/wp-json\/wp\/v2\/pages\/15637"}],"wp:attachment":[{"href":"https:\/\/odiengroup.com\/cs\/wp-json\/wp\/v2\/media?parent=15703"}],"curies":[{"name":"wp","href":"https:\/\/api.w.org\/{rel}","templated":true}]}}