{"id":15686,"date":"2017-12-13T21:39:48","date_gmt":"2017-12-13T20:39:48","guid":{"rendered":"http:\/\/odiengroup.com\/?page_id=15686"},"modified":"2020-10-06T11:47:17","modified_gmt":"2020-10-06T09:47:17","slug":"michael-saran-2","status":"publish","type":"page","link":"https:\/\/odiengroup.com\/cs\/team\/michael-saran-2\/","title":{"rendered":"Michael Saran"},"content":{"rendered":"<p>[vc_row css_animation=&#8220;&#8220; row_type=&#8220;row&#8220; use_row_as_full_screen_section=&#8220;no&#8220; type=&#8220;full_width&#8220; angled_section=&#8220;no&#8220; text_align=&#8220;left&#8220; background_image_as_pattern=&#8220;without_pattern&#8220;][vc_column width=&#8220;1\/6&#8243;][\/vc_column][vc_column width=&#8220;1\/6&#8243;][vc_single_image image=&#8220;16425&#8243; qode_css_animation=&#8220;&#8220;][\/vc_column][vc_column width=&#8220;1\/2&#8243;][vc_column_text]<\/p>\n<h2><strong>Michael Saran, Chief Executive Officer<\/strong><\/h2>\n<p>Michael Saran je zakladatelem skupiny Odien (2004). P\u0159edt\u00edm p\u016fsobil v soukrom\u00fdch investi\u010dn\u00edch firm\u00e1ch v Lond\u00fdn\u011b, Bostonu a Praze.<br \/>\nMichael Saran je rovn\u011b\u017e zakladatelem nada\u010dn\u00edho fondu Sport 2 Life, kter\u00fd prost\u0159ednictv\u00edm sportovn\u00edch odd\u00edl\u016f podporuje vzd\u011bl\u00e1v\u00e1n\u00ed, v\u00fdvoj a zdrav\u00ed ml\u00e1de\u017ee.<br \/>\nNa Stanford University studoval ekonomii a mezin\u00e1rodn\u00ed vztahy. V obou oborech z\u00edskal bakal\u00e1\u0159sk\u00fd titul. Ve studiu pokra\u010doval na Harvard Business School, kde z\u00edskal titul MBA. Hovo\u0159\u00ed plynn\u011b turecky, anglicky a n\u011bmecky a domluv\u00ed se \u010desky.<br \/>\n[\/vc_column_text][\/vc_column][vc_column width=&#8220;1\/6&#8243;][\/vc_column][\/vc_row]<\/p>\n","protected":false},"excerpt":{"rendered":"<p>[vc_row css_animation=&#8220;&#8220; row_type=&#8220;row&#8220; use_row_as_full_screen_section=&#8220;no&#8220; type=&#8220;full_width&#8220; angled_section=&#8220;no&#8220; text_align=&#8220;left&#8220; background_image_as_pattern=&#8220;without_pattern&#8220;][vc_column width=&#8220;1\/6&#8243;][\/vc_column][vc_column width=&#8220;1\/6&#8243;][vc_single_image image=&#8220;16425&#8243; qode_css_animation=&#8220;&#8220;][\/vc_column][vc_column width=&#8220;1\/2&#8243;][vc_column_text] Michael Saran, Chief Executive Officer Michael Saran je zakladatelem skupiny Odien (2004). P\u0159edt\u00edm p\u016fsobil v soukrom\u00fdch investi\u010dn\u00edch firm\u00e1ch v Lond\u00fdn\u011b, Bostonu a Praze. Michael Saran je rovn\u011b\u017e zakladatelem nada\u010dn\u00edho fondu Sport 2&#8230;<\/p>\n","protected":false},"author":2,"featured_media":0,"parent":15637,"menu_order":0,"comment_status":"closed","ping_status":"closed","template":"","meta":{"footnotes":""},"class_list":["post-15686","page","type-page","status-publish","hentry"],"_links":{"self":[{"href":"https:\/\/odiengroup.com\/cs\/wp-json\/wp\/v2\/pages\/15686","targetHints":{"allow":["GET"]}}],"collection":[{"href":"https:\/\/odiengroup.com\/cs\/wp-json\/wp\/v2\/pages"}],"about":[{"href":"https:\/\/odiengroup.com\/cs\/wp-json\/wp\/v2\/types\/page"}],"author":[{"embeddable":true,"href":"https:\/\/odiengroup.com\/cs\/wp-json\/wp\/v2\/users\/2"}],"replies":[{"embeddable":true,"href":"https:\/\/odiengroup.com\/cs\/wp-json\/wp\/v2\/comments?post=15686"}],"version-history":[{"count":3,"href":"https:\/\/odiengroup.com\/cs\/wp-json\/wp\/v2\/pages\/15686\/revisions"}],"predecessor-version":[{"id":16904,"href":"https:\/\/odiengroup.com\/cs\/wp-json\/wp\/v2\/pages\/15686\/revisions\/16904"}],"up":[{"embeddable":true,"href":"https:\/\/odiengroup.com\/cs\/wp-json\/wp\/v2\/pages\/15637"}],"wp:attachment":[{"href":"https:\/\/odiengroup.com\/cs\/wp-json\/wp\/v2\/media?parent=15686"}],"curies":[{"name":"wp","href":"https:\/\/api.w.org\/{rel}","templated":true}]}}