{"id":15673,"date":"2017-12-13T21:06:43","date_gmt":"2017-12-13T20:06:43","guid":{"rendered":"http:\/\/odiengroup.com\/?page_id=15673"},"modified":"2020-11-24T11:37:21","modified_gmt":"2020-11-24T10:37:21","slug":"zvonimir-paradzik","status":"publish","type":"page","link":"https:\/\/odiengroup.com\/cs\/team\/zvonimir-paradzik\/","title":{"rendered":"Zvonimir Parad\u017eik"},"content":{"rendered":"<p>[vc_row css_animation=&#8220;&#8220; row_type=&#8220;row&#8220; use_row_as_full_screen_section=&#8220;no&#8220; type=&#8220;full_width&#8220; angled_section=&#8220;no&#8220; text_align=&#8220;left&#8220; background_image_as_pattern=&#8220;without_pattern&#8220;][vc_column width=&#8220;1\/6&#8243;][\/vc_column][vc_column width=&#8220;1\/6&#8243;][vc_single_image image=&#8220;16555&#8243; qode_css_animation=&#8220;&#8220;][\/vc_column][vc_column width=&#8220;1\/2&#8243;][vc_column_text]<\/p>\n<h2><strong>Zvonimir Parad\u017eik, Financial Controller<\/strong><\/h2>\n<p>V sou\u010dasnosti zast\u00e1v\u00e1 funkci finan\u010dn\u00edho kontrolora hotelu Le Meridien Lav. V Grand Hotelu Lav v\u0161ak p\u016fsobil ji\u017e od roku 2011, byl zde finan\u010dn\u00edm \u0159editelem a kontrolorem z\u00e1rove\u0148.<br \/>\nKari\u00e9ru zah\u00e1jil u AD Plastik Group, v\u00fdznamn\u00e9ho v\u00fdrobce autod\u00edl\u016f s n\u011bkolika z\u00e1vody v r\u016fzn\u00fdch evropsk\u00fdch zem\u00edch. Nejprve pracoval jen ve sv\u00e9m p\u016fsobi\u0161ti, pozd\u011bji se stal finan\u010dn\u00edm \u0159editelem cel\u00e9 skupiny. D\u00edky t\u011bmto zku\u0161enostem se vyzn\u00e1 ve v\u0161ech aspektech firemn\u00ed ekonomiky a spr\u00e1vy pen\u011b\u017en\u00edch tok\u016f.<br \/>\nZvonimir Parad\u017eik m\u00e1 vysoko\u0161kolsk\u00e9 vzd\u011bl\u00e1n\u00ed jak v oboru ekonomie, tak financ\u00ed a \u00fa\u010detnictv\u00ed. Hovo\u0159\u00ed chorvatsky, anglicky a n\u011bmecky.<br \/>\n[\/vc_column_text][\/vc_column][vc_column width=&#8220;1\/6&#8243;][\/vc_column][\/vc_row]<\/p>\n","protected":false},"excerpt":{"rendered":"<p>[vc_row css_animation=&#8220;&#8220; row_type=&#8220;row&#8220; use_row_as_full_screen_section=&#8220;no&#8220; type=&#8220;full_width&#8220; angled_section=&#8220;no&#8220; text_align=&#8220;left&#8220; background_image_as_pattern=&#8220;without_pattern&#8220;][vc_column width=&#8220;1\/6&#8243;][\/vc_column][vc_column width=&#8220;1\/6&#8243;][vc_single_image image=&#8220;16555&#8243; qode_css_animation=&#8220;&#8220;][\/vc_column][vc_column width=&#8220;1\/2&#8243;][vc_column_text] Zvonimir Parad\u017eik, Financial Controller V sou\u010dasnosti zast\u00e1v\u00e1 funkci finan\u010dn\u00edho kontrolora hotelu Le Meridien Lav. V Grand Hotelu Lav v\u0161ak p\u016fsobil ji\u017e od roku 2011, byl zde finan\u010dn\u00edm \u0159editelem a kontrolorem z\u00e1rove\u0148. Kari\u00e9ru&#8230;<\/p>\n","protected":false},"author":2,"featured_media":0,"parent":15637,"menu_order":0,"comment_status":"closed","ping_status":"closed","template":"","meta":{"footnotes":""},"class_list":["post-15673","page","type-page","status-publish","hentry"],"_links":{"self":[{"href":"https:\/\/odiengroup.com\/cs\/wp-json\/wp\/v2\/pages\/15673","targetHints":{"allow":["GET"]}}],"collection":[{"href":"https:\/\/odiengroup.com\/cs\/wp-json\/wp\/v2\/pages"}],"about":[{"href":"https:\/\/odiengroup.com\/cs\/wp-json\/wp\/v2\/types\/page"}],"author":[{"embeddable":true,"href":"https:\/\/odiengroup.com\/cs\/wp-json\/wp\/v2\/users\/2"}],"replies":[{"embeddable":true,"href":"https:\/\/odiengroup.com\/cs\/wp-json\/wp\/v2\/comments?post=15673"}],"version-history":[{"count":2,"href":"https:\/\/odiengroup.com\/cs\/wp-json\/wp\/v2\/pages\/15673\/revisions"}],"predecessor-version":[{"id":16593,"href":"https:\/\/odiengroup.com\/cs\/wp-json\/wp\/v2\/pages\/15673\/revisions\/16593"}],"up":[{"embeddable":true,"href":"https:\/\/odiengroup.com\/cs\/wp-json\/wp\/v2\/pages\/15637"}],"wp:attachment":[{"href":"https:\/\/odiengroup.com\/cs\/wp-json\/wp\/v2\/media?parent=15673"}],"curies":[{"name":"wp","href":"https:\/\/api.w.org\/{rel}","templated":true}]}}