{"id":15669,"date":"2017-12-13T21:00:10","date_gmt":"2017-12-13T20:00:10","guid":{"rendered":"http:\/\/odiengroup.com\/?page_id=15669"},"modified":"2020-11-24T11:36:58","modified_gmt":"2020-11-24T10:36:58","slug":"igor-leben","status":"publish","type":"page","link":"https:\/\/odiengroup.com\/cs\/team\/igor-leben\/","title":{"rendered":"Igor Leben"},"content":{"rendered":"<p>[vc_row css_animation=&#8220;&#8220; row_type=&#8220;row&#8220; use_row_as_full_screen_section=&#8220;no&#8220; type=&#8220;full_width&#8220; angled_section=&#8220;no&#8220; text_align=&#8220;left&#8220; background_image_as_pattern=&#8220;without_pattern&#8220;][vc_column width=&#8220;1\/6&#8243;][\/vc_column][vc_column width=&#8220;1\/6&#8243;][vc_single_image image=&#8220;16558&#8243; qode_css_animation=&#8220;&#8220;][\/vc_column][vc_column width=&#8220;1\/2&#8243;][vc_column_text]<\/p>\n<h2><strong>Igor Leben, Director of Human Resources<\/strong><\/h2>\n<p>\u0158editel odd\u011blen\u00ed lidsk\u00fdch zdroj\u016f nejprve v roce 2006 nastoupil do Grand Hotelu Lav, v Le Meridien Lav za\u010dal p\u016fsobit hned po jeho otev\u0159en\u00ed.<br \/>\nV minulosti pracoval jako senior konzultant v HILL International, mezin\u00e1rodn\u00ed spole\u010dnosti specializovan\u00e9 na vyhled\u00e1v\u00e1n\u00ed a v\u00fdb\u011br person\u00e1lu. V oblasti HR je uzn\u00e1van\u00fdm odborn\u00edkem, o \u010dem\u017e mimo jin\u00e9 sv\u011bd\u010d\u00ed fakt, \u017ee je jedn\u00edm ze zakladatel\u016f HR centar (chorvatsk\u00e1 asociace personalist\u016f).<br \/>\nJe bakal\u00e1\u0159em ve\u0159ejn\u00e9 spr\u00e1vy, b\u011bhem studi\u00ed se v\u0161ak v\u011bnoval tak\u00e9 medi\u00e1ln\u00ed publicistice \u2013 pod\u00edlel se na zrodu studentsk\u00e9ho rozhlasu a televize. Plynn\u011b hovo\u0159\u00ed rodnou chorvat\u0161tinou, anglicky, n\u011bmecky a \u010desky.[\/vc_column_text][\/vc_column][vc_column width=&#8220;1\/6&#8243;][\/vc_column][\/vc_row]<\/p>\n","protected":false},"excerpt":{"rendered":"<p>[vc_row css_animation=&#8220;&#8220; row_type=&#8220;row&#8220; use_row_as_full_screen_section=&#8220;no&#8220; type=&#8220;full_width&#8220; angled_section=&#8220;no&#8220; text_align=&#8220;left&#8220; background_image_as_pattern=&#8220;without_pattern&#8220;][vc_column width=&#8220;1\/6&#8243;][\/vc_column][vc_column width=&#8220;1\/6&#8243;][vc_single_image image=&#8220;16558&#8243; qode_css_animation=&#8220;&#8220;][\/vc_column][vc_column width=&#8220;1\/2&#8243;][vc_column_text] Igor Leben, Director of Human Resources \u0158editel odd\u011blen\u00ed lidsk\u00fdch zdroj\u016f nejprve v roce 2006 nastoupil do Grand Hotelu Lav, v Le Meridien Lav za\u010dal p\u016fsobit hned po jeho otev\u0159en\u00ed. V minulosti pracoval&#8230;<\/p>\n","protected":false},"author":2,"featured_media":0,"parent":15637,"menu_order":0,"comment_status":"closed","ping_status":"closed","template":"","meta":{"footnotes":""},"class_list":["post-15669","page","type-page","status-publish","hentry"],"_links":{"self":[{"href":"https:\/\/odiengroup.com\/cs\/wp-json\/wp\/v2\/pages\/15669","targetHints":{"allow":["GET"]}}],"collection":[{"href":"https:\/\/odiengroup.com\/cs\/wp-json\/wp\/v2\/pages"}],"about":[{"href":"https:\/\/odiengroup.com\/cs\/wp-json\/wp\/v2\/types\/page"}],"author":[{"embeddable":true,"href":"https:\/\/odiengroup.com\/cs\/wp-json\/wp\/v2\/users\/2"}],"replies":[{"embeddable":true,"href":"https:\/\/odiengroup.com\/cs\/wp-json\/wp\/v2\/comments?post=15669"}],"version-history":[{"count":2,"href":"https:\/\/odiengroup.com\/cs\/wp-json\/wp\/v2\/pages\/15669\/revisions"}],"predecessor-version":[{"id":16591,"href":"https:\/\/odiengroup.com\/cs\/wp-json\/wp\/v2\/pages\/15669\/revisions\/16591"}],"up":[{"embeddable":true,"href":"https:\/\/odiengroup.com\/cs\/wp-json\/wp\/v2\/pages\/15637"}],"wp:attachment":[{"href":"https:\/\/odiengroup.com\/cs\/wp-json\/wp\/v2\/media?parent=15669"}],"curies":[{"name":"wp","href":"https:\/\/api.w.org\/{rel}","templated":true}]}}