{"id":15667,"date":"2017-12-13T20:58:47","date_gmt":"2017-12-13T19:58:47","guid":{"rendered":"http:\/\/odiengroup.com\/?page_id=15667"},"modified":"2020-10-06T12:00:36","modified_gmt":"2020-10-06T10:00:36","slug":"zdenka-prazakova","status":"publish","type":"page","link":"https:\/\/odiengroup.com\/cs\/team\/zdenka-prazakova\/","title":{"rendered":"Zde\u0148ka Pra\u017e\u00e1kov\u00e1"},"content":{"rendered":"<p>[vc_row css_animation=&#8220;&#8220; row_type=&#8220;row&#8220; use_row_as_full_screen_section=&#8220;no&#8220; type=&#8220;full_width&#8220; angled_section=&#8220;no&#8220; text_align=&#8220;left&#8220; background_image_as_pattern=&#8220;without_pattern&#8220;][vc_column width=&#8220;1\/6&#8243;][\/vc_column][vc_column width=&#8220;1\/6&#8243;][vc_single_image image=&#8220;16491&#8243; qode_css_animation=&#8220;&#8220;][\/vc_column][vc_column width=&#8220;1\/2&#8243;][vc_column_text]<\/p>\n<h2><strong>Zde\u0148ka Pra\u017e\u00e1kov\u00e1, Office Manager<\/strong><\/h2>\n<p>Jako \u0159editelka vedouc\u00ed kancel\u00e1\u0159e pracuje pro skupinu Odien od roku 2005. Je dr\u017eitelkou certifik\u00e1tu Business English ud\u011blovan\u00e9ho University of Cambridge ve Velk\u00e9 Brit\u00e1nii a kvalifikace Business Accounting Foundations. Magistersk\u00fd titul z\u00edskala na Jiho\u010desk\u00e9 univerzit\u011b v \u010cesk\u00fdch Bud\u011bjovic\u00edch. Hovo\u0159\u00ed plynn\u011b anglicky.[\/vc_column_text][\/vc_column][vc_column width=&#8220;1\/6&#8243;][\/vc_column][\/vc_row]<\/p>\n","protected":false},"excerpt":{"rendered":"<p>[vc_row css_animation=&#8220;&#8220; row_type=&#8220;row&#8220; use_row_as_full_screen_section=&#8220;no&#8220; type=&#8220;full_width&#8220; angled_section=&#8220;no&#8220; text_align=&#8220;left&#8220; background_image_as_pattern=&#8220;without_pattern&#8220;][vc_column width=&#8220;1\/6&#8243;][\/vc_column][vc_column width=&#8220;1\/6&#8243;][vc_single_image image=&#8220;16491&#8243; qode_css_animation=&#8220;&#8220;][\/vc_column][vc_column width=&#8220;1\/2&#8243;][vc_column_text] Zde\u0148ka Pra\u017e\u00e1kov\u00e1, Office Manager Jako \u0159editelka vedouc\u00ed kancel\u00e1\u0159e pracuje pro skupinu Odien od roku 2005. Je dr\u017eitelkou certifik\u00e1tu Business English ud\u011blovan\u00e9ho University of Cambridge ve Velk\u00e9 Brit\u00e1nii a kvalifikace Business Accounting Foundations&#8230;.<\/p>\n","protected":false},"author":2,"featured_media":0,"parent":15637,"menu_order":0,"comment_status":"closed","ping_status":"closed","template":"","meta":{"footnotes":""},"class_list":["post-15667","page","type-page","status-publish","hentry"],"_links":{"self":[{"href":"https:\/\/odiengroup.com\/cs\/wp-json\/wp\/v2\/pages\/15667","targetHints":{"allow":["GET"]}}],"collection":[{"href":"https:\/\/odiengroup.com\/cs\/wp-json\/wp\/v2\/pages"}],"about":[{"href":"https:\/\/odiengroup.com\/cs\/wp-json\/wp\/v2\/types\/page"}],"author":[{"embeddable":true,"href":"https:\/\/odiengroup.com\/cs\/wp-json\/wp\/v2\/users\/2"}],"replies":[{"embeddable":true,"href":"https:\/\/odiengroup.com\/cs\/wp-json\/wp\/v2\/comments?post=15667"}],"version-history":[{"count":4,"href":"https:\/\/odiengroup.com\/cs\/wp-json\/wp\/v2\/pages\/15667\/revisions"}],"predecessor-version":[{"id":16530,"href":"https:\/\/odiengroup.com\/cs\/wp-json\/wp\/v2\/pages\/15667\/revisions\/16530"}],"up":[{"embeddable":true,"href":"https:\/\/odiengroup.com\/cs\/wp-json\/wp\/v2\/pages\/15637"}],"wp:attachment":[{"href":"https:\/\/odiengroup.com\/cs\/wp-json\/wp\/v2\/media?parent=15667"}],"curies":[{"name":"wp","href":"https:\/\/api.w.org\/{rel}","templated":true}]}}