{"id":15665,"date":"2017-12-13T20:57:03","date_gmt":"2017-12-13T19:57:03","guid":{"rendered":"http:\/\/odiengroup.com\/?page_id=15665"},"modified":"2020-11-24T11:37:08","modified_gmt":"2020-11-24T10:37:08","slug":"danijela-susak","status":"publish","type":"page","link":"https:\/\/odiengroup.com\/cs\/team\/danijela-susak\/","title":{"rendered":"Danijela \u0160u\u0161ak"},"content":{"rendered":"<p>[vc_row css_animation=&#8220;&#8220; row_type=&#8220;row&#8220; use_row_as_full_screen_section=&#8220;no&#8220; type=&#8220;full_width&#8220; angled_section=&#8220;no&#8220; text_align=&#8220;left&#8220; background_image_as_pattern=&#8220;without_pattern&#8220;][vc_column width=&#8220;1\/6&#8243;][\/vc_column][vc_column width=&#8220;1\/6&#8243;][vc_single_image image=&#8220;16570&#8243; qode_css_animation=&#8220;&#8220;][\/vc_column][vc_column width=&#8220;1\/2&#8243;][vc_column_text]<\/p>\n<h2><strong>Danijela \u0160u\u0161ak, Director of Revenue Management<br \/>\n<\/strong><\/h2>\n<p>Pro \u0159editelku spr\u00e1vy a \u0159\u00edzen\u00ed v\u00fdnos\u016f byl v roce 2006 vstup do slu\u017eeb Le Meridien Lav Split i vstupem do oblasti podnik\u00e1n\u00ed v cestovn\u00edm ruchu. Z pozice \u0159adov\u00e9 mana\u017eerky se vypracovala a\u017e do top managementu. Je zodpov\u011bdn\u00e1 za ziskovost hotelu, a t\u00edm p\u00e1dem za stanoven\u00ed a implementaci strategi\u00ed, kter\u00e9 vedou k jeho trval\u00e9 prosperit\u011b. P\u0159ed n\u00e1stupem do Le Meridien Lav pracovala jako \u00fa\u010detn\u00ed v Bosnjak Grupa d.o.o.<br \/>\nDanijela \u0160u\u0161ak je absolventkou magistersk\u00e9ho studia financ\u00ed a \u00fa\u010detnictv\u00ed na Vysok\u00e9 \u0161kole ekonomick\u00e9 ve Splitu. Hovo\u0159\u00ed anglicky a rodnou chorvat\u0161tinou. [\/vc_column_text][\/vc_column][vc_column width=&#8220;1\/6&#8243;][\/vc_column][\/vc_row][vc_row css_animation=&#8220;&#8220; row_type=&#8220;row&#8220; use_row_as_full_screen_section=&#8220;no&#8220; type=&#8220;full_width&#8220; angled_section=&#8220;no&#8220; text_align=&#8220;left&#8220; background_image_as_pattern=&#8220;without_pattern&#8220;][vc_column][vc_column_text][\/vc_column_text][\/vc_column][\/vc_row]<\/p>\n","protected":false},"excerpt":{"rendered":"<p>[vc_row css_animation=&#8220;&#8220; row_type=&#8220;row&#8220; use_row_as_full_screen_section=&#8220;no&#8220; type=&#8220;full_width&#8220; angled_section=&#8220;no&#8220; text_align=&#8220;left&#8220; background_image_as_pattern=&#8220;without_pattern&#8220;][vc_column width=&#8220;1\/6&#8243;][\/vc_column][vc_column width=&#8220;1\/6&#8243;][vc_single_image image=&#8220;16570&#8243; qode_css_animation=&#8220;&#8220;][\/vc_column][vc_column width=&#8220;1\/2&#8243;][vc_column_text] Danijela \u0160u\u0161ak, Director of Revenue Management Pro \u0159editelku spr\u00e1vy a \u0159\u00edzen\u00ed v\u00fdnos\u016f byl v roce 2006 vstup do slu\u017eeb Le Meridien Lav Split i vstupem do oblasti podnik\u00e1n\u00ed v cestovn\u00edm ruchu. Z&#8230;<\/p>\n","protected":false},"author":2,"featured_media":0,"parent":15637,"menu_order":0,"comment_status":"closed","ping_status":"closed","template":"","meta":{"footnotes":""},"class_list":["post-15665","page","type-page","status-publish","hentry"],"_links":{"self":[{"href":"https:\/\/odiengroup.com\/cs\/wp-json\/wp\/v2\/pages\/15665","targetHints":{"allow":["GET"]}}],"collection":[{"href":"https:\/\/odiengroup.com\/cs\/wp-json\/wp\/v2\/pages"}],"about":[{"href":"https:\/\/odiengroup.com\/cs\/wp-json\/wp\/v2\/types\/page"}],"author":[{"embeddable":true,"href":"https:\/\/odiengroup.com\/cs\/wp-json\/wp\/v2\/users\/2"}],"replies":[{"embeddable":true,"href":"https:\/\/odiengroup.com\/cs\/wp-json\/wp\/v2\/comments?post=15665"}],"version-history":[{"count":3,"href":"https:\/\/odiengroup.com\/cs\/wp-json\/wp\/v2\/pages\/15665\/revisions"}],"predecessor-version":[{"id":16592,"href":"https:\/\/odiengroup.com\/cs\/wp-json\/wp\/v2\/pages\/15665\/revisions\/16592"}],"up":[{"embeddable":true,"href":"https:\/\/odiengroup.com\/cs\/wp-json\/wp\/v2\/pages\/15637"}],"wp:attachment":[{"href":"https:\/\/odiengroup.com\/cs\/wp-json\/wp\/v2\/media?parent=15665"}],"curies":[{"name":"wp","href":"https:\/\/api.w.org\/{rel}","templated":true}]}}