{"id":15661,"date":"2017-12-13T20:53:03","date_gmt":"2017-12-13T19:53:03","guid":{"rendered":"http:\/\/odiengroup.com\/?page_id=15661"},"modified":"2021-07-27T12:38:48","modified_gmt":"2021-07-27T10:38:48","slug":"duje-bozikovic","status":"publish","type":"page","link":"https:\/\/odiengroup.com\/cs\/team\/duje-bozikovic\/","title":{"rendered":"Duje Bo\u017eikovi\u0107"},"content":{"rendered":"<p>[vc_row css_animation=&#8220;&#8220; row_type=&#8220;row&#8220; use_row_as_full_screen_section=&#8220;no&#8220; type=&#8220;full_width&#8220; angled_section=&#8220;no&#8220; text_align=&#8220;left&#8220; background_image_as_pattern=&#8220;without_pattern&#8220;][vc_column width=&#8220;1\/6&#8243;][\/vc_column][vc_column width=&#8220;1\/6&#8243;][vc_single_image image=&#8220;16563&#8243; qode_css_animation=&#8220;&#8220;][\/vc_column][vc_column width=&#8220;1\/2&#8243;][vc_column_text]<\/p>\n<h2><strong>Mr. Duje Bo\u017eikovi\u0107, COO<\/strong><\/h2>\n<p>Jako provozn\u00ed \u0159editel nastoupil do hotelu Le Meridien Lav v dubnu 2017. V sou\u010dasnosti je rovn\u011b\u017e vedouc\u00edm nada\u010dn\u00edho fondu Sport 2 Life v Chorvatsku, zam\u011b\u0159en\u00e9ho na podporu vzd\u011bl\u00e1v\u00e1n\u00ed, rozvoje a zdrav\u00ed ml\u00e1de\u017ee prost\u0159ednictv\u00edm organizovan\u00fdch sportovn\u00edch aktivit.<br \/>\nRod\u00e1k ze Splitu si do skupiny Odien p\u0159inesl zku\u0161enosti ze Spojen\u00fdch st\u00e1t\u016f, kde byl v Bostonu gener\u00e1ln\u00edm \u0159editelem dvou zbrusu nov\u00fdch hotel\u016f Marriott. Byl u jejich zrodu od prvopo\u010d\u00e1tku, prakticky od polo\u017een\u00ed z\u00e1kladn\u00edho kamene. Od nuly pe\u010doval o jejich obchodn\u00ed rozvoj a dovedl je k prosperit\u011b.<br \/>\nDuje Bo\u017eikovi\u0107 je dr\u017eitelem bakal\u00e1\u0159sk\u00e9ho titulu z Lindenwood University v Saint Louis, kde z\u00edskal sportovn\u00ed stipendium. Plynn\u011b hovo\u0159\u00ed anglicky, jeho mate\u0159\u0161tinou je chorvat\u0161tina.[\/vc_column_text][\/vc_column][vc_column width=&#8220;1\/6&#8243;][\/vc_column][\/vc_row]<\/p>\n","protected":false},"excerpt":{"rendered":"<p>[vc_row css_animation=&#8220;&#8220; row_type=&#8220;row&#8220; use_row_as_full_screen_section=&#8220;no&#8220; type=&#8220;full_width&#8220; angled_section=&#8220;no&#8220; text_align=&#8220;left&#8220; background_image_as_pattern=&#8220;without_pattern&#8220;][vc_column width=&#8220;1\/6&#8243;][\/vc_column][vc_column width=&#8220;1\/6&#8243;][vc_single_image image=&#8220;16563&#8243; qode_css_animation=&#8220;&#8220;][\/vc_column][vc_column width=&#8220;1\/2&#8243;][vc_column_text] Mr. Duje Bo\u017eikovi\u0107, COO Jako provozn\u00ed \u0159editel nastoupil do hotelu Le Meridien Lav v dubnu 2017. V sou\u010dasnosti je rovn\u011b\u017e vedouc\u00edm nada\u010dn\u00edho fondu Sport 2 Life v Chorvatsku, zam\u011b\u0159en\u00e9ho na podporu vzd\u011bl\u00e1v\u00e1n\u00ed,&#8230;<\/p>\n","protected":false},"author":2,"featured_media":0,"parent":15637,"menu_order":0,"comment_status":"closed","ping_status":"closed","template":"","meta":{"footnotes":""},"class_list":["post-15661","page","type-page","status-publish","hentry"],"_links":{"self":[{"href":"https:\/\/odiengroup.com\/cs\/wp-json\/wp\/v2\/pages\/15661","targetHints":{"allow":["GET"]}}],"collection":[{"href":"https:\/\/odiengroup.com\/cs\/wp-json\/wp\/v2\/pages"}],"about":[{"href":"https:\/\/odiengroup.com\/cs\/wp-json\/wp\/v2\/types\/page"}],"author":[{"embeddable":true,"href":"https:\/\/odiengroup.com\/cs\/wp-json\/wp\/v2\/users\/2"}],"replies":[{"embeddable":true,"href":"https:\/\/odiengroup.com\/cs\/wp-json\/wp\/v2\/comments?post=15661"}],"version-history":[{"count":3,"href":"https:\/\/odiengroup.com\/cs\/wp-json\/wp\/v2\/pages\/15661\/revisions"}],"predecessor-version":[{"id":16662,"href":"https:\/\/odiengroup.com\/cs\/wp-json\/wp\/v2\/pages\/15661\/revisions\/16662"}],"up":[{"embeddable":true,"href":"https:\/\/odiengroup.com\/cs\/wp-json\/wp\/v2\/pages\/15637"}],"wp:attachment":[{"href":"https:\/\/odiengroup.com\/cs\/wp-json\/wp\/v2\/media?parent=15661"}],"curies":[{"name":"wp","href":"https:\/\/api.w.org\/{rel}","templated":true}]}}