{"id":15659,"date":"2017-12-13T20:51:25","date_gmt":"2017-12-13T19:51:25","guid":{"rendered":"http:\/\/odiengroup.com\/?page_id=15659"},"modified":"2020-11-24T11:36:08","modified_gmt":"2020-11-24T10:36:08","slug":"arnoud-zaalberg","status":"publish","type":"page","link":"https:\/\/odiengroup.com\/cs\/team\/arnoud-zaalberg\/","title":{"rendered":"Arnoud Zaalberg"},"content":{"rendered":"<p>[vc_row css_animation=&#8220;&#8220; row_type=&#8220;row&#8220; use_row_as_full_screen_section=&#8220;no&#8220; type=&#8220;full_width&#8220; angled_section=&#8220;no&#8220; text_align=&#8220;left&#8220; background_image_as_pattern=&#8220;without_pattern&#8220; css=&#8220;.vc_custom_1512422770515{margin-top: 50px !important;margin-right: 50px !important;margin-left: 50px !important;}&#8220;][vc_column width=&#8220;1\/6&#8243;][\/vc_column][vc_column width=&#8220;1\/6&#8243;][vc_single_image image=&#8220;16575&#8243; qode_css_animation=&#8220;&#8220;][\/vc_column][vc_column width=&#8220;1\/2&#8243;][vc_column_text]<\/p>\n<h2>Arnoud Zaalberg, General Manager<\/h2>\n<p>Sou\u010dasn\u00fd gener\u00e1ln\u00ed \u0159editel hotelu Odien Le Meridien Lav (od roku 2011).<br \/>\nV minulosti p\u016fsobil jako gener\u00e1ln\u00ed \u0159editel hotelu s\u00edt\u011b Sheraton v Tiran\u011b v Alb\u00e1nii, sou\u010d\u00e1sti Starwood Hotels &amp; Resorts. V po\u010d\u00e1tc\u00edch kari\u00e9ry sb\u00edral deset let zku\u0161enosti v norsk\u00e9 hotelov\u00e9 skupin\u011b Olav Thon Hotels v Bruselu. Jako v\u00fdkonn\u00fd \u0159editel zde otev\u0159el druh\u00fd nejv\u011bt\u0161\u00ed hotel v Belgii.<br \/>\nArnoud Zaalberg je absolventem Hotel Management School Les Roches v Bluche ve \u0160v\u00fdcarsku. Jeho rodnou \u0159e\u010d\u00ed je holand\u0161tina, plynn\u011b v\u0161ak hovo\u0159\u00ed tak\u00e9 anglicky a francouzsky a velmi dob\u0159e n\u011bmecky.[\/vc_column_text][\/vc_column][vc_column width=&#8220;1\/6&#8243;][\/vc_column][\/vc_row]<\/p>\n","protected":false},"excerpt":{"rendered":"<p>[vc_row css_animation=&#8220;&#8220; row_type=&#8220;row&#8220; use_row_as_full_screen_section=&#8220;no&#8220; type=&#8220;full_width&#8220; angled_section=&#8220;no&#8220; text_align=&#8220;left&#8220; background_image_as_pattern=&#8220;without_pattern&#8220; css=&#8220;.vc_custom_1512422770515{margin-top: 50px !important;margin-right: 50px !important;margin-left: 50px !important;}&#8220;][vc_column width=&#8220;1\/6&#8243;][\/vc_column][vc_column width=&#8220;1\/6&#8243;][vc_single_image image=&#8220;16575&#8243; qode_css_animation=&#8220;&#8220;][\/vc_column][vc_column width=&#8220;1\/2&#8243;][vc_column_text] Arnoud Zaalberg, General Manager Sou\u010dasn\u00fd gener\u00e1ln\u00ed \u0159editel hotelu Odien Le Meridien Lav (od roku 2011). V minulosti p\u016fsobil jako gener\u00e1ln\u00ed \u0159editel hotelu s\u00edt\u011b Sheraton v&#8230;<\/p>\n","protected":false},"author":2,"featured_media":0,"parent":15637,"menu_order":0,"comment_status":"closed","ping_status":"closed","template":"full_width.php","meta":{"footnotes":""},"class_list":["post-15659","page","type-page","status-publish","hentry"],"_links":{"self":[{"href":"https:\/\/odiengroup.com\/cs\/wp-json\/wp\/v2\/pages\/15659","targetHints":{"allow":["GET"]}}],"collection":[{"href":"https:\/\/odiengroup.com\/cs\/wp-json\/wp\/v2\/pages"}],"about":[{"href":"https:\/\/odiengroup.com\/cs\/wp-json\/wp\/v2\/types\/page"}],"author":[{"embeddable":true,"href":"https:\/\/odiengroup.com\/cs\/wp-json\/wp\/v2\/users\/2"}],"replies":[{"embeddable":true,"href":"https:\/\/odiengroup.com\/cs\/wp-json\/wp\/v2\/comments?post=15659"}],"version-history":[{"count":2,"href":"https:\/\/odiengroup.com\/cs\/wp-json\/wp\/v2\/pages\/15659\/revisions"}],"predecessor-version":[{"id":16588,"href":"https:\/\/odiengroup.com\/cs\/wp-json\/wp\/v2\/pages\/15659\/revisions\/16588"}],"up":[{"embeddable":true,"href":"https:\/\/odiengroup.com\/cs\/wp-json\/wp\/v2\/pages\/15637"}],"wp:attachment":[{"href":"https:\/\/odiengroup.com\/cs\/wp-json\/wp\/v2\/media?parent=15659"}],"curies":[{"name":"wp","href":"https:\/\/api.w.org\/{rel}","templated":true}]}}