{"id":15650,"date":"2017-12-13T20:39:55","date_gmt":"2017-12-13T19:39:55","guid":{"rendered":"http:\/\/odiengroup.com\/?page_id=15650"},"modified":"2020-10-27T08:46:33","modified_gmt":"2020-10-27T07:46:33","slug":"jan-bucek","status":"publish","type":"page","link":"https:\/\/odiengroup.com\/cs\/team\/jan-bucek\/","title":{"rendered":"Jan Bu\u010dek"},"content":{"rendered":"<p>[vc_row css_animation=&#8220;&#8220; row_type=&#8220;row&#8220; use_row_as_full_screen_section=&#8220;no&#8220; type=&#8220;full_width&#8220; angled_section=&#8220;no&#8220; text_align=&#8220;left&#8220; background_image_as_pattern=&#8220;without_pattern&#8220;][vc_column width=&#8220;1\/6&#8243;][\/vc_column][vc_column width=&#8220;1\/6&#8243;][vc_single_image image=&#8220;16424&#8243; qode_css_animation=&#8220;&#8220;][\/vc_column][vc_column width=&#8220;1\/2&#8243;][vc_column_text]<\/p>\n<h2><strong>Jan Bu\u010dek, Finance Director and Controller<\/strong><\/h2>\n<p>V sou\u010dasnosti p\u016fsob\u00ed jako finan\u010dn\u00ed \u0159editel spole\u010dnosti Odien Real Estate a finan\u010dn\u00ed kontrolor skupiny Odien. V minulosti ve spole\u010dnosti vykon\u00e1val tak\u00e9 funkce \u0159editele divize OEM Business Avia a divize Energo. P\u016fsobil t\u00e9\u017e v\u00a0dozor\u010d\u00ed rad\u011b cestovn\u00ed kancel\u00e1\u0159e \u010cedok, a.s.<\/p>\n<p>P\u0159ed n\u00e1stupem do skupiny Odien v roce 2004 byl finan\u010dn\u00edm mana\u017eerem firmy Revitaliza\u010dn\u00ed Traktor, s. r. o., specializovan\u00e9 na \u0159e\u0161en\u00ed financov\u00e1n\u00ed v\u00fdroby akciov\u00e9 spole\u010dnosti Zetor (\u010desk\u00e9 traktory). Svou profesn\u00ed kari\u00e9ru zapo\u010dal ve firm\u011b KPMG jako auditor a pozd\u011bji konzultant.<\/p>\n<p>Jan Bu\u010dek absolvoval magistersk\u00e1 studia ekonomie na Masarykov\u011b univerzit\u011b v\u00a0Brn\u011b, \u010d\u00e1st studi\u00ed absolvoval na Facolta di Economia Commercio ve Veron\u011b, It\u00e1lie. Hovo\u0159\u00ed plynn\u011b anglicky a italsky, na komunikativn\u00ed \u00farovni hovo\u0159\u00ed t\u00e9\u017e n\u011bmecky a \u0161pan\u011blsky.[\/vc_column_text][\/vc_column][vc_column width=&#8220;1\/6&#8243;][\/vc_column][\/vc_row]<\/p>\n","protected":false},"excerpt":{"rendered":"<p>[vc_row css_animation=&#8220;&#8220; row_type=&#8220;row&#8220; use_row_as_full_screen_section=&#8220;no&#8220; type=&#8220;full_width&#8220; angled_section=&#8220;no&#8220; text_align=&#8220;left&#8220; background_image_as_pattern=&#8220;without_pattern&#8220;][vc_column width=&#8220;1\/6&#8243;][\/vc_column][vc_column width=&#8220;1\/6&#8243;][vc_single_image image=&#8220;16424&#8243; qode_css_animation=&#8220;&#8220;][\/vc_column][vc_column width=&#8220;1\/2&#8243;][vc_column_text] Jan Bu\u010dek, Finance Director and Controller V sou\u010dasnosti p\u016fsob\u00ed jako finan\u010dn\u00ed \u0159editel spole\u010dnosti Odien Real Estate a finan\u010dn\u00ed kontrolor skupiny Odien. V minulosti ve spole\u010dnosti vykon\u00e1val tak\u00e9 funkce \u0159editele divize OEM Business&#8230;<\/p>\n","protected":false},"author":2,"featured_media":0,"parent":15637,"menu_order":0,"comment_status":"closed","ping_status":"closed","template":"","meta":{"footnotes":""},"class_list":["post-15650","page","type-page","status-publish","hentry"],"_links":{"self":[{"href":"https:\/\/odiengroup.com\/cs\/wp-json\/wp\/v2\/pages\/15650","targetHints":{"allow":["GET"]}}],"collection":[{"href":"https:\/\/odiengroup.com\/cs\/wp-json\/wp\/v2\/pages"}],"about":[{"href":"https:\/\/odiengroup.com\/cs\/wp-json\/wp\/v2\/types\/page"}],"author":[{"embeddable":true,"href":"https:\/\/odiengroup.com\/cs\/wp-json\/wp\/v2\/users\/2"}],"replies":[{"embeddable":true,"href":"https:\/\/odiengroup.com\/cs\/wp-json\/wp\/v2\/comments?post=15650"}],"version-history":[{"count":5,"href":"https:\/\/odiengroup.com\/cs\/wp-json\/wp\/v2\/pages\/15650\/revisions"}],"predecessor-version":[{"id":16541,"href":"https:\/\/odiengroup.com\/cs\/wp-json\/wp\/v2\/pages\/15650\/revisions\/16541"}],"up":[{"embeddable":true,"href":"https:\/\/odiengroup.com\/cs\/wp-json\/wp\/v2\/pages\/15637"}],"wp:attachment":[{"href":"https:\/\/odiengroup.com\/cs\/wp-json\/wp\/v2\/media?parent=15650"}],"curies":[{"name":"wp","href":"https:\/\/api.w.org\/{rel}","templated":true}]}}