{"id":15647,"date":"2017-12-13T20:37:56","date_gmt":"2017-12-13T19:37:56","guid":{"rendered":"http:\/\/odiengroup.com\/?page_id=15647"},"modified":"2020-10-08T09:06:22","modified_gmt":"2020-10-08T07:06:22","slug":"tomas-tatyrek","status":"publish","type":"page","link":"https:\/\/odiengroup.com\/cs\/team\/tomas-tatyrek\/","title":{"rendered":"Tom\u00e1\u0161 Tat\u00fdrek"},"content":{"rendered":"<p>[vc_row css_animation=&#8220;&#8220; row_type=&#8220;row&#8220; use_row_as_full_screen_section=&#8220;no&#8220; type=&#8220;full_width&#8220; angled_section=&#8220;no&#8220; text_align=&#8220;left&#8220; background_image_as_pattern=&#8220;without_pattern&#8220;][vc_column width=&#8220;1\/6&#8243;][\/vc_column][vc_column width=&#8220;1\/6&#8243;][vc_single_image image=&#8220;16466&#8243; qode_css_animation=&#8220;&#8220;][\/vc_column][vc_column width=&#8220;1\/2&#8243;][vc_column_text]<\/p>\n<h2><strong>Tom\u00e1\u0161 Tat\u00fdrek, Investment Associate<\/strong><\/h2>\n<p>Sou\u010dasn\u00fd \u0159editel Avia Energo, a. s., p\u016fvodn\u011b p\u016fsobil v dozor\u010d\u00ed rad\u011b cestovn\u00ed kancel\u00e1\u0159e \u010cedok, a. s.<br \/>\nV roce 2001 \u2013 p\u0159ed n\u00e1stupem do skupiny Odien \u2013 byl projektov\u00fdm mana\u017eerem konkurzn\u00edho prodeje spole\u010dnosti ZPS Zl\u00edn, v\u00fdrobce obr\u00e1b\u011bc\u00edch stroj\u016f. Rovn\u011b\u017e se pod\u00edlel na restrukturalizaci a prodeji firmy TATRA, a. s., v\u00fdrobce n\u00e1kladn\u00edch automobil\u016f. (Projekty byly realizov\u00e1ny ve spolupr\u00e1ci s americkou investi\u010dn\u00ed bankou Latona Associates of Europe.) Analyzoval \u0159adu investi\u010dn\u00edch p\u0159\u00edle\u017eitost\u00ed v r\u016fzn\u00fdch sektorech (doprava, stroj\u00edrenstv\u00ed, l\u00e9\u010diva, kabel\u00e1\u017ee). V po\u010d\u00e1tc\u00edch sv\u00e9 profesn\u00ed dr\u00e1hy p\u016fsobil jako analytik spole\u010dnosti Ballmaier &amp; Schultz a n\u00e1sledn\u011b investi\u010dn\u00ed spole\u010dnosti Pioneer.<br \/>\nTom\u00e1\u0161 Tat\u00fdrek absolvoval bakal\u00e1\u0159sk\u00e9 studium ekonomie na Slezsk\u00e9 univerzit\u011b a magistersk\u00e1 studia oboru financ\u00ed na Vysok\u00e9 \u0161kole ekonomick\u00e9 v Praze. Plynn\u011b hovo\u0159\u00ed anglicky a rusky.[\/vc_column_text][\/vc_column][vc_column width=&#8220;1\/6&#8243;][\/vc_column][\/vc_row]<\/p>\n","protected":false},"excerpt":{"rendered":"<p>[vc_row css_animation=&#8220;&#8220; row_type=&#8220;row&#8220; use_row_as_full_screen_section=&#8220;no&#8220; type=&#8220;full_width&#8220; angled_section=&#8220;no&#8220; text_align=&#8220;left&#8220; background_image_as_pattern=&#8220;without_pattern&#8220;][vc_column width=&#8220;1\/6&#8243;][\/vc_column][vc_column width=&#8220;1\/6&#8243;][vc_single_image image=&#8220;16466&#8243; qode_css_animation=&#8220;&#8220;][\/vc_column][vc_column width=&#8220;1\/2&#8243;][vc_column_text] Tom\u00e1\u0161 Tat\u00fdrek, Investment Associate Sou\u010dasn\u00fd \u0159editel Avia Energo, a. s., p\u016fvodn\u011b p\u016fsobil v dozor\u010d\u00ed rad\u011b cestovn\u00ed kancel\u00e1\u0159e \u010cedok, a. s. V roce 2001 \u2013 p\u0159ed n\u00e1stupem do skupiny Odien \u2013 byl projektov\u00fdm&#8230;<\/p>\n","protected":false},"author":2,"featured_media":0,"parent":15637,"menu_order":0,"comment_status":"closed","ping_status":"closed","template":"","meta":{"footnotes":""},"class_list":["post-15647","page","type-page","status-publish","hentry"],"_links":{"self":[{"href":"https:\/\/odiengroup.com\/cs\/wp-json\/wp\/v2\/pages\/15647","targetHints":{"allow":["GET"]}}],"collection":[{"href":"https:\/\/odiengroup.com\/cs\/wp-json\/wp\/v2\/pages"}],"about":[{"href":"https:\/\/odiengroup.com\/cs\/wp-json\/wp\/v2\/types\/page"}],"author":[{"embeddable":true,"href":"https:\/\/odiengroup.com\/cs\/wp-json\/wp\/v2\/users\/2"}],"replies":[{"embeddable":true,"href":"https:\/\/odiengroup.com\/cs\/wp-json\/wp\/v2\/comments?post=15647"}],"version-history":[{"count":4,"href":"https:\/\/odiengroup.com\/cs\/wp-json\/wp\/v2\/pages\/15647\/revisions"}],"predecessor-version":[{"id":16537,"href":"https:\/\/odiengroup.com\/cs\/wp-json\/wp\/v2\/pages\/15647\/revisions\/16537"}],"up":[{"embeddable":true,"href":"https:\/\/odiengroup.com\/cs\/wp-json\/wp\/v2\/pages\/15637"}],"wp:attachment":[{"href":"https:\/\/odiengroup.com\/cs\/wp-json\/wp\/v2\/media?parent=15647"}],"curies":[{"name":"wp","href":"https:\/\/api.w.org\/{rel}","templated":true}]}}