{"id":15645,"date":"2017-12-13T20:34:58","date_gmt":"2017-12-13T19:34:58","guid":{"rendered":"http:\/\/odiengroup.com\/?page_id=15645"},"modified":"2023-10-10T11:04:05","modified_gmt":"2023-10-10T09:04:05","slug":"omer-muftuler","status":"publish","type":"page","link":"https:\/\/odiengroup.com\/cs\/team\/omer-muftuler\/","title":{"rendered":"\u00d6mer M\u00fcft\u00fcler"},"content":{"rendered":"<p>[vc_row css_animation=&#8220;&#8220; row_type=&#8220;row&#8220; use_row_as_full_screen_section=&#8220;no&#8220; type=&#8220;full_width&#8220; angled_section=&#8220;no&#8220; text_align=&#8220;left&#8220; background_image_as_pattern=&#8220;without_pattern&#8220;][vc_column width=&#8220;1\/6&#8243;][\/vc_column][vc_column width=&#8220;1\/6&#8243;][vc_single_image image=&#8220;17176&#8243; img_size=&#8220;200&#215;250&#8243; qode_css_animation=&#8220;&#8220;][\/vc_column][vc_column width=&#8220;1\/2&#8243;][vc_column_text]<\/p>\n<h2><strong>\u00d6mer M\u00fcft\u00fcler, CFO<\/strong><\/h2>\n<p>Od po\u010d\u00e1tku sv\u00e9ho p\u016fsoben\u00ed je kl\u00ed\u010dovou osobnost\u00ed skupiny Odien. Pracoval na v\u00fdznamn\u00fdch investi\u010dn\u00edch a finan\u010dn\u00edch transakc\u00edch. Nejprve v Turecku, pozd\u011bji v cel\u00e9 st\u0159edn\u00ed a v\u00fdchodn\u00ed Evrop\u011b. Z\u00e1sadn\u00ed m\u011brou se pod\u00edl\u00ed na \u0159\u00edzen\u00ed firemn\u00edho portfolia.<br \/>\nP\u0159ed p\u0159\u00edchodem do skupiny Odien spoluzalo\u017eil v Turecku jako start-up telekomunika\u010dn\u00ed spole\u010dnost. Pracoval v Enron Corp v Hostonu a Lond\u00fdn\u011b, a to v oblastech developersk\u00fdch projekt\u016f a spr\u00e1vy financ\u00ed \u010di f\u00faz\u00ed a akvizic v energetice. Rovn\u011b\u017e spravoval obs\u00e1hlou \u0161k\u00e1lu aktiv jak v Severn\u00ed, tak v Ji\u017en\u00ed Americe, Evrop\u011b a na St\u0159edn\u00edm v\u00fdchod\u011b. V po\u010d\u00e1tc\u00edch profesn\u00ed dr\u00e1hy se v\u011bnoval restrukturalizaci a prodeji st\u00e1tn\u00edho majetku v privatiza\u010dn\u00ed spr\u00e1v\u011b tureck\u00e9 vl\u00e1dy.<br \/>\n\u00d6mer M\u00fcft\u00fcler m\u00e1 dva bakal\u00e1\u0159sk\u00e9 tituly z univerzity Bogazici v Istanbulu a titul MBA z Harvardsk\u00e9 univerzity v Bostonu. Hovo\u0159\u00ed plynule turecky, anglicky a n\u011bmecky. Na komunika\u010dn\u00ed \u00farovni ovl\u00e1d\u00e1 \u010de\u0161tinu a ru\u0161tinu.[\/vc_column_text][\/vc_column][vc_column width=&#8220;1\/6&#8243;][\/vc_column][\/vc_row]<\/p>\n","protected":false},"excerpt":{"rendered":"<p>[vc_row css_animation=&#8220;&#8220; row_type=&#8220;row&#8220; use_row_as_full_screen_section=&#8220;no&#8220; type=&#8220;full_width&#8220; angled_section=&#8220;no&#8220; text_align=&#8220;left&#8220; background_image_as_pattern=&#8220;without_pattern&#8220;][vc_column width=&#8220;1\/6&#8243;][\/vc_column][vc_column width=&#8220;1\/6&#8243;][vc_single_image image=&#8220;17176&#8243; img_size=&#8220;200&#215;250&#8243; qode_css_animation=&#8220;&#8220;][\/vc_column][vc_column width=&#8220;1\/2&#8243;][vc_column_text] \u00d6mer M\u00fcft\u00fcler, CFO Od po\u010d\u00e1tku sv\u00e9ho p\u016fsoben\u00ed je kl\u00ed\u010dovou osobnost\u00ed skupiny Odien. Pracoval na v\u00fdznamn\u00fdch investi\u010dn\u00edch a finan\u010dn\u00edch transakc\u00edch. Nejprve v Turecku, pozd\u011bji v cel\u00e9 st\u0159edn\u00ed a v\u00fdchodn\u00ed Evrop\u011b. Z\u00e1sadn\u00ed m\u011brou&#8230;<\/p>\n","protected":false},"author":2,"featured_media":0,"parent":15637,"menu_order":0,"comment_status":"closed","ping_status":"closed","template":"","meta":{"footnotes":""},"class_list":["post-15645","page","type-page","status-publish","hentry"],"_links":{"self":[{"href":"https:\/\/odiengroup.com\/cs\/wp-json\/wp\/v2\/pages\/15645","targetHints":{"allow":["GET"]}}],"collection":[{"href":"https:\/\/odiengroup.com\/cs\/wp-json\/wp\/v2\/pages"}],"about":[{"href":"https:\/\/odiengroup.com\/cs\/wp-json\/wp\/v2\/types\/page"}],"author":[{"embeddable":true,"href":"https:\/\/odiengroup.com\/cs\/wp-json\/wp\/v2\/users\/2"}],"replies":[{"embeddable":true,"href":"https:\/\/odiengroup.com\/cs\/wp-json\/wp\/v2\/comments?post=15645"}],"version-history":[{"count":4,"href":"https:\/\/odiengroup.com\/cs\/wp-json\/wp\/v2\/pages\/15645\/revisions"}],"predecessor-version":[{"id":17188,"href":"https:\/\/odiengroup.com\/cs\/wp-json\/wp\/v2\/pages\/15645\/revisions\/17188"}],"up":[{"embeddable":true,"href":"https:\/\/odiengroup.com\/cs\/wp-json\/wp\/v2\/pages\/15637"}],"wp:attachment":[{"href":"https:\/\/odiengroup.com\/cs\/wp-json\/wp\/v2\/media?parent=15645"}],"curies":[{"name":"wp","href":"https:\/\/api.w.org\/{rel}","templated":true}]}}