{"id":15637,"date":"2014-03-25T15:07:23","date_gmt":"2014-03-25T15:07:23","guid":{"rendered":"http:\/\/odiengroup.com\/?page_id=15637"},"modified":"2025-12-01T20:29:41","modified_gmt":"2025-12-01T19:29:41","slug":"team","status":"publish","type":"page","link":"https:\/\/odiengroup.com\/cs\/team\/","title":{"rendered":"Team"},"content":{"rendered":"<p>[vc_row css_animation=&#8220;&#8220; row_type=&#8220;row&#8220; use_row_as_full_screen_section=&#8220;no&#8220; type=&#8220;grid&#8220; angled_section=&#8220;no&#8220; text_align=&#8220;left&#8220; background_image_as_pattern=&#8220;without_pattern&#8220; padding_top=&#8220;87&#8243; padding_bottom=&#8220;34&#8243; css=&#8220;.vc_custom_1513024926564{margin-top: 40px !important;}&#8220;][vc_column][vc_column_text]<\/p>\n<h3 style=\"text-align: center;\">Corporate<\/h3>\n<p>[\/vc_column_text][vc_separator type=&#8220;normal&#8220;][vc_row_inner row_type=&#8220;row&#8220; type=&#8220;full_width&#8220; text_align=&#8220;left&#8220; css_animation=&#8220;&#8220;][vc_column_inner width=&#8220;1\/6&#8243;]<div class='q_team'><div class='q_team_inner'><div class='q_team_image'><img itemprop='image' src='https:\/\/odiengroup.com\/wp-content\/uploads\/2020\/10\/DSC_2607-2.jpg' alt='Mike Saran' \/><\/div><div class='q_team_text' ><div class='q_team_text_inner'><div class='q_team_title_holder'><h3 class='q_team_name' style = ''>Michael Saran<\/h3><span style = ''>CEO<\/span><\/div><div class='separator small center' style = ''><\/div><\/div><div class='q_team_social_holder'><span class='q_social_icon_holder normal_social' data-color=#1b5b1b ><a itemprop='url' href='https:\/\/odiengroup.com\/cs\/team\/michael-saran\/' target=''><i class=\"icon-info-sign\"><\/i>BIO<\/a><\/span><\/div><\/div><\/div><\/div>[\/vc_column_inner][vc_column_inner width=&#8220;1\/6&#8243;]<div class='q_team'><div class='q_team_inner'><div class='q_team_image'><img itemprop='image' src='https:\/\/odiengroup.com\/wp-content\/uploads\/2023\/10\/vaclavnovakcom_odien_-omer-muftuler-1-2-2-1.jpg' alt='vaclavnovakcom_odien_ omer muftuler 1-2-2' \/><\/div><div class='q_team_text' ><div class='q_team_text_inner'><div class='q_team_title_holder'><h3 class='q_team_name' style = ''>\u00d6mer M\u00fcft\u00fcler<\/h3><span style = ''>CFO<\/span><\/div><div class='separator small center' style = ''><\/div><\/div><div class='q_team_social_holder'><span class='q_social_icon_holder normal_social' data-color=#1b5b1b ><a itemprop='url' href='https:\/\/odiengroup.com\/cs\/team\/omer-muftuler\/' target='_self'><i class=\"icon-info-sign\"><\/i>BIO<\/a><\/span><\/div><\/div><\/div><\/div>[\/vc_column_inner][vc_column_inner width=&#8220;1\/6&#8243;]<div class='q_team'><div class='q_team_inner'><div class='q_team_image'><img itemprop='image' src='https:\/\/odiengroup.com\/wp-content\/uploads\/2020\/11\/Duje-Bozikovic-7.jpg' alt='Duje Bozikovic-7' \/><\/div><div class='q_team_text' ><div class='q_team_text_inner'><div class='q_team_title_holder'><h3 class='q_team_name' style = ''>Duje Bo\u017eikovi\u0107<\/h3><span style = ''>COO<\/span><\/div><div class='separator small center' style = ''><\/div><\/div><div class='q_team_social_holder'><span class='q_social_icon_holder normal_social' data-color=#1b5b1b ><a itemprop='url' href='https:\/\/odiengroup.com\/cs\/team\/duje-bozikovic\/' target='_self'><i class=\"icon-info-sign\"><\/i>BIO<\/a><\/span><\/div><\/div><\/div><\/div>[\/vc_column_inner][vc_column_inner width=&#8220;1\/6&#8243;]<div class='q_team'><div class='q_team_inner'><div class='q_team_image'><img itemprop='image' src='https:\/\/odiengroup.com\/wp-content\/uploads\/2020\/10\/DSC_4133.jpg' alt='Tomas Ptacek' \/><\/div><div class='q_team_text' ><div class='q_team_text_inner'><div class='q_team_title_holder'><h3 class='q_team_name' style = ''>Tom\u00e1\u0161 Pt\u00e1\u010dek<\/h3><span style = ''>General Counsel<\/span><\/div><div class='separator small center' style = ''><\/div><\/div><div class='q_team_social_holder'><span class='q_social_icon_holder normal_social' data-color=#1b5b1b ><a itemprop='url' href='https:\/\/odiengroup.com\/cs\/team\/tomas-ptacek\/' target='_self'><i class=\"icon-info-sign\"><\/i>BIO<\/a><\/span><\/div><\/div><\/div><\/div>[\/vc_column_inner][vc_column_inner width=&#8220;1\/6&#8243;][\/vc_column_inner][vc_column_inner width=&#8220;1\/6&#8243;][\/vc_column_inner][vc_column_inner width=&#8220;1\/6&#8243;][\/vc_column_inner][\/vc_row_inner][vc_empty_space height=&#8220;8px&#8220;][vc_row_inner row_type=&#8220;row&#8220; type=&#8220;full_width&#8220; text_align=&#8220;left&#8220; css_animation=&#8220;&#8220;][vc_column_inner width=&#8220;1\/6&#8243;]<div class='q_team'><div class='q_team_inner'><div class='q_team_image'><img itemprop='image' src='https:\/\/odiengroup.com\/wp-content\/uploads\/2020\/11\/Igor-Leben-8.jpg' alt='Igor Leben-8' \/><\/div><div class='q_team_text' ><div class='q_team_text_inner'><div class='q_team_title_holder'><h3 class='q_team_name' style = ''>Igor Leben<\/h3><span style = ''>Director of Human Resources<\/span><\/div><div class='separator small center' style = ''><\/div><\/div><div class='q_team_social_holder'><span class='q_social_icon_holder normal_social' ><a itemprop='url' href='https:\/\/odiengroup.com\/cs\/team\/igor-leben\/' target=''><i class=\"icon-info-sign\"><\/i>BIO<\/a><\/span><\/div><\/div><\/div><\/div>[\/vc_column_inner][vc_column_inner width=&#8220;1\/6&#8243;]<div class='q_team'><div class='q_team_inner'><div class='q_team_image'><img itemprop='image' src='https:\/\/odiengroup.com\/wp-content\/uploads\/2020\/10\/DSC_2428-1.jpg' alt='Zdenka Prazakova' \/><\/div><div class='q_team_text' ><div class='q_team_text_inner'><div class='q_team_title_holder'><h3 class='q_team_name' style = ''>Zdenka Pra\u017e\u00e1kov\u00e1<\/h3><span style = ''>Office Manager<\/span><\/div><div class='separator small center' style = ''><\/div><\/div><div class='q_team_social_holder'><span class='q_social_icon_holder normal_social' data-color=#1b5b1b ><a itemprop='url' href='https:\/\/odiengroup.com\/cs\/team\/zdenka-prazakova\/' target='_self'><i class=\"icon-info-sign\"><\/i>BIO<\/a><\/span><\/div><\/div><\/div><\/div>[\/vc_column_inner][\/vc_row_inner][vc_empty_space height=&#8220;24px&#8220;][vc_column_text]<\/p>\n<h3 style=\"text-align: center;\">\u010cesk\u00e1 Republika<\/h3>\n<p>[\/vc_column_text][vc_separator type=&#8220;normal&#8220;][vc_row_inner row_type=&#8220;row&#8220; type=&#8220;full_width&#8220; text_align=&#8220;left&#8220; css_animation=&#8220;&#8220;][vc_column_inner width=&#8220;1\/6&#8243;]<div class='q_team'><div class='q_team_inner'><div class='q_team_image'><img itemprop='image' src='https:\/\/odiengroup.com\/wp-content\/uploads\/2020\/10\/DSC_2876.jpg' alt='Jan Bucek' \/><\/div><div class='q_team_text' ><div class='q_team_text_inner'><div class='q_team_title_holder'><h3 class='q_team_name' style = ''>Jan Bu\u010dek<\/h3><span style = ''>Finance Director and Controller<\/span><\/div><div class='separator small center' style = ''><\/div><\/div><div class='q_team_social_holder'><span class='q_social_icon_holder normal_social' data-color=#1b5b1b ><a itemprop='url' href='https:\/\/odiengroup.com\/cs\/team\/jan-bucek\/' target=''><i class=\"icon-info-sign\"><\/i>BIO<\/a><\/span><\/div><\/div><\/div><\/div>[\/vc_column_inner][vc_column_inner width=&#8220;1\/6&#8243;]<div class='q_team'><div class='q_team_inner'><div class='q_team_image'><img itemprop='image' src='https:\/\/odiengroup.com\/wp-content\/uploads\/2023\/10\/vaclavnovakcom_odien_lukas-vrba-2-3.jpg' alt='vaclavnovakcom_odien_lukas vrba 2' \/><\/div><div class='q_team_text' ><div class='q_team_text_inner'><div class='q_team_title_holder'><h3 class='q_team_name' style = ''>Luk\u00e1\u0161 Vrba<\/h3><span style = ''>Technick\u00fd \u0159editel<\/span><\/div><div class='separator small center' style = ''><\/div><\/div><div class='q_team_social_holder'><span class='q_social_icon_holder normal_social' ><a itemprop='url' href='https:\/\/odiengroup.com\/cs\/team\/lukas-vrba' target='_self'><i class=\"icon-info-sign\"><\/i>BIO<\/a><\/span><\/div><\/div><\/div><\/div>[\/vc_column_inner][vc_column_inner width=&#8220;1\/6&#8243;]<div class='q_team'><div class='q_team_inner'><div class='q_team_image'><img itemprop='image' src='https:\/\/odiengroup.com\/wp-content\/uploads\/2020\/10\/DSC_4412-2.jpg' alt='Evzen Listik' \/><\/div><div class='q_team_text' ><div class='q_team_text_inner'><div class='q_team_title_holder'><h3 class='q_team_name' style = ''>Ev\u017een List\u00edk<\/h3><span style = ''>Avia Energo<\/span><\/div><div class='separator small center' style = ''><\/div><\/div><div class='q_team_social_holder'><span class='q_social_icon_holder normal_social' data-color=#1b5b1b ><a itemprop='url' href='https:\/\/odiengroup.com\/cs\/team\/evzen-listik\/' target='_self'><i class=\"icon-info-sign\"><\/i>BIO<\/a><\/span><\/div><\/div><\/div><\/div>[\/vc_column_inner][vc_column_inner width=&#8220;1\/6&#8243;]<div class='q_team'><div class='q_team_inner'><div class='q_team_image'><img itemprop='image' src='https:\/\/odiengroup.com\/wp-content\/uploads\/2022\/10\/8.jpeg' alt='8' \/><\/div><div class='q_team_text' ><div class='q_team_text_inner'><div class='q_team_title_holder'><h3 class='q_team_name' style = ''>Roman He\u0159m\u00e1nek<\/h3><span style = ''>Finance Manager<\/span><\/div><div class='separator small center' style = ''><\/div><\/div><div class='q_team_social_holder'><span class='q_social_icon_holder normal_social' data-color=#1b5b1b ><a itemprop='url' href='https:\/\/odiengroup.com\/cs\/team\/roman-hermanek\/' target='_self'><i class=\"icon-info-sign\"><\/i>BIO<\/a><\/span><\/div><\/div><\/div><\/div>[\/vc_column_inner][vc_column_inner width=&#8220;1\/6&#8243;][\/vc_column_inner][vc_column_inner][vc_empty_space height=&#8220;8px&#8220;][\/vc_column_inner][\/vc_row_inner][vc_row_inner row_type=&#8220;row&#8220; type=&#8220;full_width&#8220; text_align=&#8220;left&#8220; css_animation=&#8220;&#8220;][vc_column_inner width=&#8220;1\/6&#8243;]<div class='q_team'><div class='q_team_inner'><div class='q_team_image'><img itemprop='image' src='https:\/\/odiengroup.com\/wp-content\/uploads\/2020\/10\/DSC_2153.jpg' alt='Tomas Tatyrek' \/><\/div><div class='q_team_text' ><div class='q_team_text_inner'><div class='q_team_title_holder'><h3 class='q_team_name' style = ''>Tom\u00e1\u0161 Tat\u00fdrek<\/h3><span style = ''>Investment Associate<\/span><\/div><div class='separator small center' style = ''><\/div><\/div><div class='q_team_social_holder'><span class='q_social_icon_holder normal_social' data-color=#1b5b1b ><a itemprop='url' href='https:\/\/odiengroup.com\/cs\/team\/tomas-tatyrek\/' target='_self'><i class=\"icon-info-sign\"><\/i>BIO<\/a><\/span><\/div><\/div><\/div><\/div>[\/vc_column_inner][vc_column_inner width=&#8220;1\/6&#8243;]<div class='q_team'><div class='q_team_inner'><div class='q_team_image'><img itemprop='image' src='https:\/\/odiengroup.com\/wp-content\/uploads\/2022\/10\/11-1.jpeg' alt='11' \/><\/div><div class='q_team_text' ><div class='q_team_text_inner'><div class='q_team_title_holder'><h3 class='q_team_name' style = ''>Martin Z\u00edtek<\/h3><span style = ''>Head Architect<\/span><\/div><div class='separator small center' style = ''><\/div><\/div><div class='q_team_social_holder'><span class='q_social_icon_holder normal_social' data-color=#1b5b1b ><a itemprop='url' href='https:\/\/odiengroup.com\/cs\/team\/martin-zitek\/' target='_self'><i class=\"icon-info-sign\"><\/i>BIO<\/a><\/span><\/div><\/div><\/div><\/div>[\/vc_column_inner][vc_column_inner width=&#8220;1\/6&#8243;]<div class='q_team'><div class='q_team_inner'><div class='q_team_image'><img itemprop='image' src='https:\/\/odiengroup.com\/wp-content\/uploads\/2025\/12\/lumir_lindovsky_preview-1.jpg' alt='lumir_lindovsky_preview' \/><\/div><div class='q_team_text' ><div class='q_team_text_inner'><div class='q_team_title_holder'><h3 class='q_team_name' style = ''>Lum\u00edr Lindovsk\u00fd<\/h3><span style = ''>IT Manager<\/span><\/div><div class='separator small center' style = ''><\/div><\/div><div class='q_team_social_holder'><span class='q_social_icon_holder normal_social' data-color=#1b5b1b ><a itemprop='url' href='https:\/\/odiengroup.com\/cs\/team\/lumir-lindovsky\/' target='_self'><i class=\"icon-info-sign\"><\/i>BIO<\/a><\/span><\/div><\/div><\/div><\/div>[\/vc_column_inner][vc_column_inner width=&#8220;1\/6&#8243;]<div class='q_team'><div class='q_team_inner'><div class='q_team_image'><img itemprop='image' src='https:\/\/odiengroup.com\/wp-content\/uploads\/2025\/12\/tomas_fiala_preview-1.jpg' alt='tomas_fiala_preview' \/><\/div><div class='q_team_text' ><div class='q_team_text_inner'><div class='q_team_title_holder'><h3 class='q_team_name' style = ''>Tom\u00e1\u0161 Fiala<\/h3><span style = ''>Facility Manager<\/span><\/div><div class='separator small center' style = ''><\/div><\/div><div class='q_team_social_holder'><span class='q_social_icon_holder normal_social' data-color=#1b5b1b ><a itemprop='url' href='https:\/\/odiengroup.com\/cs\/team\/tomas-fiala\/' target='_self'><i class=\"icon-info-sign\"><\/i>BIO<\/a><\/span><\/div><\/div><\/div><\/div>[\/vc_column_inner][\/vc_row_inner][vc_empty_space height=&#8220;24px&#8220;][vc_empty_space height=&#8220;24px&#8220;][vc_column_text]<\/p>\n<h3 style=\"text-align: center;\">Hotel Blue Orange<\/h3>\n<p>[\/vc_column_text][vc_row_inner row_type=&#8220;row&#8220; type=&#8220;full_width&#8220; text_align=&#8220;left&#8220; css_animation=&#8220;&#8220;][vc_column_inner width=&#8220;1\/6&#8243;]<div class='q_team'><div class='q_team_inner'><div class='q_team_image'><img itemprop='image' src='https:\/\/odiengroup.com\/wp-content\/uploads\/2025\/12\/gabriela_pavlistova_preview.jpg' alt='Gabriela Pavli\u0161tov\u00e1' \/><\/div><div class='q_team_text' ><div class='q_team_text_inner'><div class='q_team_title_holder'><h3 class='q_team_name' style = ''>Gabriela Pavli\u0161tov\u00e1<\/h3><span style = ''>\u0159editelka Blue Orange Resort<\/span><\/div><div class='separator small center' style = ''><\/div><\/div><div class='q_team_social_holder'><span class='q_social_icon_holder normal_social' data-color=#1b5b1b ><a itemprop='url' href='https:\/\/odiengroup.com\/cs\/team\/gabriela-pavlistova\/' target='_self'><i class=\"icon-info-sign\"><\/i>BIO<\/a><\/span><\/div><\/div><\/div><\/div>[\/vc_column_inner][vc_column_inner width=&#8220;1\/6&#8243;]<div class='q_team'><div class='q_team_inner'><div class='q_team_image'><img itemprop='image' src='https:\/\/odiengroup.com\/wp-content\/uploads\/2025\/12\/martin_akrman_preview-1.jpg' alt='martin_akrman_preview' \/><\/div><div class='q_team_text' ><div class='q_team_text_inner'><div class='q_team_title_holder'><h3 class='q_team_name' style = ''>Martin Akrman<\/h3><span style = ''>Operation Manager Blue Orange Resort<\/span><\/div><div class='separator small center' style = ''><\/div><\/div><div class='q_team_social_holder'><span class='q_social_icon_holder normal_social' ><a itemprop='url' href='https:\/\/odiengroup.com\/cs\/team\/martin-akrman\/' target=''><i class=\"icon-info-sign\"><\/i>BIO<\/a><\/span><\/div><\/div><\/div><\/div>[\/vc_column_inner][vc_column_inner width=&#8220;1\/6&#8243;]<div class='q_team'><div class='q_team_inner'><div class='q_team_image'><img itemprop='image' src='https:\/\/odiengroup.com\/wp-content\/uploads\/2025\/12\/michael_medvecky_preview.jpg' alt='michael_medvecky_preview' \/><\/div><div class='q_team_text' ><div class='q_team_text_inner'><div class='q_team_title_holder'><h3 class='q_team_name' style = ''>Michael Medveck\u00fd<\/h3><span style = ''>vedouc\u00ed tren\u00e9r Blue Orange Fitness<\/span><\/div><div class='separator small center' style = ''><\/div><\/div><div class='q_team_social_holder'><span class='q_social_icon_holder normal_social' ><a itemprop='url' href='https:\/\/odiengroup.com\/cs\/team\/michael-medvecky\/' target=''><i class=\"icon-info-sign\"><\/i>BIO<\/a><\/span><\/div><\/div><\/div><\/div>[\/vc_column_inner][\/vc_row_inner][vc_empty_space height=&#8220;24px&#8220;][vc_column_text]<\/p>\n<h3 style=\"text-align: center;\">Croatia<\/h3>\n<p>[\/vc_column_text][vc_separator type=&#8220;normal&#8220;][vc_row_inner row_type=&#8220;row&#8220; type=&#8220;full_width&#8220; text_align=&#8220;left&#8220; css_animation=&#8220;&#8220;][vc_column_inner width=&#8220;1\/6&#8243;]<div class='q_team'><div class='q_team_inner'><div class='q_team_image'><img itemprop='image' src='https:\/\/odiengroup.com\/wp-content\/uploads\/2020\/11\/Dijana-Vujevic-1.jpg' alt='Dijana Vujevic-1' \/><\/div><div class='q_team_text' ><div class='q_team_text_inner'><div class='q_team_title_holder'><h3 class='q_team_name' style = ''>Dijana Vujevi\u0107<\/h3><span style = ''>Director<\/span><\/div><div class='separator small center' style = ''><\/div><\/div><div class='q_team_social_holder'><span class='q_social_icon_holder normal_social' data-color=#1b5b1b ><a itemprop='url' href='https:\/\/odiengroup.com\/cs\/team\/dijana-vujevic\/' target='_self'><i class=\"icon-info-sign\"><\/i>BIO<\/a><\/span><\/div><\/div><\/div><\/div>[\/vc_column_inner][vc_column_inner width=&#8220;1\/6&#8243;]<div class='q_team'><div class='q_team_inner'><div class='q_team_image'><img itemprop='image' src='https:\/\/odiengroup.com\/wp-content\/uploads\/2020\/11\/Danijela-Susak-2.jpg' alt='Danijela Susak-2' \/><\/div><div class='q_team_text' ><div class='q_team_text_inner'><div class='q_team_title_holder'><h3 class='q_team_name' style = ''>Danijela \u0160u\u0161ak<\/h3><span style = ''>Director of Revenue Management<\/span><\/div><div class='separator small center' style = ''><\/div><\/div><div class='q_team_social_holder'><span class='q_social_icon_holder normal_social' ><a itemprop='url' href='https:\/\/odiengroup.com\/cs\/team\/danijela-susak\/' target=''><i class=\"icon-info-sign\"><\/i>BIO<\/a><\/span><\/div><\/div><\/div><\/div>[\/vc_column_inner][vc_column_inner width=&#8220;1\/6&#8243;]<div class='q_team'><div class='q_team_inner'><div class='q_team_image'><img itemprop='image' src='https:\/\/odiengroup.com\/wp-content\/uploads\/2020\/11\/Zvonimir-Paradzik-2.jpg' alt='Zvonimir Paradzik-2' \/><\/div><div class='q_team_text' ><div class='q_team_text_inner'><div class='q_team_title_holder'><h3 class='q_team_name' style = ''>Zvonimir Parad\u017eik<\/h3><span style = ''>Financial Controller<\/span><\/div><div class='separator small center' style = ''><\/div><\/div><div class='q_team_social_holder'><span class='q_social_icon_holder normal_social' ><a itemprop='url' href='https:\/\/odiengroup.com\/cs\/team\/zvonimir-paradzik\/' target=''><i class=\"icon-info-sign\"><\/i>BIO<\/a><\/span><\/div><\/div><\/div><\/div>[\/vc_column_inner][vc_column_inner width=&#8220;1\/6&#8243;]<div class='q_team'><div class='q_team_inner'><div class='q_team_image'><img itemprop='image' src='https:\/\/odiengroup.com\/wp-content\/uploads\/2020\/11\/Andrijana-Mladina-1.jpg' alt='Andrijana Mladina-1' \/><\/div><div class='q_team_text' ><div class='q_team_text_inner'><div class='q_team_title_holder'><h3 class='q_team_name' style = ''>Andrijana Mladina<\/h3><span style = ''>Director of Sales and Marketing<\/span><\/div><div class='separator small center' style = ''><\/div><\/div><div class='q_team_social_holder'><span class='q_social_icon_holder normal_social' ><a itemprop='url' href='https:\/\/odiengroup.com\/cs\/team\/adrijana-mladina\/' target=''><i class=\"icon-info-sign\"><\/i>BIO<\/a><\/span><\/div><\/div><\/div><\/div>[\/vc_column_inner][\/vc_row_inner][vc_separator type=&#8220;transparent&#8220; up=&#8220;60&#8243; down=&#8220;17&#8243;][\/vc_column][\/vc_row]<\/p>\n","protected":false},"excerpt":{"rendered":"<p>[vc_row css_animation=&#8220;&#8220; row_type=&#8220;row&#8220; use_row_as_full_screen_section=&#8220;no&#8220; type=&#8220;grid&#8220; angled_section=&#8220;no&#8220; text_align=&#8220;left&#8220; background_image_as_pattern=&#8220;without_pattern&#8220; padding_top=&#8220;87&#8243; padding_bottom=&#8220;34&#8243; css=&#8220;.vc_custom_1513024926564{margin-top: 40px !important;}&#8220;][vc_column][vc_column_text] Corporate [\/vc_column_text][vc_separator type=&#8220;normal&#8220;][vc_row_inner row_type=&#8220;row&#8220; type=&#8220;full_width&#8220; text_align=&#8220;left&#8220; css_animation=&#8220;&#8220;][vc_column_inner width=&#8220;1\/6&#8243;][\/vc_column_inner][vc_column_inner width=&#8220;1\/6&#8243;][\/vc_column_inner][vc_column_inner width=&#8220;1\/6&#8243;][\/vc_column_inner][vc_column_inner width=&#8220;1\/6&#8243;][\/vc_column_inner][vc_column_inner width=&#8220;1\/6&#8243;][\/vc_column_inner][vc_column_inner width=&#8220;1\/6&#8243;][\/vc_column_inner][vc_column_inner width=&#8220;1\/6&#8243;][\/vc_column_inner][\/vc_row_inner][vc_empty_space height=&#8220;8px&#8220;][vc_row_inner row_type=&#8220;row&#8220; type=&#8220;full_width&#8220; text_align=&#8220;left&#8220; css_animation=&#8220;&#8220;][vc_column_inner width=&#8220;1\/6&#8243;][\/vc_column_inner][vc_column_inner width=&#8220;1\/6&#8243;][\/vc_column_inner][\/vc_row_inner][vc_empty_space height=&#8220;24px&#8220;][vc_column_text] \u010cesk\u00e1 Republika [\/vc_column_text][vc_separator type=&#8220;normal&#8220;][vc_row_inner row_type=&#8220;row&#8220; type=&#8220;full_width&#8220; text_align=&#8220;left&#8220; css_animation=&#8220;&#8220;][vc_column_inner width=&#8220;1\/6&#8243;][\/vc_column_inner][vc_column_inner width=&#8220;1\/6&#8243;][\/vc_column_inner][vc_column_inner&#8230;<\/p>\n","protected":false},"author":1,"featured_media":0,"parent":0,"menu_order":0,"comment_status":"open","ping_status":"open","template":"full_width.php","meta":{"footnotes":""},"class_list":["post-15637","page","type-page","status-publish","hentry"],"_links":{"self":[{"href":"https:\/\/odiengroup.com\/cs\/wp-json\/wp\/v2\/pages\/15637","targetHints":{"allow":["GET"]}}],"collection":[{"href":"https:\/\/odiengroup.com\/cs\/wp-json\/wp\/v2\/pages"}],"about":[{"href":"https:\/\/odiengroup.com\/cs\/wp-json\/wp\/v2\/types\/page"}],"author":[{"embeddable":true,"href":"https:\/\/odiengroup.com\/cs\/wp-json\/wp\/v2\/users\/1"}],"replies":[{"embeddable":true,"href":"https:\/\/odiengroup.com\/cs\/wp-json\/wp\/v2\/comments?post=15637"}],"version-history":[{"count":95,"href":"https:\/\/odiengroup.com\/cs\/wp-json\/wp\/v2\/pages\/15637\/revisions"}],"predecessor-version":[{"id":17555,"href":"https:\/\/odiengroup.com\/cs\/wp-json\/wp\/v2\/pages\/15637\/revisions\/17555"}],"wp:attachment":[{"href":"https:\/\/odiengroup.com\/cs\/wp-json\/wp\/v2\/media?parent=15637"}],"curies":[{"name":"wp","href":"https:\/\/api.w.org\/{rel}","templated":true}]}}