{"id":15618,"date":"2017-12-13T18:31:27","date_gmt":"2017-12-13T17:31:27","guid":{"rendered":"http:\/\/odiengroup.com\/?page_id=15618"},"modified":"2020-04-07T10:51:57","modified_gmt":"2020-04-07T08:51:57","slug":"private-equity","status":"publish","type":"page","link":"https:\/\/odiengroup.com\/cs\/private-equity\/","title":{"rendered":"Private Equity"},"content":{"rendered":"<p>[vc_row css_animation=&#8220;&#8220; row_type=&#8220;row&#8220; use_row_as_full_screen_section=&#8220;no&#8220; type=&#8220;full_width&#8220; anchor=&#8220;counters&#8220; angled_section=&#8220;no&#8220; text_align=&#8220;left&#8220; background_image_as_pattern=&#8220;without_pattern&#8220; row_negative_margin=&#8220;disable_negative_margin&#8220; padding_top=&#8220;0&#8243; padding_bottom=&#8220;0&#8243;][vc_column][vc_row_inner row_type=&#8220;row&#8220; type=&#8220;full_width&#8220; text_align=&#8220;left&#8220; css_animation=&#8220;&#8220;][vc_column_inner width=&#8220;1\/3&#8243;]<div class=\"q_counter_holder  center\" style=\"\"><span class=\"counter  random\" style=\"color: #303030;font-size: 50px;\">320 mil.EUR<\/span><span class=\"separator small\" style=\"background-color: #303030;\"><\/span><p class=\"counter_text\" style=\"color: #303030;\">nakoupen\u00fdch a optimalizovan\u00fdch \u00fav\u011brov\u00fdch pohled\u00e1vek<\/p><\/div>[vc_separator type=&#8220;transparent&#8220; up=&#8220;60&#8243; down=&#8220;2&#8243;][\/vc_column_inner][vc_column_inner width=&#8220;1\/3&#8243;]<div class=\"q_counter_holder  center\" style=\"\"><span class=\"counter  random\" style=\"color: #303030;font-size: 50px;\">17 <\/span><span class=\"separator small\" style=\"background-color: #303030;\"><\/span><p class=\"counter_text\" style=\"color: #303030;\">zavr\u0161en\u00fdch transakc\u00ed<\/p><\/div>[vc_separator type=&#8220;transparent&#8220; up=&#8220;60&#8243; down=&#8220;2&#8243;][\/vc_column_inner][vc_column_inner width=&#8220;1\/3&#8243;]<div class=\"q_counter_holder  center\" style=\"\"><span class=\"counter  random\" style=\"color: #303030;font-size: 50px;\">6<\/span><span class=\"separator small\" style=\"background-color: #303030;\"><\/span><p class=\"counter_text\" style=\"color: #303030;\">zainvestovan\u00fdch zem\u00ed<\/p><\/div>[vc_separator type=&#8220;transparent&#8220; up=&#8220;60&#8243; down=&#8220;2&#8243;][\/vc_column_inner][\/vc_row_inner][\/vc_column][\/vc_row][vc_row css_animation=&#8220;&#8220; row_type=&#8220;row&#8220; use_row_as_full_screen_section=&#8220;no&#8220; type=&#8220;full_width&#8220; angled_section=&#8220;no&#8220; text_align=&#8220;left&#8220; background_image_as_pattern=&#8220;without_pattern&#8220;][vc_column width=&#8220;1\/6&#8243;][\/vc_column][vc_column width=&#8220;2\/3&#8243;][vc_column_text]Jsme region\u00e1ln\u00ed private equity investor. Flexibiln\u00ed, spolehliv\u00fd a v\u00fdkonn\u00fd. Disponujeme zku\u0161enostmi v \u0159ad\u011b investi\u010dn\u00edch oblast\u00ed, v ka\u017ed\u00e9 etap\u011b v\u00fdvoje firem. V\u00edme, jak investovat v \u010dasech r\u016fstu firem i v obdob\u00edch jejich krize a \u00fatlumu.<\/p>\n<p>&nbsp;<\/p>\n<p>Zam\u011b\u0159ujeme se na investice v rozsahu 10 a\u017e 20 milion\u016f EUR. Tato v\u00fd\u0161e n\u00e1m umo\u017e\u0148uje z\u00edskat ve firm\u00e1ch majoritn\u00ed \u010di z\u00e1sadn\u00ed vliv na p\u011bt a\u017e deset let, co\u017e je dostate\u010dn\u00fd horizont k maxim\u00e1ln\u00edmu zhodnocen\u00ed vlo\u017een\u00fdch prost\u0159edk\u016f. Na\u0161e investi\u010dn\u00ed rozhodnut\u00ed jsou podlo\u017eena detailn\u00edmi anal\u00fdzami a v\u00fdzkumy. Neust\u00e1le up\u0159es\u0148ujeme investi\u010dn\u00ed rozvahy, kontrolujeme ziskovost, optimalizujeme investi\u010dn\u00ed portfolio v z\u00e1vislosti na v\u00fdvoji zainvestovan\u00fdch firem a projekt\u016f. Ve v\u0161ech f\u00e1z\u00edch investi\u010dn\u00edho cyklu postupujeme racion\u00e1ln\u011b a uv\u00e1\u017eliv\u011b.<\/p>\n<p>&nbsp;<\/p>\n<p>Jsme rovn\u011b\u017e aktivn\u00edm investorem v oblasti optimalizace \u00fav\u011brov\u00fdch pohled\u00e1vek (NPL) a jejich portfoli\u00ed. Ve t\u0159ech samostatn\u00fdch transakc\u00edch jsme do dne\u0161n\u00edho dne vy\u0159e\u0161ili NPL o celkov\u00e9 nomin\u00e1ln\u00ed hodnot\u011b 320 milion\u016f EUR.<\/p>\n<p>&nbsp;<\/p>\n<p><strong>Saran Media &amp; Entertainment:<\/strong>\u00a0 Saran je p\u0159edn\u00edm medi\u00e1ln\u00edm hr\u00e1\u010dem v Turecku, zem\u00edch oblasti mezi Kaspick\u00fdm a \u010cern\u00fdm mo\u0159em a ve St\u0159edn\u00ed Asii. Z\u00e1bavn\u00ed a sportovn\u00ed obsahy produkuje, distribuuje a vys\u00edl\u00e1 vlastn\u00edmi medi\u00e1ln\u00edmi kan\u00e1ly. Je dr\u017eitelem \u0159ady vys\u00edlac\u00edch pr\u00e1v na televizn\u00ed po\u0159ady a toto portfolio st\u00e1le roz\u0161i\u0159uje. \u00dazce spolupracuje se sportovn\u00edmi federacemi, m\u00edstn\u00edmi i sv\u011btozn\u00e1m\u00fdmi sportovn\u00edmi kluby a po\u0159adateli mezin\u00e1rodn\u00edch sportovn\u00edch ud\u00e1lost\u00ed. Jedn\u00e1 s nimi nejen ze sv\u00e9, ale tak\u00e9 z pozice v\u00fdhradn\u00edho z\u00e1stupce p\u0159edn\u00edch nadn\u00e1rodn\u00edch medi\u00e1ln\u00edch spole\u010dnost\u00ed (TV, rozhlas).<br \/>\nSaran je dodavatelem v\u011bt\u0161iny sportovn\u00edch p\u0159enos\u016f a po\u0159ad\u016f vys\u00edlan\u00fdch na v\u0161ech tureck\u00fdch televizn\u00edch platform\u00e1ch. Celost\u00e1tn\u00edch i region\u00e1ln\u00edch.<br \/>\n\u00dazce spolupracuje s mezin\u00e1rodn\u00edmi federacemi, jako jsou FIFA, UEFA a MOV, a dr\u017eiteli pr\u00e1v nap\u0159\u00edklad k NBA, anglick\u00e9 Premier League, Wimbledon a F1. Vlastn\u00ed v\u00fdhradn\u00ed \u010di preferen\u010dn\u00ed pr\u00e1va k prodeji a distribuci televizn\u00ed a digit\u00e1ln\u00ed produkce v\u00fdznamn\u00fdch hollywoodsk\u00fdch studi\u00ed v\u010detn\u011b Warner Bros., Paramount, MGM a Disney (celove\u010dern\u00ed filmy, televizn\u00ed seri\u00e1ly, kr\u00e1tkometr\u00e1\u017en\u00ed animovan\u00e9 po\u0159ady).<br \/>\nSpole\u010dnost nab\u00edz\u00ed odborn\u00e9 a laick\u00e9 ve\u0159ejnosti nejv\u011bt\u0161\u00ed \u201eknihovnu\u201c televizn\u00edch seri\u00e1l\u016f, animac\u00ed a hran\u00fdch film\u016f v Turecku a p\u0159ilehl\u00fdch zem\u00edch. Krom\u011b toho tak\u00e9 vlastn\u00ed a provozuje \u010dty\u0159i rozhlasov\u00e9 stanice a dva velmi sledovan\u00e9 sportovn\u00ed televizn\u00ed kan\u00e1ly \u2013 S Sport a ALMA Sport.<br \/>\nV neposledn\u00ed \u0159ad\u011b poskytuje extern\u00edm medi\u00e1ln\u00edm pracovn\u00edk\u016fm slu\u017eby sv\u00fdch \u0161pi\u010dkov\u011b vybaven\u00fdch digit\u00e1ln\u00edch studi\u00ed a pronaj\u00edm\u00e1 nejmodern\u011bj\u0161\u00ed sn\u00edmac\u00ed techniku, jako jsou nap\u0159\u00edklad vys\u00edlac\u00ed kamery a fotoapar\u00e1ty s vysok\u00fdm rozli\u0161en\u00edm.<\/p>\n<p><a href=\"http:\/\/www.saran.com.tr\/trk\/\" target=\"_blank\" rel=\"noopener\">www.saran.com.tr<\/a>[\/vc_column_text][\/vc_column][vc_column width=&#8220;1\/6&#8243;][\/vc_column][\/vc_row]<\/p>\n","protected":false},"excerpt":{"rendered":"<p>[vc_row css_animation=&#8220;&#8220; row_type=&#8220;row&#8220; use_row_as_full_screen_section=&#8220;no&#8220; type=&#8220;full_width&#8220; anchor=&#8220;counters&#8220; angled_section=&#8220;no&#8220; text_align=&#8220;left&#8220; background_image_as_pattern=&#8220;without_pattern&#8220; row_negative_margin=&#8220;disable_negative_margin&#8220; padding_top=&#8220;0&#8243; padding_bottom=&#8220;0&#8243;][vc_column][vc_row_inner row_type=&#8220;row&#8220; type=&#8220;full_width&#8220; text_align=&#8220;left&#8220; css_animation=&#8220;&#8220;][vc_column_inner width=&#8220;1\/3&#8243;][vc_separator type=&#8220;transparent&#8220; up=&#8220;60&#8243; down=&#8220;2&#8243;][\/vc_column_inner][vc_column_inner width=&#8220;1\/3&#8243;][vc_separator type=&#8220;transparent&#8220; up=&#8220;60&#8243; down=&#8220;2&#8243;][\/vc_column_inner][vc_column_inner width=&#8220;1\/3&#8243;][vc_separator type=&#8220;transparent&#8220; up=&#8220;60&#8243; down=&#8220;2&#8243;][\/vc_column_inner][\/vc_row_inner][\/vc_column][\/vc_row][vc_row css_animation=&#8220;&#8220; row_type=&#8220;row&#8220; use_row_as_full_screen_section=&#8220;no&#8220; type=&#8220;full_width&#8220; angled_section=&#8220;no&#8220; text_align=&#8220;left&#8220; background_image_as_pattern=&#8220;without_pattern&#8220;][vc_column width=&#8220;1\/6&#8243;][\/vc_column][vc_column width=&#8220;2\/3&#8243;][vc_column_text]Jsme region\u00e1ln\u00ed private equity investor. Flexibiln\u00ed, spolehliv\u00fd a v\u00fdkonn\u00fd&#8230;.<\/p>\n","protected":false},"author":2,"featured_media":0,"parent":0,"menu_order":0,"comment_status":"closed","ping_status":"closed","template":"full_width.php","meta":{"footnotes":""},"class_list":["post-15618","page","type-page","status-publish","hentry"],"_links":{"self":[{"href":"https:\/\/odiengroup.com\/cs\/wp-json\/wp\/v2\/pages\/15618","targetHints":{"allow":["GET"]}}],"collection":[{"href":"https:\/\/odiengroup.com\/cs\/wp-json\/wp\/v2\/pages"}],"about":[{"href":"https:\/\/odiengroup.com\/cs\/wp-json\/wp\/v2\/types\/page"}],"author":[{"embeddable":true,"href":"https:\/\/odiengroup.com\/cs\/wp-json\/wp\/v2\/users\/2"}],"replies":[{"embeddable":true,"href":"https:\/\/odiengroup.com\/cs\/wp-json\/wp\/v2\/comments?post=15618"}],"version-history":[{"count":6,"href":"https:\/\/odiengroup.com\/cs\/wp-json\/wp\/v2\/pages\/15618\/revisions"}],"predecessor-version":[{"id":16319,"href":"https:\/\/odiengroup.com\/cs\/wp-json\/wp\/v2\/pages\/15618\/revisions\/16319"}],"wp:attachment":[{"href":"https:\/\/odiengroup.com\/cs\/wp-json\/wp\/v2\/media?parent=15618"}],"curies":[{"name":"wp","href":"https:\/\/api.w.org\/{rel}","templated":true}]}}