{"id":15613,"date":"2017-12-13T18:24:08","date_gmt":"2017-12-13T17:24:08","guid":{"rendered":"http:\/\/odiengroup.com\/?page_id=15613"},"modified":"2020-04-07T10:50:39","modified_gmt":"2020-04-07T08:50:39","slug":"energie","status":"publish","type":"page","link":"https:\/\/odiengroup.com\/cs\/energie\/","title":{"rendered":"Energie"},"content":{"rendered":"<p>[vc_row css_animation=&#8220;&#8220; row_type=&#8220;row&#8220; use_row_as_full_screen_section=&#8220;no&#8220; type=&#8220;full_width&#8220; anchor=&#8220;counters&#8220; angled_section=&#8220;no&#8220; text_align=&#8220;left&#8220; background_image_as_pattern=&#8220;without_pattern&#8220; row_negative_margin=&#8220;disable_negative_margin&#8220; padding_top=&#8220;0&#8243; padding_bottom=&#8220;0&#8243;][vc_column][vc_row_inner row_type=&#8220;row&#8220; type=&#8220;full_width&#8220; text_align=&#8220;left&#8220; css_animation=&#8220;&#8220;][vc_column_inner width=&#8220;1\/3&#8243;]<div class=\"q_counter_holder  center\" style=\"\"><span class=\"counter  random\" style=\"color: #303030;font-size: 60px;\">2,500 <\/span><span class=\"separator small\" style=\"background-color: #303030;\"><\/span><p class=\"counter_text\" style=\"color: #303030;\">klient\u016f<\/p><\/div>[vc_separator type=&#8220;transparent&#8220; up=&#8220;60&#8243; down=&#8220;2&#8243;][\/vc_column_inner][vc_column_inner width=&#8220;1\/3&#8243;]<div class=\"q_counter_holder  center\" style=\"\"><span class=\"counter  random\" style=\"color: #303030;font-size: 60px;\">51 km<\/span><span class=\"separator small\" style=\"background-color: #303030;\"><\/span><p class=\"counter_text\" style=\"color: #303030;\">infrastrukturn\u00edch s\u00edt\u00ed<\/p><\/div>[vc_separator type=&#8220;transparent&#8220; up=&#8220;60&#8243; down=&#8220;2&#8243;][\/vc_column_inner][vc_column_inner width=&#8220;1\/3&#8243;]<div class=\"q_counter_holder  center\" style=\"\"><span class=\"counter  random\" style=\"color: #303030;font-size: 60px;\">19 mil. EUR<\/span><span class=\"separator small\" style=\"background-color: #303030;\"><\/span><p class=\"counter_text\" style=\"color: #303030;\">investic do s\u00edt\u011b<\/p><\/div>[vc_separator type=&#8220;transparent&#8220; up=&#8220;60&#8243; down=&#8220;2&#8243;][\/vc_column_inner][\/vc_row_inner][vc_row_inner row_type=&#8220;row&#8220; type=&#8220;full_width&#8220; text_align=&#8220;left&#8220; css_animation=&#8220;&#8220;][vc_column_inner width=&#8220;1\/6&#8243;][\/vc_column_inner][vc_column_inner width=&#8220;2\/3&#8243;][vc_column_text]Spole\u010dnost Avia Energo, sou\u010d\u00e1st skupiny Odien, m\u00e1 v pra\u017esk\u00fdch Let\u0148anech a \u010cakovic\u00edch v\u00edce ne\u017e devades\u00e1tiletou historii. Vlastn\u00ed, provozuje a spravuje infrastrukturn\u00ed s\u00edt\u011b. Dod\u00e1v\u00e1 elektrickou energii, vodu a teplo a zpracov\u00e1v\u00e1 odpadn\u00ed vody.<\/p>\n<p>&nbsp;<\/p>\n<h3>Energie a teplo<\/h3>\n<p>Prost\u0159ednictv\u00edm na\u0161\u00ed p\u0159enosov\u00e9 a distribu\u010dn\u00ed s\u00edt\u011b tepla, elekt\u0159iny a zemn\u00edho plynu dod\u00e1v\u00e1me tyto komodity pr\u016fmyslov\u00fdm spole\u010dnostem, kancel\u00e1\u0159\u00edm a dom\u00e1cnostem. Po\u010det na\u0161ich klient\u016f ji\u017e p\u0159esahuje \u010d\u00edslo 2500.<\/p>\n<p>&nbsp;<\/p>\n<h3>Dod\u00e1vky vody a spr\u00e1va odpadn\u00edch vod<\/h3>\n<p>Vodu nejen p\u0159iv\u00e1d\u00edme, ale pou\u017eitou i recyklujeme ve vlastn\u00ed \u010dist\u00edrn\u011b odpadn\u00edch vod v pr\u016fmyslov\u00e9m komplexu Avia Park v Let\u0148anech..[\/vc_column_text][\/vc_column_inner][vc_column_inner width=&#8220;1\/6&#8243;][\/vc_column_inner][\/vc_row_inner][\/vc_column][\/vc_row]<\/p>\n","protected":false},"excerpt":{"rendered":"<p>[vc_row css_animation=&#8220;&#8220; row_type=&#8220;row&#8220; use_row_as_full_screen_section=&#8220;no&#8220; type=&#8220;full_width&#8220; anchor=&#8220;counters&#8220; angled_section=&#8220;no&#8220; text_align=&#8220;left&#8220; background_image_as_pattern=&#8220;without_pattern&#8220; row_negative_margin=&#8220;disable_negative_margin&#8220; padding_top=&#8220;0&#8243; padding_bottom=&#8220;0&#8243;][vc_column][vc_row_inner row_type=&#8220;row&#8220; type=&#8220;full_width&#8220; text_align=&#8220;left&#8220; css_animation=&#8220;&#8220;][vc_column_inner width=&#8220;1\/3&#8243;][vc_separator type=&#8220;transparent&#8220; up=&#8220;60&#8243; down=&#8220;2&#8243;][\/vc_column_inner][vc_column_inner width=&#8220;1\/3&#8243;][vc_separator type=&#8220;transparent&#8220; up=&#8220;60&#8243; down=&#8220;2&#8243;][\/vc_column_inner][vc_column_inner width=&#8220;1\/3&#8243;][vc_separator type=&#8220;transparent&#8220; up=&#8220;60&#8243; down=&#8220;2&#8243;][\/vc_column_inner][\/vc_row_inner][vc_row_inner row_type=&#8220;row&#8220; type=&#8220;full_width&#8220; text_align=&#8220;left&#8220; css_animation=&#8220;&#8220;][vc_column_inner width=&#8220;1\/6&#8243;][\/vc_column_inner][vc_column_inner width=&#8220;2\/3&#8243;][vc_column_text]Spole\u010dnost Avia Energo, sou\u010d\u00e1st skupiny Odien, m\u00e1 v pra\u017esk\u00fdch Let\u0148anech a \u010cakovic\u00edch&#8230;<\/p>\n","protected":false},"author":2,"featured_media":0,"parent":0,"menu_order":0,"comment_status":"closed","ping_status":"closed","template":"full_width.php","meta":{"footnotes":""},"class_list":["post-15613","page","type-page","status-publish","hentry"],"_links":{"self":[{"href":"https:\/\/odiengroup.com\/cs\/wp-json\/wp\/v2\/pages\/15613","targetHints":{"allow":["GET"]}}],"collection":[{"href":"https:\/\/odiengroup.com\/cs\/wp-json\/wp\/v2\/pages"}],"about":[{"href":"https:\/\/odiengroup.com\/cs\/wp-json\/wp\/v2\/types\/page"}],"author":[{"embeddable":true,"href":"https:\/\/odiengroup.com\/cs\/wp-json\/wp\/v2\/users\/2"}],"replies":[{"embeddable":true,"href":"https:\/\/odiengroup.com\/cs\/wp-json\/wp\/v2\/comments?post=15613"}],"version-history":[{"count":6,"href":"https:\/\/odiengroup.com\/cs\/wp-json\/wp\/v2\/pages\/15613\/revisions"}],"predecessor-version":[{"id":16317,"href":"https:\/\/odiengroup.com\/cs\/wp-json\/wp\/v2\/pages\/15613\/revisions\/16317"}],"wp:attachment":[{"href":"https:\/\/odiengroup.com\/cs\/wp-json\/wp\/v2\/media?parent=15613"}],"curies":[{"name":"wp","href":"https:\/\/api.w.org\/{rel}","templated":true}]}}