{"id":15611,"date":"2017-12-04T18:42:25","date_gmt":"2017-12-04T17:42:25","guid":{"rendered":"http:\/\/odiengroup.com\/?page_id=15611"},"modified":"2026-05-07T13:40:52","modified_gmt":"2026-05-07T11:40:52","slug":"realestate","status":"publish","type":"page","link":"https:\/\/odiengroup.com\/cs\/realestate\/","title":{"rendered":"Real Estate"},"content":{"rendered":"<p>[vc_row css_animation=&#8220;&#8220; row_type=&#8220;row&#8220; use_row_as_full_screen_section=&#8220;no&#8220; type=&#8220;full_width&#8220; anchor=&#8220;counters&#8220; angled_section=&#8220;no&#8220; text_align=&#8220;left&#8220; background_image_as_pattern=&#8220;without_pattern&#8220; row_negative_margin=&#8220;disable_negative_margin&#8220; padding_top=&#8220;0&#8243; padding_bottom=&#8220;0&#8243; css=&#8220;.vc_custom_1584037986638{margin-top: 50px !important;}&#8220;][vc_column][vc_row_inner row_type=&#8220;row&#8220; type=&#8220;grid&#8220; text_align=&#8220;left&#8220; css_animation=&#8220;&#8220;][vc_column_inner width=&#8220;1\/3&#8243;]<div class=\"q_counter_holder  center\" style=\"\"><span class=\"counter  random\" style=\"color: #303030;font-size: 38px;\">660 000<\/span><span class=\"separator small\" style=\"background-color: #303030;\"><\/span><p class=\"counter_text\" style=\"color: #303030;\">m\u00b2 pozemku pro v\u00fdstavbu<\/p><\/div>[vc_separator type=&#8220;transparent&#8220; up=&#8220;60&#8243; down=&#8220;2&#8243;][\/vc_column_inner][vc_column_inner width=&#8220;1\/3&#8243;]<div class=\"q_counter_holder  center\" style=\"\"><span class=\"counter  random\" style=\"color: #303030;font-size: 38px;\">189<\/span><span class=\"separator small\" style=\"background-color: #303030;\"><\/span><p class=\"counter_text\" style=\"color: #303030;\">byt\u016f v pl\u00e1nu v letech 2026\u20132029<\/p><\/div>[vc_separator type=&#8220;transparent&#8220; up=&#8220;60&#8243; down=&#8220;2&#8243;][\/vc_column_inner][vc_column_inner width=&#8220;1\/3&#8243;]<div class=\"q_counter_holder  center\" style=\"\"><span class=\"counter  random\" style=\"color: #303030;font-size: 38px;\">500+<\/span><span class=\"separator small\" style=\"background-color: #303030;\"><\/span><p class=\"counter_text\" style=\"color: #303030;\">spokojen\u00fdch rodin v na\u0161ich projektech<\/p><\/div>[vc_separator type=&#8220;transparent&#8220; up=&#8220;60&#8243; down=&#8220;2&#8243;][\/vc_column_inner][\/vc_row_inner][\/vc_column][\/vc_row][vc_row css_animation=&#8220;&#8220; row_type=&#8220;row&#8220; use_row_as_full_screen_section=&#8220;no&#8220; type=&#8220;grid&#8220; angled_section=&#8220;no&#8220; text_align=&#8220;left&#8220; background_image_as_pattern=&#8220;without_pattern&#8220;][vc_column][vc_empty_space height=&#8220;15&#8243;][vc_column_text]Se strategick\u00fdm zam\u011b\u0159en\u00edm na \u010desk\u00fd a chorvatsk\u00fd trh utv\u00e1\u0159\u00edme budoucnost bydlen\u00ed a voln\u00e9ho \u010dasu prost\u0159ednictv\u00edm vysoce p\u016fsobiv\u00fdch reziden\u010dn\u00edch a pohostinsk\u00fdch developersk\u00fdch projekt\u016f. Na\u0161e sou\u010dasn\u00e9 projekty jsou zalo\u017eeny na v\u00edce ne\u017e 180 modern\u00edch reziden\u010dn\u00edch jednotk\u00e1ch, kter\u00e9 by m\u011bly b\u00fdt dokon\u010deny do roku 2030, a dopln\u011bny sofistikovanou p\u0159estavbou brownfieldu Avia City, kter\u00e1 podtrhuje n\u00e1\u0161 z\u00e1vazek poskytovat pr\u00e9miov\u00e9 z\u00e1\u017eitky spl\u0148uj\u00edc\u00ed v\u0161echny pot\u0159eby modern\u00edho bydlen\u00ed.<\/p>\n<p>&nbsp;<\/p>\n<p>I kdy\u017e si udr\u017eujeme silnou p\u0159\u00edtomnost v komer\u010dn\u00edm sektoru \u2013 s 44 600 m\u00b2 v\u011bnovan\u00fdmi kancel\u00e1\u0159sk\u00fdm, maloobchodn\u00edm a pr\u016fmyslov\u00fdm logistick\u00fdm prostor\u00e1m \u2013 na\u0161\u00edm hlavn\u00edm posl\u00e1n\u00edm z\u016fst\u00e1v\u00e1 vytv\u00e1\u0159en\u00ed pulzuj\u00edc\u00edch komunit a destinac\u00ed sv\u011btov\u00e9 \u00farovn\u011b v nejvyhled\u00e1van\u011bj\u0161\u00edch lokalit\u00e1ch Evropy. Od m\u011bstsk\u00fdch reziden\u010dn\u00edch center a\u017e po revitalizovan\u00e9 wellness pobyty prom\u011b\u0148ujeme vizi v hodnotu v cel\u00e9m Jadranu a st\u0159edn\u00ed Evrop\u011b.[\/vc_column_text][\/vc_column][\/vc_row][vc_row css_animation=&#8220;&#8220; row_type=&#8220;row&#8220; use_row_as_full_screen_section=&#8220;no&#8220; type=&#8220;grid&#8220; angled_section=&#8220;no&#8220; text_align=&#8220;left&#8220; background_image_as_pattern=&#8220;without_pattern&#8220; css=&#8220;.vc_custom_1584374268707{margin-top: 100px !important;padding-top: 100px !important;background-color: #ededed !important;}&#8220;][vc_column][vc_column_text]<\/p>\n<h2 style=\"text-align: center;\">DOKON\u010cEN\u00c9 PROJEKTY<\/h2>\n<p><button style=\"width: auto; height: auto; background-image: url('data:image\/png;base64,iVBORw0KGgoAAAANSUhEUgAAADAAAAAwCAYAAABXAvmHAAABS2lUWHRYTUw6Y29tLmFkb2JlLnhtcAAAAAAAPD94cGFja2V0IGJlZ2luPSLvu78iIGlkPSJXNU0wTXBDZWhpSHpyZVN6TlRjemtjOWQiPz4KPHg6eG1wbWV0YSB4bWxuczp4PSJhZG9iZTpuczptZXRhLyIgeDp4bXB0az0iQWRvYmUgWE1QIENvcmUgNS42LWMxMzggNzkuMTU5ODI0LCAyMDE2LzA5LzE0LTAxOjA5OjAxICAgICAgICAiPgogPHJkZjpSREYgeG1sbnM6cmRmPSJodHRwOi8vd3d3LnczLm9yZy8xOTk5LzAyLzIyLXJkZi1zeW50YXgtbnMjIj4KICA8cmRmOkRlc2NyaXB0aW9uIHJkZjphYm91dD0iIi8+CiA8L3JkZjpSREY+CjwveDp4bXBtZXRhPgo8P3hwYWNrZXQgZW5kPSJyIj8+IEmuOgAAAx5JREFUaIHtmj1L81wYx39JI75AbYtgBTFTRdQGXV2cxMlPICjiakHE0cVJB5FO4uLgN1AnZ\/0EgoLQtd6tL6hJIwia9DzDg6Wxpcb7hMTe+INCz+t1\/TnJuU7OOYoQ4g8Qpz2xFSGEiNoLGVTAjtoJCWw1ag9k0eoTQgg2NzcplUp0dHRE5VNTHMdB0zTy+TydnZ21fI8Ay7K4vr4ml8uRSqVCd7IVQgjW19cpFAoYhlHLbxiBTCbD9PR06A76YXx8HNd1PXmed0BRFBzHwTTNUB3zy\/v7O7FYzJPX9i\/xr4Co0b6u0prj42Pu7u5a1unp6UHXdSYmJkgmk7ImPUgLWFlZoVQq+aqbSCSYn59ne3ubRCIhaxoI4BHSdd13Xcuy2N\/fxzCML0fNL9IjoChK7f\/p6Smjo6MNdWzb5vz8nI2NDUzTpFgsMjMzw+Xlpax5eQH1TE5OMjAw0LQsm80yNzdHNpvFtm2urq44PDxkaWlJymags9D9\/X3Lcl3X2dnZqaX39vakbYY+jS4uLtLV1QXAxcUFlUpFqr\/QBXR3d9Pf3w\/8v8J8fn6W6i90Aa7r8vT0BEAsFpOeTkMXcHJywsvLCwAjIyPSgS1QAb29vS3LHx4eyOVytfTy8rK0zUAFPD4+8vb25vm9vr5SLBY5ODjAMAzK5TIAQ0NDrK6uStsMNA7Mzs42rNfrn\/kP0uk0Z2dnaJq8+UAFfHb0M6qqsrCwwO7uLn19fYHYDFTA2tpa00isaRqDg4NMTU19a+3kh0AFbG1t1YJUWAT6EhcKhSC780Xbf5H9CoiaXwFRIy2gPng5jiPb3beRjgPDw8NYlgUQegyAAAQcHR3xccgTxNrmu0hbjMJpj32ZxkIITNOkWq16tlf8tlVVlWQy+e229UgLKJfLuK77VwI+PikjE6CqKmNjYzJdSPPvxQFVVT2HaD8JVVX5fKzdcEZWLpe5vb39cYd8ADc3Nw1nZB4B8XicdDpNPp+PJCi1wnEcUqkUmUzGk68IISp8uitRqVSoVqth+ueLJntIdtNZ6Kv9nZ9E21\/20IASbXzd5j\/MIQu2KoJrJwAAAABJRU5ErkJggg=='); background-size: 14px 14px; background-color: #000000; position: absolute; opacity: 1; z-index: 86753099; display: none; cursor: pointer; border: none; border-top-left-radius: 3px; border-top-right-radius: 3px; border-bottom-right-radius: 3px; border-bottom-left-radius: 3px; text-indent: 20px; padding: 0px 4px 0px 0px; text-align: center; font-style: normal; font-variant-caps: normal; font-weight: bold; font-stretch: normal; font-size: 11px; line-height: 20px; font-family: 'Helvetica Neue', Helvetica, sans-serif; color: #ffffff; text-transform: capitalize; -webkit-font-smoothing: antialiased; top: 1097px; left: 20px; background-position: 3px 50%; background-repeat: no-repeat no-repeat;\">plan it<\/button>[\/vc_column_text][\/vc_column][\/vc_row][vc_row css_animation=&#8220;&#8220; row_type=&#8220;row&#8220; use_row_as_full_screen_section=&#8220;no&#8220; type=&#8220;full_width&#8220; angled_section=&#8220;no&#8220; text_align=&#8220;left&#8220; background_image_as_pattern=&#8220;without_pattern&#8220;][vc_column][vc_column_text]<br \/>\n[\/vc_column_text][\/vc_column][\/vc_row][vc_row css_animation=&#8220;&#8220; row_type=&#8220;row&#8220; use_row_as_full_screen_section=&#8220;no&#8220; type=&#8220;grid&#8220; angled_section=&#8220;no&#8220; text_align=&#8220;center&#8220; background_image_as_pattern=&#8220;without_pattern&#8220; background_color=&#8220;#ededed&#8220;][vc_column width=&#8220;1\/3&#8243;][vc_empty_space height=&#8220;20px&#8220;][vc_column_text]<\/p>\n<h2><strong>Rezidence Veselsk\u00e1<\/strong><\/h2>\n<h3>Reziden\u010dn\u00ed projekt<\/h3>\n<h4>Praha, \u010cesk\u00e1 Republika<\/h4>\n<p>[\/vc_column_text][vc_empty_space height=&#8220;20px&#8220;][vc_single_image image=&#8220;16774&#8243; img_size=&#8220;360&#215;360&#8243; alignment=&#8220;center&#8220; style=&#8220;vc_box_rounded&#8220; onclick=&#8220;custom_link&#8220; qode_css_animation=&#8220;element_from_fade&#8220; qode_hover_animation=&#8220;darken&#8220; link=&#8220;..\/rezidence-veselska&#8220;][vc_empty_space height=&#8220;30&#8243;]<a  itemprop=\"url\" href=\"\/cs\/rezidence-veselska\" target=\"_self\"  class=\"qbutton  default\" style=\"\">v\u00edce<\/a>[vc_empty_space height=&#8220;40&#8243;][\/vc_column][vc_column width=&#8220;1\/3&#8243;][vc_empty_space height=&#8220;43&#8243;][vc_column_text]<\/p>\n<h2><strong>Le M\u00e9ridien Lav Hotel<\/strong><\/h2>\n<h3>5* Hotel &amp; Spa<\/h3>\n<h4>Split, Chorvatsko<\/h4>\n<p>[\/vc_column_text][vc_empty_space height=&#8220;20&#8243;][vc_single_image image=&#8220;15928&#8243; img_size=&#8220;360&#215;360&#8243; add_caption=&#8220;yes&#8220; alignment=&#8220;center&#8220; style=&#8220;vc_box_rounded&#8220; onclick=&#8220;custom_link&#8220; qode_css_animation=&#8220;element_from_fade&#8220; qode_hover_animation=&#8220;darken&#8220; link=&#8220;https:\/\/odiengroup.com\/cs\/le-meridien-lav\/&#8220;][vc_empty_space height=&#8220;30&#8243;]<a  itemprop=\"url\" href=\"https:\/\/odiengroup.com\/cs\/le-meridien-lav\/\" target=\"_self\"  class=\"qbutton  center default\" style=\"\">v\u00edce<\/a>[vc_empty_space height=&#8220;20&#8243;][\/vc_column][vc_column width=&#8220;1\/3&#8243;][vc_empty_space height=&#8220;43&#8243;][vc_column_text]<\/p>\n<h2><strong>Blue Orange Resort<\/strong><\/h2>\n<h3>Fitness, Restaurace, Hotel &amp; Wellness<\/h3>\n<h4>Praha, \u010cesk\u00e1 Republika<\/h4>\n<p>[\/vc_column_text][vc_empty_space height=&#8220;20&#8243;][vc_single_image image=&#8220;16735&#8243; img_size=&#8220;360&#215;360&#8243; alignment=&#8220;center&#8220; style=&#8220;vc_box_rounded&#8220; onclick=&#8220;custom_link&#8220; qode_css_animation=&#8220;element_from_fade&#8220; qode_hover_animation=&#8220;darken&#8220; link=&#8220;https:\/\/odiengroup.com\/cs\/blue-orange&#8220;][vc_empty_space height=&#8220;30&#8243;]<a  itemprop=\"url\" href=\"\/cs\/blue-orange\" target=\"_self\"  class=\"qbutton  default\" style=\"\">v\u00edce<\/a>[vc_empty_space height=&#8220;20px&#8220;][\/vc_column][\/vc_row][vc_row css_animation=&#8220;&#8220; row_type=&#8220;row&#8220; use_row_as_full_screen_section=&#8220;no&#8220; type=&#8220;full_width&#8220; angled_section=&#8220;no&#8220; text_align=&#8220;left&#8220; background_image_as_pattern=&#8220;without_pattern&#8220;][vc_column][vc_column_text]<\/p>\n<p>[\/vc_column_text][\/vc_column][\/vc_row][vc_row css_animation=&#8220;&#8220; row_type=&#8220;row&#8220; use_row_as_full_screen_section=&#8220;no&#8220; type=&#8220;grid&#8220; angled_section=&#8220;no&#8220; text_align=&#8220;center&#8220; background_image_as_pattern=&#8220;without_pattern&#8220; css=&#8220;.vc_custom_1584131541038{padding-top: 60px !important;padding-bottom: 60px !important;background-color: #ededed !important;}&#8220;][\/vc_row][vc_row css_animation=&#8220;&#8220; row_type=&#8220;row&#8220; use_row_as_full_screen_section=&#8220;no&#8220; type=&#8220;grid&#8220; angled_section=&#8220;no&#8220; text_align=&#8220;left&#8220; background_image_as_pattern=&#8220;without_pattern&#8220; css=&#8220;.vc_custom_1584374147910{margin-top: 100px !important;}&#8220;][vc_column][vc_column_text]<\/p>\n<h2 style=\"text-align: center;\">PL\u00c1NOVAN\u00c9 PROJEKTY<\/h2>\n<p><button style=\"width: auto; height: auto; background-image: url('data:image\/png;base64,iVBORw0KGgoAAAANSUhEUgAAADAAAAAwCAYAAABXAvmHAAABS2lUWHRYTUw6Y29tLmFkb2JlLnhtcAAAAAAAPD94cGFja2V0IGJlZ2luPSLvu78iIGlkPSJXNU0wTXBDZWhpSHpyZVN6TlRjemtjOWQiPz4KPHg6eG1wbWV0YSB4bWxuczp4PSJhZG9iZTpuczptZXRhLyIgeDp4bXB0az0iQWRvYmUgWE1QIENvcmUgNS42LWMxMzggNzkuMTU5ODI0LCAyMDE2LzA5LzE0LTAxOjA5OjAxICAgICAgICAiPgogPHJkZjpSREYgeG1sbnM6cmRmPSJodHRwOi8vd3d3LnczLm9yZy8xOTk5LzAyLzIyLXJkZi1zeW50YXgtbnMjIj4KICA8cmRmOkRlc2NyaXB0aW9uIHJkZjphYm91dD0iIi8+CiA8L3JkZjpSREY+CjwveDp4bXBtZXRhPgo8P3hwYWNrZXQgZW5kPSJyIj8+IEmuOgAAAx5JREFUaIHtmj1L81wYx39JI75AbYtgBTFTRdQGXV2cxMlPICjiakHE0cVJB5FO4uLgN1AnZ\/0EgoLQtd6tL6hJIwia9DzDg6Wxpcb7hMTe+INCz+t1\/TnJuU7OOYoQ4g8Qpz2xFSGEiNoLGVTAjtoJCWw1ag9k0eoTQgg2NzcplUp0dHRE5VNTHMdB0zTy+TydnZ21fI8Ay7K4vr4ml8uRSqVCd7IVQgjW19cpFAoYhlHLbxiBTCbD9PR06A76YXx8HNd1PXmed0BRFBzHwTTNUB3zy\/v7O7FYzJPX9i\/xr4Co0b6u0prj42Pu7u5a1unp6UHXdSYmJkgmk7ImPUgLWFlZoVQq+aqbSCSYn59ne3ubRCIhaxoI4BHSdd13Xcuy2N\/fxzCML0fNL9IjoChK7f\/p6Smjo6MNdWzb5vz8nI2NDUzTpFgsMjMzw+Xlpax5eQH1TE5OMjAw0LQsm80yNzdHNpvFtm2urq44PDxkaWlJymags9D9\/X3Lcl3X2dnZqaX39vakbYY+jS4uLtLV1QXAxcUFlUpFqr\/QBXR3d9Pf3w\/8v8J8fn6W6i90Aa7r8vT0BEAsFpOeTkMXcHJywsvLCwAjIyPSgS1QAb29vS3LHx4eyOVytfTy8rK0zUAFPD4+8vb25vm9vr5SLBY5ODjAMAzK5TIAQ0NDrK6uStsMNA7Mzs42rNfrn\/kP0uk0Z2dnaJq8+UAFfHb0M6qqsrCwwO7uLn19fYHYDFTA2tpa00isaRqDg4NMTU19a+3kh0AFbG1t1YJUWAT6EhcKhSC780Xbf5H9CoiaXwFRIy2gPng5jiPb3beRjgPDw8NYlgUQegyAAAQcHR3xccgTxNrmu0hbjMJpj32ZxkIITNOkWq16tlf8tlVVlWQy+e229UgLKJfLuK77VwI+PikjE6CqKmNjYzJdSPPvxQFVVT2HaD8JVVX5fKzdcEZWLpe5vb39cYd8ADc3Nw1nZB4B8XicdDpNPp+PJCi1wnEcUqkUmUzGk68IISp8uitRqVSoVqth+ueLJntIdtNZ6Kv9nZ9E21\/20IASbXzd5j\/MIQu2KoJrJwAAAABJRU5ErkJggg=='); background-size: 14px 14px; background-color: #000000; position: absolute; opacity: 1; z-index: 86753099; display: none; cursor: pointer; border: none; border-top-left-radius: 3px; border-top-right-radius: 3px; border-bottom-right-radius: 3px; border-bottom-left-radius: 3px; text-indent: 20px; padding: 0px 4px 0px 0px; text-align: center; font-style: normal; font-variant-caps: normal; font-weight: bold; font-stretch: normal; font-size: 11px; line-height: 20px; font-family: 'Helvetica Neue', Helvetica, sans-serif; color: #ffffff; text-transform: capitalize; -webkit-font-smoothing: antialiased; top: 1097px; left: 20px; background-position: 3px 50%; background-repeat: no-repeat no-repeat;\">plan it<\/button>[\/vc_column_text][\/vc_column][\/vc_row][vc_row css_animation=&#8220;&#8220; row_type=&#8220;row&#8220; use_row_as_full_screen_section=&#8220;no&#8220; type=&#8220;grid&#8220; angled_section=&#8220;no&#8220; text_align=&#8220;center&#8220; background_image_as_pattern=&#8220;without_pattern&#8220; css=&#8220;.vc_custom_1584374091116{padding-top: 60px !important;padding-bottom: 60px !important;}&#8220;][vc_column width=&#8220;1\/3&#8243;][vc_column_text]<\/p>\n<h2><strong>Avia City<\/strong><\/h2>\n<h3>Reziden\u010dn\u00ed projekt<\/h3>\n<h4>Praha, \u010cesk\u00e1 Republika<\/h4>\n<p>[\/vc_column_text][vc_empty_space height=&#8220;20&#8243;][vc_single_image image=&#8220;15842&#8243; img_size=&#8220;360&#215;360&#8243; add_caption=&#8220;yes&#8220; alignment=&#8220;center&#8220; style=&#8220;vc_box_rounded&#8220; onclick=&#8220;custom_link&#8220; qode_css_animation=&#8220;element_from_fade&#8220; qode_hover_animation=&#8220;darken&#8220; link=&#8220;\/cs\/avia-city\/&#8220;][vc_empty_space height=&#8220;30&#8243;]<a  itemprop=\"url\" href=\"\/cs\/avia-city\/\" target=\"_self\"  class=\"qbutton  center default\" style=\"\">v\u00edce<\/a>[vc_empty_space height=&#8220;20&#8243;][\/vc_column][vc_column width=&#8220;1\/3&#8243;][vc_column_text]<\/p>\n<h2><strong>Avia Business Park<\/strong><\/h2>\n<h3>Komer\u010dn\u00ed projekt<\/h3>\n<h4>Praha, \u010cesk\u00e1 Republika<\/h4>\n<p>[\/vc_column_text][vc_empty_space height=&#8220;20&#8243;][vc_single_image image=&#8220;16815&#8243; img_size=&#8220;360&#215;360&#8243; alignment=&#8220;center&#8220; style=&#8220;vc_box_rounded&#8220; onclick=&#8220;custom_link&#8220; qode_css_animation=&#8220;element_from_fade&#8220; qode_hover_animation=&#8220;darken&#8220; link=&#8220;\/cs\/avia-business-park&#8220;][vc_empty_space height=&#8220;30&#8243;]<a  itemprop=\"url\" href=\"\/cs\/avia-business-park\" target=\"_self\"  class=\"qbutton  default\" style=\"\">v\u00edce<\/a>[vc_empty_space height=&#8220;20px&#8220;][\/vc_column][vc_column width=&#8220;1\/3&#8243;][vc_empty_space height=&#8220;42px&#8220;][vc_column_text]<\/p>\n<h2><strong>Avia Village<\/strong><\/h2>\n<h3>Komer\u010dn\u00ed projekt<\/h3>\n<h4>Praha, \u010cesk\u00e1 Republika<\/h4>\n<p>[\/vc_column_text][vc_empty_space height=&#8220;20&#8243;][vc_single_image image=&#8220;16788&#8243; img_size=&#8220;360&#215;360&#8243; add_caption=&#8220;yes&#8220; alignment=&#8220;center&#8220; style=&#8220;vc_box_rounded&#8220; onclick=&#8220;custom_link&#8220; qode_css_animation=&#8220;element_from_fade&#8220; qode_hover_animation=&#8220;darken&#8220; link=&#8220;https:\/\/odiengroup.com\/cs\/avia-village&#8220;][vc_empty_space height=&#8220;30&#8243;]<a  itemprop=\"url\" href=\"https:\/\/odiengroup.com\/cs\/avia-village\" target=\"_self\"  class=\"qbutton  center default\" style=\"\">v\u00edce<\/a>[vc_empty_space height=&#8220;20&#8243;][\/vc_column][vc_column width=&#8220;1\/3&#8243;][vc_empty_space height=&#8220;42px&#8220;][vc_column_text]<\/p>\n<h2><strong>Nov\u00e1 R\u00fdma\u0159ovsk\u00e1<\/strong><\/h2>\n<h3>Reziden\u010dn\u00ed projekt<\/h3>\n<h4>Praha, \u010cesk\u00e1 Republika<\/h4>\n<p>[\/vc_column_text][vc_empty_space height=&#8220;20&#8243;][vc_single_image image=&#8220;16837&#8243; img_size=&#8220;360&#215;360&#8243; alignment=&#8220;center&#8220; style=&#8220;vc_box_rounded&#8220; onclick=&#8220;custom_link&#8220; qode_css_animation=&#8220;element_from_fade&#8220; qode_hover_animation=&#8220;darken&#8220; link=&#8220;\/cs\/nova-rymarovska&#8220;][vc_empty_space height=&#8220;30&#8243;]<a  itemprop=\"url\" href=\"\/cs\/nova-rymarovska\" target=\"_self\"  class=\"qbutton  default\" style=\"\">v\u00edce<\/a>[\/vc_column][vc_column width=&#8220;1\/3&#8243;][vc_empty_space height=&#8220;42px&#8220;][vc_column_text]<\/p>\n<h2><strong>Sanace are\u00e1lu Avia<\/strong><\/h2>\n<h3>Odstran\u011bn\u00ed ekologick\u00e9 z\u00e1t\u011b\u017ee<\/h3>\n<h4>Praha, \u010cesk\u00e1 Republika<\/h4>\n<p>[\/vc_column_text][vc_empty_space height=&#8220;20px&#8220;][vc_single_image image=&#8220;17109&#8243; img_size=&#8220;360&#215;360&#8243; alignment=&#8220;center&#8220; style=&#8220;vc_box_rounded&#8220; onclick=&#8220;custom_link&#8220; qode_css_animation=&#8220;&#8220; qode_hover_animation=&#8220;darken&#8220; link=&#8220;\/cs\/environmental-cleanup&#8220;][vc_empty_space height=&#8220;30px&#8220;]<a  itemprop=\"url\" href=\"\/cs\/environmental-cleanup\" target=\"_self\"  class=\"qbutton  default\" style=\"\">v\u00edce<\/a>[\/vc_column][\/vc_row]<\/p>\n","protected":false},"excerpt":{"rendered":"<p>[vc_row css_animation=&#8220;&#8220; row_type=&#8220;row&#8220; use_row_as_full_screen_section=&#8220;no&#8220; type=&#8220;full_width&#8220; anchor=&#8220;counters&#8220; angled_section=&#8220;no&#8220; text_align=&#8220;left&#8220; background_image_as_pattern=&#8220;without_pattern&#8220; row_negative_margin=&#8220;disable_negative_margin&#8220; padding_top=&#8220;0&#8243; padding_bottom=&#8220;0&#8243; css=&#8220;.vc_custom_1584037986638{margin-top: 50px !important;}&#8220;][vc_column][vc_row_inner row_type=&#8220;row&#8220; type=&#8220;grid&#8220; text_align=&#8220;left&#8220; css_animation=&#8220;&#8220;][vc_column_inner width=&#8220;1\/3&#8243;][vc_separator type=&#8220;transparent&#8220; up=&#8220;60&#8243; down=&#8220;2&#8243;][\/vc_column_inner][vc_column_inner width=&#8220;1\/3&#8243;][vc_separator type=&#8220;transparent&#8220; up=&#8220;60&#8243; down=&#8220;2&#8243;][\/vc_column_inner][vc_column_inner width=&#8220;1\/3&#8243;][vc_separator type=&#8220;transparent&#8220; up=&#8220;60&#8243; down=&#8220;2&#8243;][\/vc_column_inner][\/vc_row_inner][\/vc_column][\/vc_row][vc_row css_animation=&#8220;&#8220; row_type=&#8220;row&#8220; use_row_as_full_screen_section=&#8220;no&#8220; type=&#8220;grid&#8220; angled_section=&#8220;no&#8220; text_align=&#8220;left&#8220; background_image_as_pattern=&#8220;without_pattern&#8220;][vc_column][vc_empty_space height=&#8220;15&#8243;][vc_column_text]Se strategick\u00fdm zam\u011b\u0159en\u00edm na \u010desk\u00fd a chorvatsk\u00fd&#8230;<\/p>\n","protected":false},"author":1,"featured_media":0,"parent":0,"menu_order":0,"comment_status":"closed","ping_status":"closed","template":"full_width.php","meta":{"footnotes":""},"class_list":["post-15611","page","type-page","status-publish","hentry"],"_links":{"self":[{"href":"https:\/\/odiengroup.com\/cs\/wp-json\/wp\/v2\/pages\/15611","targetHints":{"allow":["GET"]}}],"collection":[{"href":"https:\/\/odiengroup.com\/cs\/wp-json\/wp\/v2\/pages"}],"about":[{"href":"https:\/\/odiengroup.com\/cs\/wp-json\/wp\/v2\/types\/page"}],"author":[{"embeddable":true,"href":"https:\/\/odiengroup.com\/cs\/wp-json\/wp\/v2\/users\/1"}],"replies":[{"embeddable":true,"href":"https:\/\/odiengroup.com\/cs\/wp-json\/wp\/v2\/comments?post=15611"}],"version-history":[{"count":78,"href":"https:\/\/odiengroup.com\/cs\/wp-json\/wp\/v2\/pages\/15611\/revisions"}],"predecessor-version":[{"id":17827,"href":"https:\/\/odiengroup.com\/cs\/wp-json\/wp\/v2\/pages\/15611\/revisions\/17827"}],"wp:attachment":[{"href":"https:\/\/odiengroup.com\/cs\/wp-json\/wp\/v2\/media?parent=15611"}],"curies":[{"name":"wp","href":"https:\/\/api.w.org\/{rel}","templated":true}]}}