{"id":15609,"date":"2017-12-13T18:02:32","date_gmt":"2017-12-13T17:02:32","guid":{"rendered":"http:\/\/odiengroup.com\/?page_id=15609"},"modified":"2026-02-04T14:49:32","modified_gmt":"2026-02-04T13:49:32","slug":"real-estate-management","status":"publish","type":"page","link":"https:\/\/odiengroup.com\/cs\/real-estate-management\/","title":{"rendered":"Real Estate Management"},"content":{"rendered":"<p>[vc_row css_animation=&#8220;&#8220; row_type=&#8220;row&#8220; use_row_as_full_screen_section=&#8220;no&#8220; type=&#8220;full_width&#8220; anchor=&#8220;counters&#8220; angled_section=&#8220;no&#8220; text_align=&#8220;left&#8220; background_image_as_pattern=&#8220;without_pattern&#8220; row_negative_margin=&#8220;disable_negative_margin&#8220; padding_top=&#8220;0&#8243; padding_bottom=&#8220;0&#8243;][vc_column][vc_row_inner row_type=&#8220;row&#8220; type=&#8220;full_width&#8220; text_align=&#8220;left&#8220; css_animation=&#8220;&#8220;][vc_column_inner width=&#8220;1\/3&#8243;]<div class=\"q_counter_holder  center\" style=\"\"><span class=\"counter  random\" style=\"color: #303030;font-size: 60px;\">900,000<\/span><span class=\"separator small\" style=\"background-color: #303030;\"><\/span><p class=\"counter_text\" style=\"color: #303030;\">metr\u016f \u010dtvere\u010dn\u00edch pozemk\u016f<\/p><\/div>[vc_separator type=&#8220;transparent&#8220; up=&#8220;60&#8243; down=&#8220;2&#8243;][\/vc_column_inner][vc_column_inner width=&#8220;1\/3&#8243;]<div class=\"q_counter_holder  center\" style=\"\"><span class=\"counter  random\" style=\"color: #303030;font-size: 60px;\">250,000<\/span><span class=\"separator small\" style=\"background-color: #303030;\"><\/span><p class=\"counter_text\" style=\"color: #303030;\">komer\u010dn\u00edch prostor\u016f <\/p><\/div>[vc_separator type=&#8220;transparent&#8220; up=&#8220;60&#8243; down=&#8220;2&#8243;][\/vc_column_inner][vc_column_inner width=&#8220;1\/3&#8243;]<div class=\"q_counter_holder  center\" style=\"\"><span class=\"counter  random\" style=\"color: #303030;font-size: 60px;\">700<\/span><span class=\"separator small\" style=\"background-color: #303030;\"><\/span><p class=\"counter_text\" style=\"color: #303030;\">zam\u011bstnanc\u016f<\/p><\/div>[vc_separator type=&#8220;transparent&#8220; up=&#8220;60&#8243; down=&#8220;2&#8243;][\/vc_column_inner][\/vc_row_inner][\/vc_column][\/vc_row][vc_column width=&#8220;1\/6&#8243;][\/vc_column][vc_column width=&#8220;2\/3&#8243;][vc_column_text]Investujeme do nemovitost\u00ed v cel\u00e9 st\u0159edn\u00ed a v\u00fdchodn\u00ed Evrop\u011b. V Praze jsme se stali jedn\u00edm z nejv\u011bt\u0161\u00edch realitn\u00edch investor\u016f. Vlastn\u00edme a provozujeme nejen bytov\u00e9, ale tak\u00e9 kancel\u00e1\u0159sk\u00e9, maloobchodn\u00ed a pr\u016fmyslov\u00e9 prostory a hotely. Prosperuj\u00ed a p\u0159in\u00e1\u0161ej\u00ed zisk, proto\u017ee v nich p\u016fsob\u00ed n\u00e1\u0161 vlastn\u00ed management, vlastn\u00ed marketingov\u00e9, prodejn\u00ed a finan\u010dn\u00ed t\u00fdmy.<\/p>\n<p>&nbsp;<\/p>\n<p>Na\u0161\u00ed strategi\u00ed je z\u00edsk\u00e1vat zat\u00edm pln\u011b komer\u010dn\u011b nezhodnocen\u00e9 reality, a to zejm\u00e9na v pra\u017esk\u00fdch \u010dtvrt\u00edch s velk\u00fdm potenci\u00e1lem rozvoje. Objekty p\u0159ebudujeme, revitalizujeme, o\u017eiv\u00edme provoz nebo jim najdeme zcela nov\u00e9 posl\u00e1n\u00ed. Investi\u010dn\u00ed know-how a perfektn\u00ed znalost lokalit n\u00e1m umo\u017e\u0148uj\u00ed obohacovat realitn\u00ed portfolio o st\u00e1le nov\u00e9 stavby a pozemky, a to p\u0159i v\u00edce ne\u017e p\u0159ijateln\u00fdch n\u00e1kladech. Na\u0161e t\u00fdmy poskytuj\u00ed v objektech z\u00e1kazn\u00edk\u016fm perfektn\u00ed servis. C\u00edlem je trval\u00e9 zvy\u0161ov\u00e1n\u00ed v\u00fdnos\u016f a dlouholet\u00e1 prosperita ka\u017ed\u00e9 z realit, o ni\u017e pe\u010dujeme.<\/p>\n<p>&nbsp;<\/p>\n<h4>Pr\u016fmysl a distribuce<\/h4>\n<p>&nbsp;<\/p>\n<p>Na\u0161e portfolio pr\u016fmyslov\u00fdch, skladov\u00fdch a distribu\u010dn\u00edch realit, to je 149 490 m2 ploch v dob\u0159e situovan\u00fdch lokalit\u00e1ch. Rovn\u011b\u017e vlastn\u00edme Avia Park, jeden z nejv\u011bt\u0161\u00edch v\u00fdrobn\u00edch a skladov\u00fdch komplex\u016f v Praze. Poskytujeme v n\u011bm podnikatelsk\u00fd prostor a z\u00e1zem\u00ed 75 z\u00e1kazn\u00edk\u016fm, v\u00fdrobc\u016fm a distributor\u016fm.<\/p>\n<p>&nbsp;<\/p>\n<h4>Kancel\u00e1\u0159e a maloobchody<\/h4>\n<p>&nbsp;<\/p>\n<p>Po cel\u00e9 \u010cesk\u00e9 republice a ve Splitu v Chorvatsku vlastn\u00edme a spravujeme portfolio kancel\u00e1\u0159sk\u00fdch a maloobchodn\u00edch realit o celkov\u00e9 plo\u0161e 8 132 m2. Dlouhodob\u011b je pronaj\u00edm\u00e1me 47 klient\u016fm, m\u00edstn\u00edm i nadn\u00e1rodn\u00edm firm\u00e1m.<\/p>\n<p>&nbsp;<\/p>\n<h4>Cestovn\u00ed ruch a rekreace<\/h4>\n<p>&nbsp;<\/p>\n<p>Vlajkovou lod\u00ed na\u0161ich investic do cestovn\u00edho ruchu je Grand Hotel Lav &amp; Marina v chorvatsk\u00e9m Splitu, kter\u00fd vlastn\u00ed luxusn\u00ed komplex Le Meridien Lav. Jedn\u00e1 se o nejv\u011bt\u0161\u00ed p\u011btihv\u011bzdi\u010dkov\u00fd rezort a p\u0159\u00edstav v Chorvatsku. Hotel nab\u00edz\u00ed 381 pokoj\u016f a apartm\u00e1, p\u011bt restaurac\u00ed, \u010dty\u0159i bary a kav\u00e1rny, pl\u00e1\u017eov\u00fd klub. S 2500 m2 konferen\u010dn\u00edch prostor je nejv\u011bt\u0161\u00edm kongresov\u00fdm objektem v Chorvatsku. L\u00e1ze\u0148sk\u00e9 a wellness centrum o rozloze 2700 m2 je pro klienty z\u00e1rukou relaxa\u010dn\u00edho pobytu na nejvy\u0161\u0161\u00ed mo\u017en\u00e9 \u00farovni. Rozs\u00e1hl\u00fd sportovn\u00ed are\u00e1l a Grand Casino Lav zase uspokoj\u00ed hosty, kte\u0159\u00ed si r\u00e1di zvy\u0161uj\u00ed fyzickou i hr\u00e1\u010dskou kondici.<\/p>\n<p><a href=\"http:\/\/www.lemeridienlavsplit.com\/\" target=\"_blank\" rel=\"noopener\">www.lemeridienlavsplit.com<\/a><\/p>\n<p>&nbsp;<\/p>\n<p>Sedmdes\u00e1t p\u011bt dok\u016f p\u0159\u00edstavi\u0161t\u011b Grand Marina Lav je pln\u011b obsazeno, proto v bl\u00edzk\u00e9 budoucnosti pl\u00e1nujeme roz\u0161\u00ed\u0159en\u00ed. Kotvi\u0161t\u011b zde naleznou dokonce i jachty pades\u00e1timetrov\u00e9 d\u00e9lky.<\/p>\n<p><a href=\"http:\/\/www.marinalav.hr\/\" target=\"_blank\" rel=\"noopener\">www.marinalav.hr<\/a><\/p>\n<p>&nbsp;<\/p>\n<p>Blue Orange je m\u011bstsk\u00fd resort v Praze, kter\u00fd se zam\u011b\u0159uje na zdrav\u00fd \u017eivotn\u00ed styl. Blue Orange m\u00e1 32 pokoj\u016f, konferen\u010dn\u00ed m\u00edstnosti, sportovn\u00ed centrum a klub zdrav\u00ed, kter\u00fd slou\u017e\u00ed 400 \u010dlen\u016fm. Spa nab\u00edz\u00ed 2 sauny a 2 v Praze jedine\u010dnou m\u00edstnost pro kryoterapii. The One je m\u011bstsk\u00e9 lifestylov\u00e9 bistro a bar, ve kter\u00e9m si z\u00e1kazn\u00edci mohou vychutnat skv\u011bl\u00e9 a zejm\u00e9na zdrav\u00e9 j\u00eddlo. To si mohou dop\u0159\u00e1t bu\u010f na prostorn\u00e9 terase nebo v p\u0159\u00edjemn\u00e9m interi\u00e9ru.<\/p>\n<p><a href=\"https:\/\/www.blueorange.cz\/\" target=\"_blank\" rel=\"noopener\">www.blueorange.cz<\/a>[\/vc_column_text][\/vc_column]<\/p>\n","protected":false},"excerpt":{"rendered":"<p>[vc_row css_animation=&#8220;&#8220; row_type=&#8220;row&#8220; use_row_as_full_screen_section=&#8220;no&#8220; type=&#8220;full_width&#8220; anchor=&#8220;counters&#8220; angled_section=&#8220;no&#8220; text_align=&#8220;left&#8220; background_image_as_pattern=&#8220;without_pattern&#8220; row_negative_margin=&#8220;disable_negative_margin&#8220; padding_top=&#8220;0&#8243; padding_bottom=&#8220;0&#8243;][vc_column][vc_row_inner row_type=&#8220;row&#8220; type=&#8220;full_width&#8220; text_align=&#8220;left&#8220; css_animation=&#8220;&#8220;][vc_column_inner width=&#8220;1\/3&#8243;][vc_separator type=&#8220;transparent&#8220; up=&#8220;60&#8243; down=&#8220;2&#8243;][\/vc_column_inner][vc_column_inner width=&#8220;1\/3&#8243;][vc_separator type=&#8220;transparent&#8220; up=&#8220;60&#8243; down=&#8220;2&#8243;][\/vc_column_inner][vc_column_inner width=&#8220;1\/3&#8243;][vc_separator type=&#8220;transparent&#8220; up=&#8220;60&#8243; down=&#8220;2&#8243;][\/vc_column_inner][\/vc_row_inner][\/vc_column][\/vc_row][vc_column width=&#8220;1\/6&#8243;][\/vc_column][vc_column width=&#8220;2\/3&#8243;][vc_column_text]Investujeme do nemovitost\u00ed v cel\u00e9 st\u0159edn\u00ed a v\u00fdchodn\u00ed Evrop\u011b. V Praze jsme se stali jedn\u00edm z&#8230;<\/p>\n","protected":false},"author":2,"featured_media":0,"parent":0,"menu_order":0,"comment_status":"closed","ping_status":"closed","template":"","meta":{"footnotes":""},"class_list":["post-15609","page","type-page","status-publish","hentry"],"_links":{"self":[{"href":"https:\/\/odiengroup.com\/cs\/wp-json\/wp\/v2\/pages\/15609","targetHints":{"allow":["GET"]}}],"collection":[{"href":"https:\/\/odiengroup.com\/cs\/wp-json\/wp\/v2\/pages"}],"about":[{"href":"https:\/\/odiengroup.com\/cs\/wp-json\/wp\/v2\/types\/page"}],"author":[{"embeddable":true,"href":"https:\/\/odiengroup.com\/cs\/wp-json\/wp\/v2\/users\/2"}],"replies":[{"embeddable":true,"href":"https:\/\/odiengroup.com\/cs\/wp-json\/wp\/v2\/comments?post=15609"}],"version-history":[{"count":16,"href":"https:\/\/odiengroup.com\/cs\/wp-json\/wp\/v2\/pages\/15609\/revisions"}],"predecessor-version":[{"id":17599,"href":"https:\/\/odiengroup.com\/cs\/wp-json\/wp\/v2\/pages\/15609\/revisions\/17599"}],"wp:attachment":[{"href":"https:\/\/odiengroup.com\/cs\/wp-json\/wp\/v2\/media?parent=15609"}],"curies":[{"name":"wp","href":"https:\/\/api.w.org\/{rel}","templated":true}]}}