{"id":15601,"date":"2017-12-13T17:54:26","date_gmt":"2017-12-13T16:54:26","guid":{"rendered":"http:\/\/odiengroup.com\/?page_id=15601"},"modified":"2026-04-24T11:12:18","modified_gmt":"2026-04-24T09:12:18","slug":"spolecenska-odpovednost-firem","status":"publish","type":"page","link":"https:\/\/odiengroup.com\/cs\/spolecenska-odpovednost-firem\/","title":{"rendered":"Spole\u010densk\u00e1 odpov\u011bdnost firem"},"content":{"rendered":"<p>[vc_row css_animation=&#8220;&#8220; row_type=&#8220;row&#8220; use_row_as_full_screen_section=&#8220;no&#8220; type=&#8220;full_width&#8220; angled_section=&#8220;no&#8220; text_align=&#8220;left&#8220; background_image_as_pattern=&#8220;without_pattern&#8220;][vc_column width=&#8220;1\/6&#8243;][\/vc_column][vc_column width=&#8220;2\/3&#8243;][vc_column_text]<\/p>\n<h2>Soci\u00e1ln\u00ed dopad a zapojen\u00ed komunity<\/h2>\n<p>Ve spole\u010dnosti Odien je na\u0161e filozofie jednoduch\u00e1: prosperujeme, kdy\u017e prosperuj\u00ed na\u0161e komunity. V\u011b\u0159\u00edme, \u017ee firemn\u00ed \u00fasp\u011bch je neodd\u011bliteln\u00fd od spole\u010densk\u00e9 odpov\u011bdnosti, a proto jsme odhodl\u00e1ni b\u00fdt aktivn\u00edmi, produktivn\u00edmi a n\u00e1pomocn\u00fdmi \u010dleny region\u016f, kde p\u016fsob\u00edme.<\/p>\n<p>&nbsp;<\/p>\n<p><strong>Na\u0161i lid\u00e9: Srdce spole\u010dnosti Odien<\/strong><\/p>\n<p>Na\u0161i zam\u011bstnanci jsou z\u00e1kladem na\u0161eho \u00fasp\u011bchu. Udr\u017eujeme vysok\u00e9 standardy pro n\u00e1bor, rozvoj a pohodu a poskytujeme individu\u00e1ln\u011b p\u0159izp\u016fsoben\u00e9 programy, kter\u00e9 podporuj\u00ed neust\u00e1l\u00e9 vzd\u011bl\u00e1v\u00e1n\u00ed. Fungujeme na principu, \u017ee spokojen\u00ed zam\u011bstnanci jsou produktivn\u00edmi zam\u011bstnanci. Vytv\u00e1\u0159en\u00edm prost\u0159ed\u00ed, kde m\u016f\u017ee n\u00e1\u0161 t\u00fdm r\u016fst a vynikat, zaji\u0161\u0165ujeme dlouhodobou udr\u017eitelnost na\u0161\u00ed firmy.<\/p>\n<p>&nbsp;<\/p>\n<p><strong>Strategick\u00e1 partnerstv\u00ed<\/strong><\/p>\n<p>Spole\u010densk\u00e1 odpov\u011bdnost nen\u00ed jen filozofie \u2013 je to dobr\u00fd byznys. Aktivn\u011b vyhled\u00e1v\u00e1me partnery a firmy, kter\u00e9 sd\u00edlej\u00ed na\u0161e odhodl\u00e1n\u00ed k etick\u00e9mu r\u016fstu a podpo\u0159e komunity. Spojen\u00edm se s podobn\u011b sm\u00fd\u0161lej\u00edc\u00edmi organizacemi zesilujeme n\u00e1\u0161 kolektivn\u00ed dopad.<\/p>\n<p>&nbsp;<\/p>\n<h2>Filantropick\u00e9 iniciativy<\/h2>\n<p><strong>Nadace Sport2Life<\/strong><\/p>\n<p>Sport2Life, zalo\u017een\u00e1 v roce 2017 Michaelem Saranem, je soukrom\u011b financovan\u00e1 iniciativa, kter\u00e1 se v\u011bnuje zvr\u00e1cen\u00ed trend\u016f digit\u00e1ln\u00ed z\u00e1vislosti a sedav\u00e9ho \u017eivotn\u00edho stylu mezi mlad\u00fdmi lidmi. Podporou v\u00fd\u017eivy, discipl\u00edny a hran\u00ed venku pom\u00e1h\u00e1me d\u011btem budovat zdrav\u00e9 n\u00e1vyky na cel\u00fd \u017eivot.<\/p>\n<ul>\n<li><strong> \u010cesk\u00e1 republika<\/strong>: V roce 2019 jsme spustili program \u201eProHero\u201c, kter\u00fd p\u0159in\u00e1\u0161\u00ed aktivn\u00ed programy do z\u00e1kladn\u00edch \u0161kol po cel\u00e9 Praze.<\/li>\n<li><strong> Chorvatsko<\/strong>: Domov mezin\u00e1rodn\u00edho d\u011btsk\u00e9ho turnaje \u201eLav Cup\u201c.<\/li>\n<li><strong> Turecko<\/strong>: Po\u0159\u00e1d\u00e1 Istanbulsk\u00fd z\u00e1bavn\u00fd b\u011bh, kter\u00e9ho se ka\u017edoro\u010dn\u011b \u00fa\u010dastn\u00ed stovky d\u011bt\u00ed.<\/li>\n<li>V\u00edce informac\u00ed naleznete na www.sport2life.org<\/li>\n<\/ul>\n<p>&nbsp;<\/p>\n<p><strong>Let\u0148any Sportuji (Praha)<\/strong><\/p>\n<p>V pra\u017esk\u00e9 \u010dtvrti Let\u0148any podporuje Odien m\u00edstn\u00ed ml\u00e1de\u017e prost\u0159ednictv\u00edm sportovn\u00edch t\u00e1bor\u016f a sout\u011b\u017e\u00ed. Tuto iniciativu podporuj\u00ed \u010cesk\u00fd volejbalov\u00fd a basketbalov\u00fd svaz, kter\u00e9 poskytuj\u00ed profesion\u00e1ln\u00ed kou\u010dink s c\u00edlem zajistit vysoce kvalitn\u00ed sportovn\u00ed rozvoj m\u00edstn\u00ed komunity.<\/p>\n<p>&nbsp;<\/p>\n<p><strong>Saran: \u201eS komunitou, pro komunitu\u201c<\/strong><\/p>\n<p>&nbsp;<\/p>\n<p>Prost\u0159ednictv\u00edm spole\u010dnost\u00ed Saran Holding a Saran Media je n\u00e1\u0161 z\u00e1vazek k budoucnosti Turecka dlouhodob\u00fd a hmatateln\u00fd:<\/p>\n<ul>\n<li><strong> Infrastruktura<\/strong>: V\u00fdhradn\u011b jsme financovali a postavili <strong>5 \u0161kol a 21 sportovn\u00edch hal<\/strong>, kter\u00e9 slou\u017e\u00ed v\u00edce ne\u017e 15 000 mlad\u00fdm lidem.<\/li>\n<li><strong> Inkluze<\/strong>: Hrd\u00ed sponzo\u0159i <strong>tureck\u00fdch n\u00e1rodn\u00edch paralympijsk\u00fdch<\/strong> t\u00fdm\u016f od roku 2010.<\/li>\n<li><strong> P\u0159\u00edle\u017eitost<\/strong>: Ka\u017ed\u00fd 23. dubna host\u00edme 100 znev\u00fdhodn\u011bn\u00fdch student\u016f na pln\u011b hrazen\u00e9m vzd\u011bl\u00e1vac\u00edm v\u00fdletu do Istanbulu.<\/li>\n<\/ul>\n<h2>Region\u00e1ln\u00ed komunitn\u00ed projekty<\/h2>\n<p>Jsme hrd\u00ed na n\u00e1\u0161 praktick\u00fd p\u0159\u00edstup k m\u00edstn\u00ed podpo\u0159e, zejm\u00e9na ve Splitu v Chorvatsku:<\/p>\n<ul>\n<li><strong> D\u011btsk\u00fd p\u011bstounsk\u00fd domov Maestral<\/strong>: Na\u0161i spolupracovn\u00edci poskytuj\u00ed praktickou podporu prost\u0159ednictv\u00edm \u00fapravy krajiny, oslav sv\u00e1tk\u016f a v\u00fdlet\u016f do hotelu Le M\u00e9ridien Split. A co je nejd\u016fle\u017eit\u011bj\u0161\u00ed, n\u00e1\u0161 program Prot\u00e9g\u00e9 nab\u00edz\u00ed rezident\u016fm p\u0159\u00edm\u00e9 pracovn\u00ed p\u0159\u00edle\u017eitosti po dosa\u017een\u00ed 18 let.<\/li>\n<li><strong> Sdru\u017een\u00ed MOST<\/strong>: Podporujeme znev\u00fdhodn\u011bn\u00e9 a bezdomoveck\u00e9 obyvatelstvo Splitu prost\u0159ednictv\u00edm ka\u017edoro\u010dn\u00edch aukc\u00ed a \u201eDn\u016f ve\u0159ejn\u00e9 kuchyn\u011b\u201c, kde n\u00e1\u0161 t\u00fdm va\u0159\u00ed a pod\u00e1v\u00e1 j\u00eddla pot\u0159ebn\u00fdm.<\/li>\n<\/ul>\n<h2>Kl\u00ed\u010dov\u00e1 vylep\u0161en\u00ed:<\/h2>\n<ul>\n<li><strong> Sjednocen\u00ed hlasu:<\/strong> T\u00f3n je nyn\u00ed jednotn\u00fd nap\u0159\u00ed\u010d r\u016fzn\u00fdmi region\u00e1ln\u00edmi projekty (Praha, Split, Turecko).<\/li>\n<li><strong> \u010citelnost:<\/strong> Pou\u017eit\u00ed odr\u00e1\u017eek a tu\u010dn\u00e9ho textu k zd\u016frazn\u011bn\u00ed kl\u00ed\u010dov\u00fdch \u00fasp\u011bch\u016f (nap\u0159. po\u010det postaven\u00fdch \u0161kol).<\/li>\n<li><strong> Hodnotov\u00e1 nab\u00eddka:<\/strong> Jasn\u011b uvedeno, \u017ee va\u0161e spole\u010densk\u00e1 odpov\u011bdnost je strategi\u00ed \u201edobrou pro podnik\u00e1n\u00ed\u201c, kter\u00e1 oslovuje modern\u00ed investory.<\/li>\n<li><strong> Ak\u010dn\u011b orientovan\u00e1:<\/strong> Zam\u011b\u0159eno na v\u00fdsledky (15 000 obslou\u017een\u00fdch mlad\u00fdch lid\u00ed, zam\u011bstn\u00e1n\u00ed pro d\u011bti v p\u011bstounsk\u00e9 p\u00e9\u010di) sp\u00ed\u0161e ne\u017e jen na z\u00e1m\u011br.<\/li>\n<\/ul>\n<p>[\/vc_column_text][\/vc_column][vc_column width=&#8220;1\/6&#8243;][\/vc_column][\/vc_row][vc_row css_animation=&#8220;&#8220; row_type=&#8220;row&#8220; use_row_as_full_screen_section=&#8220;no&#8220; type=&#8220;full_width&#8220; angled_section=&#8220;no&#8220; text_align=&#8220;left&#8220; background_image_as_pattern=&#8220;without_pattern&#8220;][vc_column][vc_empty_space height=&#8220;40&#8243;][\/vc_column][\/vc_row][vc_row css_animation=&#8220;&#8220; row_type=&#8220;row&#8220; use_row_as_full_screen_section=&#8220;no&#8220; type=&#8220;full_width&#8220; angled_section=&#8220;no&#8220; text_align=&#8220;left&#8220; background_image_as_pattern=&#8220;without_pattern&#8220;][vc_column width=&#8220;1\/6&#8243;][\/vc_column][vc_column width=&#8220;2\/3&#8243;][vc_video link=&#8220;https:\/\/www.youtube.com\/watch?v=tgkQhaCxAzc&#8220; align=&#8220;center&#8220;][\/vc_column][vc_column width=&#8220;1\/6&#8243;][\/vc_column][\/vc_row][vc_row css_animation=&#8220;&#8220; row_type=&#8220;row&#8220; use_row_as_full_screen_section=&#8220;no&#8220; type=&#8220;full_width&#8220; angled_section=&#8220;no&#8220; text_align=&#8220;left&#8220; background_image_as_pattern=&#8220;without_pattern&#8220;][vc_column][vc_empty_space height=&#8220;40&#8243;][\/vc_column][\/vc_row][vc_row css_animation=&#8220;&#8220; row_type=&#8220;row&#8220; use_row_as_full_screen_section=&#8220;no&#8220; type=&#8220;full_width&#8220; angled_section=&#8220;no&#8220; text_align=&#8220;left&#8220; background_image_as_pattern=&#8220;without_pattern&#8220;][vc_column width=&#8220;1\/6&#8243;][\/vc_column][vc_column width=&#8220;2\/3&#8243;][vc_video link=&#8220;https:\/\/www.youtube.com\/watch?v=xV7E3r2-erA&amp;t=4s&#8220;][\/vc_column][vc_column width=&#8220;1\/6&#8243;][\/vc_column][\/vc_row][vc_row css_animation=&#8220;&#8220; row_type=&#8220;row&#8220; use_row_as_full_screen_section=&#8220;no&#8220; type=&#8220;full_width&#8220; angled_section=&#8220;no&#8220; text_align=&#8220;left&#8220; background_image_as_pattern=&#8220;without_pattern&#8220;][vc_column][vc_empty_space height=&#8220;40&#8243;][\/vc_column][\/vc_row][vc_row css_animation=&#8220;&#8220; row_type=&#8220;row&#8220; use_row_as_full_screen_section=&#8220;no&#8220; type=&#8220;full_width&#8220; angled_section=&#8220;no&#8220; text_align=&#8220;left&#8220; background_image_as_pattern=&#8220;without_pattern&#8220;][vc_column width=&#8220;1\/6&#8243;][\/vc_column][vc_column width=&#8220;2\/3&#8243;][vc_video link=&#8220;https:\/\/www.youtube.com\/watch?v=2xkiOX-fyfg&amp;t=1s&#8220;][\/vc_column][vc_column width=&#8220;1\/6&#8243;][\/vc_column][\/vc_row][vc_row css_animation=&#8220;&#8220; row_type=&#8220;row&#8220; use_row_as_full_screen_section=&#8220;no&#8220; type=&#8220;full_width&#8220; angled_section=&#8220;no&#8220; text_align=&#8220;left&#8220; background_image_as_pattern=&#8220;without_pattern&#8220;][vc_column][vc_empty_space height=&#8220;40&#8243;][\/vc_column][\/vc_row][vc_row css_animation=&#8220;&#8220; row_type=&#8220;row&#8220; use_row_as_full_screen_section=&#8220;no&#8220; type=&#8220;full_width&#8220; angled_section=&#8220;no&#8220; text_align=&#8220;left&#8220; background_image_as_pattern=&#8220;without_pattern&#8220;][vc_column][vc_gallery type=&#8220;image_grid&#8220; images=&#8220;16212,16210,16209,16208,16207,16206,16205,16204,16203,16202,16201,16193,16192,16191,16190,16189,16188,16187,16185,16184,16183,16182,16181&#8243; img_size=&#8220;large&#8220; onclick=&#8220;&#8220; css_animation=&#8220;bounceInDown&#8220; column_number=&#8220;2&#8243; grayscale=&#8220;no&#8220; images_space=&#8220;gallery_with_space&#8220;][\/vc_column][\/vc_row]<\/p>\n","protected":false},"excerpt":{"rendered":"<p>[vc_row css_animation=&#8220;&#8220; row_type=&#8220;row&#8220; use_row_as_full_screen_section=&#8220;no&#8220; type=&#8220;full_width&#8220; angled_section=&#8220;no&#8220; text_align=&#8220;left&#8220; background_image_as_pattern=&#8220;without_pattern&#8220;][vc_column width=&#8220;1\/6&#8243;][\/vc_column][vc_column width=&#8220;2\/3&#8243;][vc_column_text] Soci\u00e1ln\u00ed dopad a zapojen\u00ed komunity Ve spole\u010dnosti Odien je na\u0161e filozofie jednoduch\u00e1: prosperujeme, kdy\u017e prosperuj\u00ed na\u0161e komunity. V\u011b\u0159\u00edme, \u017ee firemn\u00ed \u00fasp\u011bch je neodd\u011bliteln\u00fd od spole\u010densk\u00e9 odpov\u011bdnosti, a proto jsme odhodl\u00e1ni b\u00fdt aktivn\u00edmi, produktivn\u00edmi a n\u00e1pomocn\u00fdmi&#8230;<\/p>\n","protected":false},"author":2,"featured_media":0,"parent":0,"menu_order":0,"comment_status":"closed","ping_status":"closed","template":"","meta":{"footnotes":""},"class_list":["post-15601","page","type-page","status-publish","hentry"],"_links":{"self":[{"href":"https:\/\/odiengroup.com\/cs\/wp-json\/wp\/v2\/pages\/15601","targetHints":{"allow":["GET"]}}],"collection":[{"href":"https:\/\/odiengroup.com\/cs\/wp-json\/wp\/v2\/pages"}],"about":[{"href":"https:\/\/odiengroup.com\/cs\/wp-json\/wp\/v2\/types\/page"}],"author":[{"embeddable":true,"href":"https:\/\/odiengroup.com\/cs\/wp-json\/wp\/v2\/users\/2"}],"replies":[{"embeddable":true,"href":"https:\/\/odiengroup.com\/cs\/wp-json\/wp\/v2\/comments?post=15601"}],"version-history":[{"count":8,"href":"https:\/\/odiengroup.com\/cs\/wp-json\/wp\/v2\/pages\/15601\/revisions"}],"predecessor-version":[{"id":17738,"href":"https:\/\/odiengroup.com\/cs\/wp-json\/wp\/v2\/pages\/15601\/revisions\/17738"}],"wp:attachment":[{"href":"https:\/\/odiengroup.com\/cs\/wp-json\/wp\/v2\/media?parent=15601"}],"curies":[{"name":"wp","href":"https:\/\/api.w.org\/{rel}","templated":true}]}}