{"id":15599,"date":"2017-12-13T17:47:21","date_gmt":"2017-12-13T16:47:21","guid":{"rendered":"http:\/\/odiengroup.com\/?page_id=15599"},"modified":"2026-02-03T16:57:31","modified_gmt":"2026-02-03T15:57:31","slug":"about-us","status":"publish","type":"page","link":"https:\/\/odiengroup.com\/cs\/about-us\/","title":{"rendered":"O n\u00e1s"},"content":{"rendered":"<p>[vc_row css_animation=&#8220;&#8220; row_type=&#8220;row&#8220; use_row_as_full_screen_section=&#8220;no&#8220; type=&#8220;full_width&#8220; angled_section=&#8220;no&#8220; text_align=&#8220;left&#8220; background_image_as_pattern=&#8220;without_pattern&#8220;][vc_column width=&#8220;1\/6&#8243;][\/vc_column][vc_column width=&#8220;2\/3&#8243;][vc_column_text]<\/p>\n<div class=\"wpb_column vc_column_container vc_col-sm-8\">\n<div class=\"vc_column-inner \">\n<div class=\"wpb_wrapper\">\n<div class=\"wpb_text_column wpb_content_element \">\n<div class=\"wpb_wrapper\">\n<h2>O n\u00e1s<\/h2>\n<p>Realitn\u00ed a investi\u010dn\u00ed spole\u010dnost Odien byla Michaelem Saranem zalo\u017eena v roce 2004. Sta\u010dilo n\u011bkolik let a na trz\u00edch st\u0159edn\u00ed a v\u00fdchodn\u00ed Evropy jsme se ve sv\u00e9 sf\u00e9\u0159e stali l\u00eddrem.<\/p>\n<p>Investujeme do velmi kvalitn\u00edch, p\u0159\u00edpadn\u011b perspektivn\u00edch nemovitost\u00ed, do private equity a ve zvl\u00e1\u0161tn\u00edch situac\u00edch. Jsme aktivn\u00ed rovn\u011b\u017e v oblasti distribuce a dod\u00e1vek energi\u00ed dom\u00e1cnostem a podnik\u016fm. V \u010cesk\u00e9 republice, Chorvatsku a Turecku zam\u011bstn\u00e1v\u00e1me v\u00edce ne\u017e 700 pracovn\u00edk\u016f.<\/p>\n<p>Do v\u0161ech transakc\u00ed investujeme vlastn\u00ed kapit\u00e1l a p\u0159\u00edle\u017eitostn\u011b kapit\u00e1l soukrom\u00fdch investor\u016f, se kter\u00fdmi na projektech spolupracujeme tak\u0159ka trvale, respektive v \u0159\u00e1dech let a\u017e desetilet\u00ed. V\u00e1\u017e\u00edme si investor\u016f s dlouhodob\u011bj\u0161\u00edmi investi\u010dn\u00edmi horizonty.<\/p>\n<p>V r\u00e1mci na\u0161\u00ed investi\u010dn\u00ed strategie se sna\u017e\u00edme vyu\u017e\u00edt znalost m\u00edstn\u00edho prost\u0159ed\u00ed, odborn\u00e9 znalosti a zku\u0161enosti, abychom z\u00edskali kvalitn\u00ed, av\u0161ak zat\u00edm nedostate\u010dn\u011b v\u00fdkonn\u00e1 aktiva. Efektivn\u00edmi investicemi, aktivn\u00ed spr\u00e1vou a \u0159\u00edzen\u00edm nabyt\u00fd majetek p\u0159etv\u00e1\u0159\u00edme v dlouhodob\u00fd spolehliv\u00fd zdroj st\u00e1le rostouc\u00edch hodnot.<\/p>\n<p>Za jednu z na\u0161ich z\u00e1kladn\u00edch hodnot pova\u017eujeme spole\u010denskou odpov\u011bdnost. Aktivn\u011b podporujeme na\u0161e komunity skrze nadaci Sport2Life, kter\u00e1 motivuje na\u0161e d\u011bti, aby se zapojily do sportu a venkovn\u00edch \u010dinnost\u00ed od \u00fatl\u00e9ho d\u011btstv\u00ed. Po\u0159\u00e1d\u00e1me pro ratolesti nejr\u016fzn\u011bj\u0161\u00ed programy a ud\u00e1losti.<\/p>\n<\/div>\n<\/div>\n<\/div>\n<\/div>\n<\/div>\n<p>[\/vc_column_text][\/vc_column][vc_column width=&#8220;1\/6&#8243;][\/vc_column][\/vc_row]<\/p>\n","protected":false},"excerpt":{"rendered":"<p>[vc_row css_animation=&#8220;&#8220; row_type=&#8220;row&#8220; use_row_as_full_screen_section=&#8220;no&#8220; type=&#8220;full_width&#8220; angled_section=&#8220;no&#8220; text_align=&#8220;left&#8220; background_image_as_pattern=&#8220;without_pattern&#8220;][vc_column width=&#8220;1\/6&#8243;][\/vc_column][vc_column width=&#8220;2\/3&#8243;][vc_column_text] O n\u00e1s Realitn\u00ed a investi\u010dn\u00ed spole\u010dnost Odien byla Michaelem Saranem zalo\u017eena v roce 2004. Sta\u010dilo n\u011bkolik let a na trz\u00edch st\u0159edn\u00ed a v\u00fdchodn\u00ed Evropy jsme se ve sv\u00e9 sf\u00e9\u0159e stali l\u00eddrem. Investujeme do velmi kvalitn\u00edch,&#8230;<\/p>\n","protected":false},"author":2,"featured_media":0,"parent":0,"menu_order":0,"comment_status":"closed","ping_status":"closed","template":"","meta":{"footnotes":""},"class_list":["post-15599","page","type-page","status-publish","hentry"],"_links":{"self":[{"href":"https:\/\/odiengroup.com\/cs\/wp-json\/wp\/v2\/pages\/15599","targetHints":{"allow":["GET"]}}],"collection":[{"href":"https:\/\/odiengroup.com\/cs\/wp-json\/wp\/v2\/pages"}],"about":[{"href":"https:\/\/odiengroup.com\/cs\/wp-json\/wp\/v2\/types\/page"}],"author":[{"embeddable":true,"href":"https:\/\/odiengroup.com\/cs\/wp-json\/wp\/v2\/users\/2"}],"replies":[{"embeddable":true,"href":"https:\/\/odiengroup.com\/cs\/wp-json\/wp\/v2\/comments?post=15599"}],"version-history":[{"count":4,"href":"https:\/\/odiengroup.com\/cs\/wp-json\/wp\/v2\/pages\/15599\/revisions"}],"predecessor-version":[{"id":17584,"href":"https:\/\/odiengroup.com\/cs\/wp-json\/wp\/v2\/pages\/15599\/revisions\/17584"}],"wp:attachment":[{"href":"https:\/\/odiengroup.com\/cs\/wp-json\/wp\/v2\/media?parent=15599"}],"curies":[{"name":"wp","href":"https:\/\/api.w.org\/{rel}","templated":true}]}}