{"id":15569,"date":"2017-12-13T16:43:38","date_gmt":"2017-12-13T15:43:38","guid":{"rendered":"http:\/\/odiengroup.com\/?page_id=15569"},"modified":"2026-04-10T10:16:51","modified_gmt":"2026-04-10T08:16:51","slug":"kontakt","status":"publish","type":"page","link":"https:\/\/odiengroup.com\/cs\/kontakt\/","title":{"rendered":"Kontakt"},"content":{"rendered":"<p>[vc_row css_animation=&#8220;&#8220; row_type=&#8220;row&#8220; use_row_as_full_screen_section=&#8220;no&#8220; type=&#8220;full_width&#8220; angled_section=&#8220;no&#8220; text_align=&#8220;left&#8220; background_image_as_pattern=&#8220;without_pattern&#8220;][vc_column][vc_column_text]<\/p>\n<div style=\"width: 220px; margin: 0px auto;\">\n<h2 style=\"text-align: center;\">ODIEN<\/h2>\n<p style=\"text-align: center;\">Loret\u00e1nsk\u00e9 n\u00e1m\u011bst\u00ed 109\/3<br \/>\n118 00 Prague 1<br \/>\nCzech Republic<\/p>\n<p style=\"text-align: center;\">E: <a href=\"mailto:prague@odiengroup.com\">prague@odiengroup.com<\/a><\/p>\n<p style=\"text-align: center;\">M\u00e9dia: <a href=\"mailto:media@odien.cz\">media@odien.cz<\/a><br \/>\nT: <a href=\"tel:+420233085490\">+420 233 085 490<\/a><\/p>\n<\/div>\n<p>[\/vc_column_text][\/vc_column][\/vc_row][vc_row css_animation=&#8220;&#8220; row_type=&#8220;row&#8220; use_row_as_full_screen_section=&#8220;no&#8220; type=&#8220;full_width&#8220; angled_section=&#8220;no&#8220; text_align=&#8220;left&#8220; background_image_as_pattern=&#8220;without_pattern&#8220;][vc_column][vc_empty_space][vc_gmaps link=&#8220;#E-8_JTNDaWZyYW1lJTIwc3JjJTNEJTIyaHR0cHMlM0ElMkYlMkZ3d3cuZ29vZ2xlLmNvbSUyRm1hcHMlMkZlbWJlZCUzRnBiJTNEJTIxMW0xOCUyMTFtMTIlMjExbTMlMjExZDI1NTkuOTA1NDMzNTMwMDkwMiUyMTJkMTQuMzg4OTc5NjE1NDI0MTgyJTIxM2Q1MC4wODgwNTczNzk0MjcwNTYlMjEybTMlMjExZjAlMjEyZjAlMjEzZjAlMjEzbTIlMjExaTEwMjQlMjEyaTc2OCUyMTRmMTMuMSUyMTNtMyUyMTFtMiUyMTFzMHg0NzBiOTUxYmIwMTFiODk1JTI1M0EweDJhNDAyOTA2OGFiMjBhZDklMjEyelRHOXlaWFREb1c1emE4T3BJRzdEb1cwdUlERXdPUzh6TENBeE1UZ2dNREFnVUhKaGFHRWdNUzFJY21Ga3hJMWhibmslMjE1ZTAlMjEzbTIlMjExc2NzJTIxMnNjeiUyMTR2MTUxMzA4MzU2MjcyMSUyMiUyMHdpZHRoJTNEJTIyNjAwJTIyJTIwaGVpZ2h0JTNEJTIyNDUwJTIyJTIwZnJhbWVib3JkZXIlM0QlMjIwJTIyJTIwc3R5bGUlM0QlMjJib3JkZXIlM0EwJTIyJTIwYWxsb3dmdWxsc2NyZWVuJTNFJTNDJTJGaWZyYW1lJTNF&#8220; el_id=&#8220;black-white-map&#8220;][\/vc_column][\/vc_row]<\/p>\n","protected":false},"excerpt":{"rendered":"<p>[vc_row css_animation=&#8220;&#8220; row_type=&#8220;row&#8220; use_row_as_full_screen_section=&#8220;no&#8220; type=&#8220;full_width&#8220; angled_section=&#8220;no&#8220; text_align=&#8220;left&#8220; background_image_as_pattern=&#8220;without_pattern&#8220;][vc_column][vc_column_text] ODIEN Loret\u00e1nsk\u00e9 n\u00e1m\u011bst\u00ed 109\/3 118 00 Prague 1 Czech Republic E: prague@odiengroup.com M\u00e9dia: media@odien.cz T: +420 233 085 490 [\/vc_column_text][\/vc_column][\/vc_row][vc_row css_animation=&#8220;&#8220; row_type=&#8220;row&#8220; use_row_as_full_screen_section=&#8220;no&#8220; type=&#8220;full_width&#8220; angled_section=&#8220;no&#8220; text_align=&#8220;left&#8220; background_image_as_pattern=&#8220;without_pattern&#8220;][vc_column][vc_empty_space][vc_gmaps link=&#8220;#E-8_JTNDaWZyYW1lJTIwc3JjJTNEJTIyaHR0cHMlM0ElMkYlMkZ3d3cuZ29vZ2xlLmNvbSUyRm1hcHMlMkZlbWJlZCUzRnBiJTNEJTIxMW0xOCUyMTFtMTIlMjExbTMlMjExZDI1NTkuOTA1NDMzNTMwMDkwMiUyMTJkMTQuMzg4OTc5NjE1NDI0MTgyJTIxM2Q1MC4wODgwNTczNzk0MjcwNTYlMjEybTMlMjExZjAlMjEyZjAlMjEzZjAlMjEzbTIlMjExaTEwMjQlMjEyaTc2OCUyMTRmMTMuMSUyMTNtMyUyMTFtMiUyMTFzMHg0NzBiOTUxYmIwMTFiODk1JTI1M0EweDJhNDAyOTA2OGFiMjBhZDklMjEyelRHOXlaWFREb1c1emE4T3BJRzdEb1cwdUlERXdPUzh6TENBeE1UZ2dNREFnVUhKaGFHRWdNUzFJY21Ga3hJMWhibmslMjE1ZTAlMjEzbTIlMjExc2NzJTIxMnNjeiUyMTR2MTUxMzA4MzU2MjcyMSUyMiUyMHdpZHRoJTNEJTIyNjAwJTIyJTIwaGVpZ2h0JTNEJTIyNDUwJTIyJTIwZnJhbWVib3JkZXIlM0QlMjIwJTIyJTIwc3R5bGUlM0QlMjJib3JkZXIlM0EwJTIyJTIwYWxsb3dmdWxsc2NyZWVuJTNFJTNDJTJGaWZyYW1lJTNF&#8220; el_id=&#8220;black-white-map&#8220;][\/vc_column][\/vc_row]<\/p>\n","protected":false},"author":1,"featured_media":0,"parent":0,"menu_order":0,"comment_status":"closed","ping_status":"closed","template":"","meta":{"footnotes":""},"class_list":["post-15569","page","type-page","status-publish","hentry"],"_links":{"self":[{"href":"https:\/\/odiengroup.com\/cs\/wp-json\/wp\/v2\/pages\/15569","targetHints":{"allow":["GET"]}}],"collection":[{"href":"https:\/\/odiengroup.com\/cs\/wp-json\/wp\/v2\/pages"}],"about":[{"href":"https:\/\/odiengroup.com\/cs\/wp-json\/wp\/v2\/types\/page"}],"author":[{"embeddable":true,"href":"https:\/\/odiengroup.com\/cs\/wp-json\/wp\/v2\/users\/1"}],"replies":[{"embeddable":true,"href":"https:\/\/odiengroup.com\/cs\/wp-json\/wp\/v2\/comments?post=15569"}],"version-history":[{"count":8,"href":"https:\/\/odiengroup.com\/cs\/wp-json\/wp\/v2\/pages\/15569\/revisions"}],"predecessor-version":[{"id":17655,"href":"https:\/\/odiengroup.com\/cs\/wp-json\/wp\/v2\/pages\/15569\/revisions\/17655"}],"wp:attachment":[{"href":"https:\/\/odiengroup.com\/cs\/wp-json\/wp\/v2\/media?parent=15569"}],"curies":[{"name":"wp","href":"https:\/\/api.w.org\/{rel}","templated":true}]}}