{"id":14990,"date":"2017-12-04T18:02:26","date_gmt":"2017-12-04T17:02:26","guid":{"rendered":"http:\/\/odiengroup.com\/?page_id=14990"},"modified":"2020-10-08T09:02:32","modified_gmt":"2020-10-08T07:02:32","slug":"tomas-ptacek","status":"publish","type":"page","link":"https:\/\/odiengroup.com\/cs\/team\/tomas-ptacek\/","title":{"rendered":"Tom\u00e1\u0161 Pt\u00e1\u010dek"},"content":{"rendered":"<p>[vc_row css_animation=&#8220;&#8220; row_type=&#8220;row&#8220; use_row_as_full_screen_section=&#8220;no&#8220; type=&#8220;full_width&#8220; angled_section=&#8220;no&#8220; text_align=&#8220;left&#8220; background_image_as_pattern=&#8220;without_pattern&#8220;][vc_column width=&#8220;1\/6&#8243;][\/vc_column][vc_column width=&#8220;1\/6&#8243;][vc_single_image image=&#8220;16473&#8243; qode_css_animation=&#8220;&#8220;][\/vc_column][vc_column width=&#8220;1\/2&#8243;][vc_column_text]<\/p>\n<h2><strong>Tom\u00e1\u0161 Pt\u00e1\u010dek, General Counsel <\/strong><\/h2>\n<p>Advok\u00e1t specializuj\u00edc\u00ed se na akvizice a nemovitosti, \u010dlen \u010cesk\u00e9 advok\u00e1tn\u00ed komory. \u0158\u00edd\u00ed vlastn\u00ed pr\u00e1vnick\u00fd t\u00fdm, kter\u00fd skupin\u011b Odien poskytuje komplexn\u00ed pr\u00e1vn\u00ed slu\u017eby.<\/p>\n<p>Tom\u00e1\u0161 Pt\u00e1\u010dek poskytoval pr\u00e1vn\u00ed podporu \u0159ad\u011b reziden\u010dn\u00edch i komer\u010dn\u00edch developersk\u00fdch projekt\u016f, pod\u00edlel na \u0159ad\u011b akvizic a realitn\u00edch transakc\u00ed a m\u00e1 bohat\u00e9 zku\u0161enosti v oblasti soudn\u00edch spor\u016f t\u00fdkaj\u00edc\u00edch se nemovitost\u00ed.<\/p>\n<p>Tom\u00e1\u0161 Pt\u00e1\u010dek je absolventem Pr\u00e1vnick\u00e9 fakulty Univerzity Karlovy v Praze. Plynn\u011b hovo\u0159\u00ed anglicky.[\/vc_column_text][\/vc_column][vc_column width=&#8220;1\/6&#8243;][\/vc_column][\/vc_row]<\/p>\n","protected":false},"excerpt":{"rendered":"<p>[vc_row css_animation=&#8220;&#8220; row_type=&#8220;row&#8220; use_row_as_full_screen_section=&#8220;no&#8220; type=&#8220;full_width&#8220; angled_section=&#8220;no&#8220; text_align=&#8220;left&#8220; background_image_as_pattern=&#8220;without_pattern&#8220;][vc_column width=&#8220;1\/6&#8243;][\/vc_column][vc_column width=&#8220;1\/6&#8243;][vc_single_image image=&#8220;16473&#8243; qode_css_animation=&#8220;&#8220;][\/vc_column][vc_column width=&#8220;1\/2&#8243;][vc_column_text] Tom\u00e1\u0161 Pt\u00e1\u010dek, General Counsel Advok\u00e1t specializuj\u00edc\u00ed se na akvizice a nemovitosti, \u010dlen \u010cesk\u00e9 advok\u00e1tn\u00ed komory. \u0158\u00edd\u00ed vlastn\u00ed pr\u00e1vnick\u00fd t\u00fdm, kter\u00fd skupin\u011b Odien poskytuje komplexn\u00ed pr\u00e1vn\u00ed slu\u017eby. Tom\u00e1\u0161 Pt\u00e1\u010dek poskytoval pr\u00e1vn\u00ed podporu \u0159ad\u011b&#8230;<\/p>\n","protected":false},"author":1,"featured_media":0,"parent":15637,"menu_order":0,"comment_status":"closed","ping_status":"closed","template":"","meta":{"footnotes":""},"class_list":["post-14990","page","type-page","status-publish","hentry"],"_links":{"self":[{"href":"https:\/\/odiengroup.com\/cs\/wp-json\/wp\/v2\/pages\/14990","targetHints":{"allow":["GET"]}}],"collection":[{"href":"https:\/\/odiengroup.com\/cs\/wp-json\/wp\/v2\/pages"}],"about":[{"href":"https:\/\/odiengroup.com\/cs\/wp-json\/wp\/v2\/types\/page"}],"author":[{"embeddable":true,"href":"https:\/\/odiengroup.com\/cs\/wp-json\/wp\/v2\/users\/1"}],"replies":[{"embeddable":true,"href":"https:\/\/odiengroup.com\/cs\/wp-json\/wp\/v2\/comments?post=14990"}],"version-history":[{"count":10,"href":"https:\/\/odiengroup.com\/cs\/wp-json\/wp\/v2\/pages\/14990\/revisions"}],"predecessor-version":[{"id":16534,"href":"https:\/\/odiengroup.com\/cs\/wp-json\/wp\/v2\/pages\/14990\/revisions\/16534"}],"up":[{"embeddable":true,"href":"https:\/\/odiengroup.com\/cs\/wp-json\/wp\/v2\/pages\/15637"}],"wp:attachment":[{"href":"https:\/\/odiengroup.com\/cs\/wp-json\/wp\/v2\/media?parent=14990"}],"curies":[{"name":"wp","href":"https:\/\/api.w.org\/{rel}","templated":true}]}}